{"id":96416,"date":"2026-03-23T08:55:57","date_gmt":"2026-03-23T08:55:57","guid":{"rendered":"https:\/\/shop.verlag.uni-potsdam.de\/shop\/empty-product-container-13\/"},"modified":"2026-03-23T11:56:57","modified_gmt":"2026-03-23T10:56:57","slug":"transformation-auf-der-kommunalen-ebene-ebook","status":"publish","type":"product","link":"https:\/\/shop.verlag.uni-potsdam.de\/en\/shop\/transformation-auf-der-kommunalen-ebene-ebook\/","title":{"rendered":"Transformation auf der kommunalen Ebene"},"content":{"rendered":"<p class=\"qtranxs-available-languages-message qtranxs-available-languages-message-en\">Sorry, this entry is only available in <a href=\"https:\/\/shop.verlag.uni-potsdam.de\/de\/wp-json\/wp\/v2\/product\/96416\" class=\"qtranxs-available-language-link qtranxs-available-language-link-de\" title=\"Deutsch\">Deutsch<\/a>.<\/p><p><span id=\"abstractFull_153099\" class=\"abstractFull\" style=\"\">St\u00e4dte und Gemeinden spielen eine besondere Rolle f\u00fcr globale, gegenw\u00e4rtige und zuk\u00fcnftige Herausforderungen wie die Klima- und Biodiversit\u00e4tskrise. Sie sind zugleich Verursacherinnen von Emissionen und Betroffene von Klimawandelfolgen. Seit den letzten drei Jahrzehnten werden sie verst\u00e4rkt als handlungsrelevante politische Akteure innerhalb der globalen Politik, insbesondere in der Klimapolitik, in Wissenschaft und Praxis wahrgenommen. Denn St\u00e4dten wird eine entscheidende Rolle f\u00fcr den Ausstieg aus der kohlestoffbasierten Energieversorgung und das Erreichen der Klimaneutralit\u00e4tsziele zugeschrieben. Ein zentrales und hochaktuelles Thema innerhalb dieses Strukturwandels beschreibt die Dekarbonisierung der kommunalen Heizsysteme \u2013 die \u201aW\u00e4rmewende\u2018. Zahlreiche St\u00e4dte haben eigeninitiativ mit der Planung f\u00fcr die W\u00e4rmewende begonnen, darunter die Schweizer Stadt Winterthur. Neben W\u00e4rmeplanung versuchen St\u00e4dte und Gemeinden die Transformation durch Smartifizierung und reformierte, flexiblere Verwaltungsstrukturen voranzutreiben, wie zum Beispiel die Brandenburgische Landeshauptstadt Potsdam. Diese unterschiedlichen Beispiele helfen dabei, nicht nur das kommunale Transformationspotenzial, sondern auch die sich abzeichnenden Herausforderungen f\u00fcr St\u00e4dte und Gemeinden in der Transformation abzubilden. Dieser Beitrag f\u00fcr die Reihe KWI-Diskurs stellt die eingeschlagenen Transformationspfade der Stadt Winterthur und der Stadt Potsdam vor und diskutiert die konfrontierten Herausforderungen im Zusammenhang mit dem in Wissenschaft und Praxis postulierten kommunalen Transformationspotenzial.<\/span><\/p>","protected":false},"excerpt":{"rendered":"<p class=\"qtranxs-available-languages-message qtranxs-available-languages-message-en\">Sorry, this entry is only available in <a href=\"https:\/\/shop.verlag.uni-potsdam.de\/de\/wp-json\/wp\/v2\/product\/96416\" class=\"qtranxs-available-language-link qtranxs-available-language-link-de\" title=\"Deutsch\">Deutsch<\/a>.<\/p>\n<p><span id=\"abstractFull_153099\" class=\"abstractFull\" style=\"\">St\u00e4dte und Gemeinden spielen eine besondere Rolle f\u00fcr globale, gegenw\u00e4rtige und zuk\u00fcnftige Herausforderungen wie die Klima- und Biodiversit\u00e4tskrise. Sie sind zugleich Verursacherinnen von Emissionen und Betroffene von Klimawandelfolgen. Seit den letzten drei Jahrzehnten werden sie verst\u00e4rkt als handlungsrelevante politische Akteure innerhalb der globalen Politik, insbesondere in der Klimapolitik, in Wissenschaft und Praxis wahrgenommen. Denn St\u00e4dten wird eine entscheidende Rolle f\u00fcr den Ausstieg aus der kohlestoffbasierten Energieversorgung und das Erreichen der Klimaneutralit\u00e4tsziele zugeschrieben. Ein zentrales und hochaktuelles Thema innerhalb dieses Strukturwandels beschreibt die Dekarbonisierung der kommunalen Heizsysteme \u2013 die \u201aW\u00e4rmewende\u2018. Zahlreiche St\u00e4dte haben eigeninitiativ mit der Planung f\u00fcr die W\u00e4rmewende begonnen, darunter die Schweizer Stadt Winterthur. Neben W\u00e4rmeplanung versuchen St\u00e4dte und Gemeinden die Transformation durch Smartifizierung und reformierte, flexiblere Verwaltungsstrukturen voranzutreiben, wie zum Beispiel die Brandenburgische Landeshauptstadt Potsdam. Diese unterschiedlichen Beispiele helfen dabei, nicht nur das kommunale Transformationspotenzial, sondern auch die sich abzeichnenden Herausforderungen f\u00fcr St\u00e4dte und Gemeinden in der Transformation abzubilden. Dieser Beitrag f\u00fcr die Reihe KWI-Diskurs stellt die eingeschlagenen Transformationspfade der Stadt Winterthur und der Stadt Potsdam vor und diskutiert die konfrontierten Herausforderungen im Zusammenhang mit dem in Wissenschaft und Praxis postulierten kommunalen Transformationspotenzial.<\/span><\/p>\n","protected":false},"featured_media":96417,"template":"","meta":{"_acf_changed":false},"product_brand":[],"product_cat":[6223],"product_tag":[],"class_list":{"0":"post-96416","1":"product","2":"type-product","3":"status-publish","4":"has-post-thumbnail","6":"product_cat-politikwissenschaft-web-kategorie","7":"autor-elisa-kochskaemper","8":"edition-online-only","9":"reihe-kwi-diskurs","11":"first","12":"instock","13":"downloadable","14":"virtual","15":"product-type-simple"},"acf":[],"yoast_head":"<!-- This site is optimized with the Yoast SEO plugin v27.1.1 - https:\/\/yoast.com\/product\/yoast-seo-wordpress\/ -->\n<title>Transformation auf der kommunalen Ebene - Universit\u00e4tsverlag Potsdam<\/title>\n<meta name=\"robots\" content=\"index, follow, max-snippet:-1, max-image-preview:large, max-video-preview:-1\" \/>\n<link rel=\"canonical\" href=\"https:\/\/shop.verlag.uni-potsdam.de\/en\/shop\/transformation-auf-der-kommunalen-ebene-ebook\/\" \/>\n<meta property=\"og:locale\" content=\"en_US\" \/>\n<meta property=\"og:type\" content=\"article\" \/>\n<meta property=\"og:title\" content=\"Transformation auf der kommunalen Ebene - Universit\u00e4tsverlag Potsdam\" \/>\n<meta property=\"og:description\" content=\"St\u00e4dte und Gemeinden spielen eine besondere Rolle f\u00fcr globale, gegenw\u00e4rtige und zuk\u00fcnftige Herausforderungen wie die Klima- und Biodiversit\u00e4tskrise. Sie sind zugleich Verursacherinnen von Emissionen und Betroffene von Klimawandelfolgen. Seit den letzten drei Jahrzehnten werden sie verst\u00e4rkt als handlungsrelevante politische Akteure innerhalb der globalen Politik, insbesondere in der Klimapolitik, in Wissenschaft und Praxis wahrgenommen. Denn St\u00e4dten wird eine entscheidende Rolle f\u00fcr den Ausstieg aus der kohlestoffbasierten Energieversorgung und das Erreichen der Klimaneutralit\u00e4tsziele zugeschrieben. Ein zentrales und hochaktuelles Thema innerhalb dieses Strukturwandels beschreibt die Dekarbonisierung der kommunalen Heizsysteme \u2013 die \u201aW\u00e4rmewende\u2018. Zahlreiche St\u00e4dte haben eigeninitiativ mit der Planung f\u00fcr die W\u00e4rmewende begonnen, darunter die Schweizer Stadt Winterthur. Neben W\u00e4rmeplanung versuchen St\u00e4dte und Gemeinden die Transformation durch Smartifizierung und reformierte, flexiblere Verwaltungsstrukturen voranzutreiben, wie zum Beispiel die Brandenburgische Landeshauptstadt Potsdam. Diese unterschiedlichen Beispiele helfen dabei, nicht nur das kommunale Transformationspotenzial, sondern auch die sich abzeichnenden Herausforderungen f\u00fcr St\u00e4dte und Gemeinden in der Transformation abzubilden. Dieser Beitrag f\u00fcr die Reihe KWI-Diskurs stellt die eingeschlagenen Transformationspfade der Stadt Winterthur und der Stadt Potsdam vor und diskutiert die konfrontierten Herausforderungen im Zusammenhang mit dem in Wissenschaft und Praxis postulierten kommunalen Transformationspotenzial.\" \/>\n<meta property=\"og:url\" content=\"https:\/\/shop.verlag.uni-potsdam.de\/en\/shop\/transformation-auf-der-kommunalen-ebene-ebook\/\" \/>\n<meta property=\"og:site_name\" content=\"Universit\u00e4tsverlag Potsdam\" \/>\n<meta property=\"article:modified_time\" content=\"2026-03-23T10:56:57+00:00\" \/>\n<meta property=\"og:image\" content=\"https:\/\/shop.verlag.uni-potsdam.de\/wp-content\/uploads\/asolmerce\/image-u1_kwid03.png\" \/>\n\t<meta property=\"og:image:width\" content=\"1339\" \/>\n\t<meta property=\"og:image:height\" content=\"1890\" \/>\n\t<meta property=\"og:image:type\" content=\"image\/png\" \/>\n<meta name=\"twitter:card\" content=\"summary_large_image\" \/>\n<meta name=\"twitter:label1\" content=\"Est. reading time\" \/>\n\t<meta name=\"twitter:data1\" content=\"1 minute\" \/>\n<script type=\"application\/ld+json\" class=\"yoast-schema-graph\">{\"@context\":\"https:\/\/schema.org\",\"@graph\":[{\"@type\":\"WebPage\",\"@id\":\"https:\/\/shop.verlag.uni-potsdam.de\/en\/shop\/transformation-auf-der-kommunalen-ebene-ebook\/\",\"url\":\"https:\/\/shop.verlag.uni-potsdam.de\/en\/shop\/transformation-auf-der-kommunalen-ebene-ebook\/\",\"name\":\"Transformation auf der kommunalen Ebene - Universit\u00e4tsverlag Potsdam\",\"isPartOf\":{\"@id\":\"https:\/\/shop.verlag.uni-potsdam.de\/en\/#website\"},\"primaryImageOfPage\":{\"@id\":\"https:\/\/shop.verlag.uni-potsdam.de\/en\/shop\/transformation-auf-der-kommunalen-ebene-ebook\/#primaryimage\"},\"image\":{\"@id\":\"https:\/\/shop.verlag.uni-potsdam.de\/shop\/transformation-auf-der-kommunalen-ebene-ebook\/#primaryimage\"},\"thumbnailUrl\":\"https:\/\/shop.verlag.uni-potsdam.de\/wp-content\/uploads\/asolmerce\/image-u1_kwid03.png\",\"datePublished\":\"2026-03-23T08:55:57+00:00\",\"dateModified\":\"2026-03-23T10:56:57+00:00\",\"breadcrumb\":{\"@id\":\"https:\/\/shop.verlag.uni-potsdam.de\/en\/shop\/transformation-auf-der-kommunalen-ebene-ebook\/#breadcrumb\"},\"inLanguage\":\"en-US\",\"potentialAction\":[{\"@type\":\"ReadAction\",\"target\":[[\"https:\/\/shop.verlag.uni-potsdam.de\/en\/shop\/transformation-auf-der-kommunalen-ebene-ebook\/\"]]}]},{\"@type\":\"ImageObject\",\"inLanguage\":\"en-US\",\"@id\":\"https:\/\/shop.verlag.uni-potsdam.de\/en\/shop\/transformation-auf-der-kommunalen-ebene-ebook\/#primaryimage\",\"url\":\"https:\/\/shop.verlag.uni-potsdam.de\/wp-content\/uploads\/asolmerce\/image-u1_kwid03.png\",\"contentUrl\":\"https:\/\/shop.verlag.uni-potsdam.de\/wp-content\/uploads\/asolmerce\/image-u1_kwid03.png\",\"width\":1339,\"height\":1890},{\"@type\":\"BreadcrumbList\",\"@id\":\"https:\/\/shop.verlag.uni-potsdam.de\/en\/shop\/transformation-auf-der-kommunalen-ebene-ebook\/#breadcrumb\",\"itemListElement\":[{\"@type\":\"ListItem\",\"position\":1,\"name\":\"Startseite\",\"item\":\"https:\/\/shop.verlag.uni-potsdam.de\/en\/\"},{\"@type\":\"ListItem\",\"position\":2,\"name\":\"Shop\",\"item\":\"https:\/\/shop.verlag.uni-potsdam.de\/en\/shop\/\"},{\"@type\":\"ListItem\",\"position\":3,\"name\":\"Transformation auf der kommunalen Ebene\"}]},{\"@type\":\"WebSite\",\"@id\":\"https:\/\/shop.verlag.uni-potsdam.de\/en\/#website\",\"url\":\"https:\/\/shop.verlag.uni-potsdam.de\/en\/\",\"name\":\"Universit\u00e4tsverlag Potsdam\",\"description\":\"\",\"publisher\":{\"@id\":\"https:\/\/shop.verlag.uni-potsdam.de\/en\/#organization\"},\"potentialAction\":[{\"@type\":\"SearchAction\",\"target\":{\"@type\":\"EntryPoint\",\"urlTemplate\":\"https:\/\/shop.verlag.uni-potsdam.de\/en\/?s={search_term_string}\"},\"query-input\":{\"@type\":\"PropertyValueSpecification\",\"valueRequired\":true,\"valueName\":\"search_term_string\"}}],\"inLanguage\":\"en-US\"},{\"@type\":\"Organization\",\"@id\":\"https:\/\/shop.verlag.uni-potsdam.de\/en\/#organization\",\"name\":\"Universit\u00e4tsverlag Potsdam\",\"url\":\"https:\/\/shop.verlag.uni-potsdam.de\/en\/\",\"logo\":{\"@type\":\"ImageObject\",\"inLanguage\":\"en-US\",\"@id\":\"https:\/\/shop.verlag.uni-potsdam.de\/en\/#\/schema\/logo\/image\/\",\"url\":\"https:\/\/shop.verlag.uni-potsdam.de\/wp-content\/uploads\/2017\/04\/up_logo_university_2.png\",\"contentUrl\":\"https:\/\/shop.verlag.uni-potsdam.de\/wp-content\/uploads\/2017\/04\/up_logo_university_2.png\",\"width\":160,\"height\":172,\"caption\":\"Universit\u00e4tsverlag Potsdam\"},\"image\":{\"@id\":\"https:\/\/shop.verlag.uni-potsdam.de\/en\/#\/schema\/logo\/image\/\"}}]}<\/script>\n<!-- \/ Yoast SEO plugin. -->","yoast_head_json":{"title":"Transformation auf der kommunalen Ebene - Universit\u00e4tsverlag Potsdam","robots":{"index":"index","follow":"follow","max-snippet":"max-snippet:-1","max-image-preview":"max-image-preview:large","max-video-preview":"max-video-preview:-1"},"canonical":"https:\/\/shop.verlag.uni-potsdam.de\/en\/shop\/transformation-auf-der-kommunalen-ebene-ebook\/","og_locale":"en_US","og_type":"article","og_title":"Transformation auf der kommunalen Ebene - Universit\u00e4tsverlag Potsdam","og_description":"St\u00e4dte und Gemeinden spielen eine besondere Rolle f\u00fcr globale, gegenw\u00e4rtige und zuk\u00fcnftige Herausforderungen wie die Klima- und Biodiversit\u00e4tskrise. Sie sind zugleich Verursacherinnen von Emissionen und Betroffene von Klimawandelfolgen. Seit den letzten drei Jahrzehnten werden sie verst\u00e4rkt als handlungsrelevante politische Akteure innerhalb der globalen Politik, insbesondere in der Klimapolitik, in Wissenschaft und Praxis wahrgenommen. Denn St\u00e4dten wird eine entscheidende Rolle f\u00fcr den Ausstieg aus der kohlestoffbasierten Energieversorgung und das Erreichen der Klimaneutralit\u00e4tsziele zugeschrieben. Ein zentrales und hochaktuelles Thema innerhalb dieses Strukturwandels beschreibt die Dekarbonisierung der kommunalen Heizsysteme \u2013 die \u201aW\u00e4rmewende\u2018. Zahlreiche St\u00e4dte haben eigeninitiativ mit der Planung f\u00fcr die W\u00e4rmewende begonnen, darunter die Schweizer Stadt Winterthur. Neben W\u00e4rmeplanung versuchen St\u00e4dte und Gemeinden die Transformation durch Smartifizierung und reformierte, flexiblere Verwaltungsstrukturen voranzutreiben, wie zum Beispiel die Brandenburgische Landeshauptstadt Potsdam. Diese unterschiedlichen Beispiele helfen dabei, nicht nur das kommunale Transformationspotenzial, sondern auch die sich abzeichnenden Herausforderungen f\u00fcr St\u00e4dte und Gemeinden in der Transformation abzubilden. Dieser Beitrag f\u00fcr die Reihe KWI-Diskurs stellt die eingeschlagenen Transformationspfade der Stadt Winterthur und der Stadt Potsdam vor und diskutiert die konfrontierten Herausforderungen im Zusammenhang mit dem in Wissenschaft und Praxis postulierten kommunalen Transformationspotenzial.","og_url":"https:\/\/shop.verlag.uni-potsdam.de\/en\/shop\/transformation-auf-der-kommunalen-ebene-ebook\/","og_site_name":"Universit\u00e4tsverlag Potsdam","article_modified_time":"2026-03-23T10:56:57+00:00","og_image":[{"width":1339,"height":1890,"url":"https:\/\/shop.verlag.uni-potsdam.de\/wp-content\/uploads\/asolmerce\/image-u1_kwid03.png","type":"image\/png"}],"twitter_card":"summary_large_image","twitter_misc":{"Est. reading time":"1 minute"},"schema":{"@context":"https:\/\/schema.org","@graph":[{"@type":"WebPage","@id":"https:\/\/shop.verlag.uni-potsdam.de\/en\/shop\/transformation-auf-der-kommunalen-ebene-ebook\/","url":"https:\/\/shop.verlag.uni-potsdam.de\/en\/shop\/transformation-auf-der-kommunalen-ebene-ebook\/","name":"Transformation auf der kommunalen Ebene - Universit\u00e4tsverlag Potsdam","isPartOf":{"@id":"https:\/\/shop.verlag.uni-potsdam.de\/en\/#website"},"primaryImageOfPage":{"@id":"https:\/\/shop.verlag.uni-potsdam.de\/en\/shop\/transformation-auf-der-kommunalen-ebene-ebook\/#primaryimage"},"image":{"@id":"https:\/\/shop.verlag.uni-potsdam.de\/shop\/transformation-auf-der-kommunalen-ebene-ebook\/#primaryimage"},"thumbnailUrl":"https:\/\/shop.verlag.uni-potsdam.de\/wp-content\/uploads\/asolmerce\/image-u1_kwid03.png","datePublished":"2026-03-23T08:55:57+00:00","dateModified":"2026-03-23T10:56:57+00:00","breadcrumb":{"@id":"https:\/\/shop.verlag.uni-potsdam.de\/en\/shop\/transformation-auf-der-kommunalen-ebene-ebook\/#breadcrumb"},"inLanguage":"en-US","potentialAction":[{"@type":"ReadAction","target":[["https:\/\/shop.verlag.uni-potsdam.de\/en\/shop\/transformation-auf-der-kommunalen-ebene-ebook\/"]]}]},{"@type":"ImageObject","inLanguage":"en-US","@id":"https:\/\/shop.verlag.uni-potsdam.de\/en\/shop\/transformation-auf-der-kommunalen-ebene-ebook\/#primaryimage","url":"https:\/\/shop.verlag.uni-potsdam.de\/wp-content\/uploads\/asolmerce\/image-u1_kwid03.png","contentUrl":"https:\/\/shop.verlag.uni-potsdam.de\/wp-content\/uploads\/asolmerce\/image-u1_kwid03.png","width":1339,"height":1890},{"@type":"BreadcrumbList","@id":"https:\/\/shop.verlag.uni-potsdam.de\/en\/shop\/transformation-auf-der-kommunalen-ebene-ebook\/#breadcrumb","itemListElement":[{"@type":"ListItem","position":1,"name":"Startseite","item":"https:\/\/shop.verlag.uni-potsdam.de\/en\/"},{"@type":"ListItem","position":2,"name":"Shop","item":"https:\/\/shop.verlag.uni-potsdam.de\/en\/shop\/"},{"@type":"ListItem","position":3,"name":"Transformation auf der kommunalen Ebene"}]},{"@type":"WebSite","@id":"https:\/\/shop.verlag.uni-potsdam.de\/en\/#website","url":"https:\/\/shop.verlag.uni-potsdam.de\/en\/","name":"Universit\u00e4tsverlag Potsdam","description":"","publisher":{"@id":"https:\/\/shop.verlag.uni-potsdam.de\/en\/#organization"},"potentialAction":[{"@type":"SearchAction","target":{"@type":"EntryPoint","urlTemplate":"https:\/\/shop.verlag.uni-potsdam.de\/en\/?s={search_term_string}"},"query-input":{"@type":"PropertyValueSpecification","valueRequired":true,"valueName":"search_term_string"}}],"inLanguage":"en-US"},{"@type":"Organization","@id":"https:\/\/shop.verlag.uni-potsdam.de\/en\/#organization","name":"Universit\u00e4tsverlag Potsdam","url":"https:\/\/shop.verlag.uni-potsdam.de\/en\/","logo":{"@type":"ImageObject","inLanguage":"en-US","@id":"https:\/\/shop.verlag.uni-potsdam.de\/en\/#\/schema\/logo\/image\/","url":"https:\/\/shop.verlag.uni-potsdam.de\/wp-content\/uploads\/2017\/04\/up_logo_university_2.png","contentUrl":"https:\/\/shop.verlag.uni-potsdam.de\/wp-content\/uploads\/2017\/04\/up_logo_university_2.png","width":160,"height":172,"caption":"Universit\u00e4tsverlag Potsdam"},"image":{"@id":"https:\/\/shop.verlag.uni-potsdam.de\/en\/#\/schema\/logo\/image\/"}}]}},"_links":{"self":[{"href":"https:\/\/shop.verlag.uni-potsdam.de\/en\/wp-json\/wp\/v2\/product\/96416","targetHints":{"allow":["GET"]}}],"collection":[{"href":"https:\/\/shop.verlag.uni-potsdam.de\/en\/wp-json\/wp\/v2\/product"}],"about":[{"href":"https:\/\/shop.verlag.uni-potsdam.de\/en\/wp-json\/wp\/v2\/types\/product"}],"wp:featuredmedia":[{"embeddable":true,"href":"https:\/\/shop.verlag.uni-potsdam.de\/en\/wp-json\/wp\/v2\/media\/96417"}],"wp:attachment":[{"href":"https:\/\/shop.verlag.uni-potsdam.de\/en\/wp-json\/wp\/v2\/media?parent=96416"}],"wp:term":[{"taxonomy":"product_brand","embeddable":true,"href":"https:\/\/shop.verlag.uni-potsdam.de\/en\/wp-json\/wp\/v2\/product_brand?post=96416"},{"taxonomy":"product_cat","embeddable":true,"href":"https:\/\/shop.verlag.uni-potsdam.de\/en\/wp-json\/wp\/v2\/product_cat?post=96416"},{"taxonomy":"product_tag","embeddable":true,"href":"https:\/\/shop.verlag.uni-potsdam.de\/en\/wp-json\/wp\/v2\/product_tag?post=96416"}],"curies":[{"name":"wp","href":"https:\/\/api.w.org\/{rel}","templated":true}]}}