{"id":96426,"date":"2026-03-31T10:01:11","date_gmt":"2026-03-31T10:01:11","guid":{"rendered":"https:\/\/shop.verlag.uni-potsdam.de\/shop\/empty-product-container-21\/"},"modified":"2026-03-31T14:02:11","modified_gmt":"2026-03-31T12:02:11","slug":"alexander-von-humboldt-im-netz-26-2025-50","status":"publish","type":"product","link":"https:\/\/shop.verlag.uni-potsdam.de\/en\/shop\/alexander-von-humboldt-im-netz-26-2025-50\/","title":{"rendered":"Alexander von Humboldt im Netz ; 26 (2025) 50"},"content":{"rendered":"<p class=\"qtranxs-available-languages-message qtranxs-available-languages-message-en\">Sorry, this entry is only available in <a href=\"https:\/\/shop.verlag.uni-potsdam.de\/de\/wp-json\/wp\/v2\/product\/96426\" class=\"qtranxs-available-language-link qtranxs-available-language-link-de\" title=\"Deutsch\">Deutsch<\/a>.<\/p><p><\/p>\n<h3>Aus dem Inhalt:&nbsp;<\/h3>\n<ul>\n<li>Carmen G\u00f6tz: Die Seilbr\u00fccke bei Penipe \u2013 ein neuer Quellenfund zur Geschichte&nbsp;eines Bildes<\/li>\n<\/ul>\n<ul>\n<li>Leopoldo C. Baratto: Brazilian Native useful plants in Humboldt and Bonpland\u2019s travel records and works: biodiversity and traditional knowledge beyond borders<\/li>\n<\/ul>\n<ul>\n<li>Andreas W. Daum: Ambiguity as Principle: Alexander von Humboldt in the Revolution of 1848<\/li>\n<\/ul>\n<ul>\n<li>Bertrand Guest, Anne-Ga\u00eblle Weber: Bridging the Divide between Science and Poetry: The Comparatist Legacy&nbsp;of Alexander von Humboldt<\/li>\n<\/ul>\n<ul>\n<li>Dagmar H\u00fclsenberg, J\u00f3zef Tomasz Juros: Alexander von Humboldts Beurteilung der Solequellen in Slonsk (S\u0142o\u0144sk)&nbsp;an der Weichsel im Jahr 1794, seine Vorschl\u00e4ge und der lange Weg bis zur Errichtung einer Saline<\/li>\n<\/ul>\n<ul>\n<li>Ulrike Leitner: \u201cMy dear, lovely Gabriele!\u02ba Alexander von Humboldt\u2019s correspondence&nbsp;with his niece Gabriele von B\u00fclow&nbsp;<\/li>\n<\/ul>\n<ul>\n<li>Markus Alexander Lenz: A pioneer of Literary Aesthetics? Humboldtian Writing in the Mirror of Modern Ecopoetics<\/li>\n<\/ul>\n<ul>\n<li>LONG Qiyu: Chinesische G\u00e4rten im Kosmos: Die \u00f6stliche Perspektive in Alexander von Humboldts Konzept des Ganzen der Natur<\/li>\n<\/ul>\n<ul>\n<li>Miguel \u00c1ngel Puig-Samper: Alexander von Humboldt, the Spanish crown and Hispanic science<\/li>\n<\/ul>\n<ul>\n<li>Sandra Rebok: Quest for knowledge in a world of politics: Humboldtian Science Diplomacy&nbsp;and its pursuits<\/li>\n<\/ul>\n<ul>\n<li>Ulrich Stottmeister: Der Disput zwischen Gustav Rose und Jean-Baptiste Boussingault zum Silber im Uralgold. Ein Ergebnis der russisch-sibirischen Reise Alexander von Humboldts 1829&nbsp;<\/li>\n<\/ul>\n<ul>\n<li>Michael Zeuske: El \u201cafro\u201d de don Fernando Ortiz y los \u201cafricanos\u201d de Humboldt. \u201cAfro\u201d,&nbsp;\u201c\u00c1frica\u201d, Afro-Latinidad en la historia, memoria y herencia cultural de la Am\u00e9rica ib\u00e9rica y el Caribe<\/li>\n<\/ul>\n<ul>\n<li>Ottmar Ette: \u201eDie zerbrochene Zunge\u201c \u2013 Auszug aus dem noch unver\u00f6ffentlichten Roman<\/li>\n<\/ul>\n<ul>\n<li>Hans-Heinz Emons, Hans-Henning Walter: Alexander von Humboldt und die Gewinnung des Siedesalzes&nbsp;im sp\u00e4ten 18. Jahrhundert<\/li>\n<\/ul>\n<p><\/p>","protected":false},"excerpt":{"rendered":"<p class=\"qtranxs-available-languages-message qtranxs-available-languages-message-en\">Sorry, this entry is only available in <a href=\"https:\/\/shop.verlag.uni-potsdam.de\/de\/wp-json\/wp\/v2\/product\/96426\" class=\"qtranxs-available-language-link qtranxs-available-language-link-de\" title=\"Deutsch\">Deutsch<\/a>.<\/p>\n<h3>Aus dem Inhalt:&nbsp;<\/h3>\n<ul>\n<li>Carmen G\u00f6tz: Die Seilbr\u00fccke bei Penipe \u2013 ein neuer Quellenfund zur Geschichte&nbsp;eines Bildes<\/li>\n<\/ul>\n<ul>\n<li>Leopoldo C. Baratto: Brazilian Native useful plants in Humboldt and Bonpland\u2019s travel records and works: biodiversity and traditional knowledge beyond borders<\/li>\n<\/ul>\n<ul>\n<li>Andreas W. Daum: Ambiguity as Principle: Alexander von Humboldt in the Revolution of 1848<\/li>\n<\/ul>\n<ul>\n<li>Bertrand Guest, Anne-Ga\u00eblle Weber: Bridging the Divide between Science and Poetry: The Comparatist Legacy&nbsp;of Alexander von Humboldt<\/li>\n<\/ul>\n<ul>\n<li>Dagmar H\u00fclsenberg, J\u00f3zef Tomasz Juros: Alexander von Humboldts Beurteilung der Solequellen in Slonsk (S\u0142o\u0144sk)&nbsp;an der Weichsel im Jahr 1794, seine Vorschl\u00e4ge und der lange Weg bis zur Errichtung einer Saline<\/li>\n<\/ul>\n<ul>\n<li>Ulrike Leitner: \u201cMy dear, lovely Gabriele!\u02ba Alexander von Humboldt\u2019s correspondence&nbsp;with his niece Gabriele von B\u00fclow&nbsp;<\/li>\n<\/ul>\n<ul>\n<li>Markus Alexander Lenz: A pioneer of Literary Aesthetics? Humboldtian Writing in the Mirror of Modern Ecopoetics<\/li>\n<\/ul>\n<ul>\n<li>LONG Qiyu: Chinesische G\u00e4rten im Kosmos: Die \u00f6stliche Perspektive in Alexander von Humboldts Konzept des Ganzen der Natur<\/li>\n<\/ul>\n<ul>\n<li>Miguel \u00c1ngel Puig-Samper: Alexander von Humboldt, the Spanish crown and Hispanic science<\/li>\n<\/ul>\n<ul>\n<li>Sandra Rebok: Quest for knowledge in a world of politics: Humboldtian Science Diplomacy&nbsp;and its pursuits<\/li>\n<\/ul>\n<ul>\n<li>Ulrich Stottmeister: Der Disput zwischen Gustav Rose und Jean-Baptiste Boussingault zum Silber im Uralgold. Ein Ergebnis der russisch-sibirischen Reise Alexander von Humboldts 1829&nbsp;<\/li>\n<\/ul>\n<ul>\n<li>Michael Zeuske: El \u201cafro\u201d de don Fernando Ortiz y los \u201cafricanos\u201d de Humboldt. \u201cAfro\u201d,&nbsp;\u201c\u00c1frica\u201d, Afro-Latinidad en la historia, memoria y herencia cultural de la Am\u00e9rica ib\u00e9rica y el Caribe<\/li>\n<\/ul>\n<ul>\n<li>Ottmar Ette: \u201eDie zerbrochene Zunge\u201c \u2013 Auszug aus dem noch unver\u00f6ffentlichten Roman<\/li>\n<\/ul>\n<ul>\n<li>Hans-Heinz Emons, Hans-Henning Walter: Alexander von Humboldt und die Gewinnung des Siedesalzes&nbsp;im sp\u00e4ten 18. Jahrhundert<\/li>\n<\/ul>\n","protected":false},"featured_media":96449,"template":"","meta":{"_acf_changed":false},"product_brand":[],"product_cat":[6207,6219],"product_tag":[],"class_list":{"0":"post-96426","1":"product","2":"type-product","3":"status-publish","4":"has-post-thumbnail","6":"product_cat-geschichte-web-kategorie","7":"product_cat-naturwissenschaften-allgemein-web-kategorie","8":"autor-andreas-w-daum","9":"autor-anne-gaelle-weber","10":"autor-bertrand-guest","11":"autor-goetz-carmen","12":"autor-dagmar-huelsenberg-1","13":"autor-eberhard-knobloch","14":"autor-hans-heinz-emons","15":"autor-hans-henning-walter","16":"autor-juros-jozef-tomasz","17":"autor-leopoldo-c-baratto","18":"autor-markus-alexander-lenz","19":"autor-michael-zeuske","20":"autor-miguel-angel-puig-samper","21":"autor-ottmar-ette","22":"autor-qiyu-long","23":"autor-sandra-rebok","24":"autor-ulrich-stottmeister","25":"autor-ulrike-leitner","26":"zeitschriften-hin-alexander-von-humboldt-im-netz","28":"first","29":"instock","30":"shipping-taxable","31":"purchasable","32":"product-type-simple"},"acf":[],"yoast_head":"<!-- This site is optimized with the Yoast SEO plugin v27.1.1 - https:\/\/yoast.com\/product\/yoast-seo-wordpress\/ -->\n<title>Alexander von Humboldt im Netz ; 26 (2025) 50 - Universit\u00e4tsverlag Potsdam<\/title>\n<meta name=\"robots\" content=\"index, follow, max-snippet:-1, max-image-preview:large, max-video-preview:-1\" \/>\n<link rel=\"canonical\" href=\"https:\/\/shop.verlag.uni-potsdam.de\/en\/shop\/alexander-von-humboldt-im-netz-26-2025-50\/\" \/>\n<meta property=\"og:locale\" content=\"en_US\" \/>\n<meta property=\"og:type\" content=\"article\" \/>\n<meta property=\"og:title\" content=\"Alexander von Humboldt im Netz ; 26 (2025) 50 - Universit\u00e4tsverlag Potsdam\" \/>\n<meta property=\"og:description\" content=\"Aus dem Inhalt:&nbsp;Carmen G\u00f6tz: Die Seilbr\u00fccke bei Penipe \u2013 ein neuer Quellenfund zur Geschichte&nbsp;eines BildesLeopoldo C. Baratto: Brazilian Native useful plants in Humboldt and Bonpland\u2019s travel records and works: biodiversity and traditional knowledge beyond bordersAndreas W. Daum: Ambiguity as Principle: Alexander von Humboldt in the Revolution of 1848Bertrand Guest, Anne-Ga\u00eblle Weber: Bridging the Divide between Science and Poetry: The Comparatist Legacy&nbsp;of Alexander von HumboldtDagmar H\u00fclsenberg, J\u00f3zef Tomasz Juros: Alexander von Humboldts Beurteilung der Solequellen in Slonsk (S\u0142o\u0144sk)&nbsp;an der Weichsel im Jahr 1794, seine Vorschl\u00e4ge und der lange Weg bis zur Errichtung einer SalineUlrike Leitner: \u201cMy dear, lovely Gabriele!\u02ba Alexander von Humboldt\u2019s correspondence&nbsp;with his niece Gabriele von B\u00fclow&nbsp;Markus Alexander Lenz: A pioneer of Literary Aesthetics? Humboldtian Writing in the Mirror of Modern EcopoeticsLONG Qiyu: Chinesische G\u00e4rten im Kosmos: Die \u00f6stliche Perspektive in Alexander von Humboldts Konzept des Ganzen der NaturMiguel \u00c1ngel Puig-Samper: Alexander von Humboldt, the Spanish crown and Hispanic scienceSandra Rebok: Quest for knowledge in a world of politics: Humboldtian Science Diplomacy&nbsp;and its pursuitsUlrich Stottmeister: Der Disput zwischen Gustav Rose und Jean-Baptiste Boussingault zum Silber im Uralgold. Ein Ergebnis der russisch-sibirischen Reise Alexander von Humboldts 1829&nbsp;Michael Zeuske: El \u201cafro\u201d de don Fernando Ortiz y los \u201cafricanos\u201d de Humboldt. \u201cAfro\u201d,&nbsp;\u201c\u00c1frica\u201d, Afro-Latinidad en la historia, memoria y herencia cultural de la Am\u00e9rica ib\u00e9rica y el CaribeOttmar Ette: \u201eDie zerbrochene Zunge\u201c \u2013 Auszug aus dem noch unver\u00f6ffentlichten RomanHans-Heinz Emons, Hans-Henning Walter: Alexander von Humboldt und die Gewinnung des Siedesalzes&nbsp;im sp\u00e4ten 18. Jahrhundert\" \/>\n<meta property=\"og:url\" content=\"https:\/\/shop.verlag.uni-potsdam.de\/en\/shop\/alexander-von-humboldt-im-netz-26-2025-50\/\" \/>\n<meta property=\"og:site_name\" content=\"Universit\u00e4tsverlag Potsdam\" \/>\n<meta property=\"article:modified_time\" content=\"2026-03-31T12:02:11+00:00\" \/>\n<meta property=\"og:image\" content=\"https:\/\/shop.verlag.uni-potsdam.de\/wp-content\/uploads\/asolmerce\/image-u1_hin_50.jpg\" \/>\n\t<meta property=\"og:image:width\" content=\"1810\" \/>\n\t<meta property=\"og:image:height\" content=\"2560\" \/>\n\t<meta property=\"og:image:type\" content=\"image\/jpeg\" \/>\n<meta name=\"twitter:card\" content=\"summary_large_image\" \/>\n<meta name=\"twitter:label1\" content=\"Est. reading time\" \/>\n\t<meta name=\"twitter:data1\" content=\"1 minute\" \/>\n<script type=\"application\/ld+json\" class=\"yoast-schema-graph\">{\"@context\":\"https:\/\/schema.org\",\"@graph\":[{\"@type\":\"WebPage\",\"@id\":\"https:\/\/shop.verlag.uni-potsdam.de\/en\/shop\/alexander-von-humboldt-im-netz-26-2025-50\/\",\"url\":\"https:\/\/shop.verlag.uni-potsdam.de\/en\/shop\/alexander-von-humboldt-im-netz-26-2025-50\/\",\"name\":\"Alexander von Humboldt im Netz ; 26 (2025) 50 - Universit\u00e4tsverlag Potsdam\",\"isPartOf\":{\"@id\":\"https:\/\/shop.verlag.uni-potsdam.de\/en\/#website\"},\"primaryImageOfPage\":{\"@id\":\"https:\/\/shop.verlag.uni-potsdam.de\/en\/shop\/alexander-von-humboldt-im-netz-26-2025-50\/#primaryimage\"},\"image\":{\"@id\":\"https:\/\/shop.verlag.uni-potsdam.de\/shop\/alexander-von-humboldt-im-netz-26-2025-50\/#primaryimage\"},\"thumbnailUrl\":\"https:\/\/shop.verlag.uni-potsdam.de\/wp-content\/uploads\/asolmerce\/image-u1_hin_50.jpg\",\"datePublished\":\"2026-03-31T10:01:11+00:00\",\"dateModified\":\"2026-03-31T12:02:11+00:00\",\"breadcrumb\":{\"@id\":\"https:\/\/shop.verlag.uni-potsdam.de\/en\/shop\/alexander-von-humboldt-im-netz-26-2025-50\/#breadcrumb\"},\"inLanguage\":\"en-US\",\"potentialAction\":[{\"@type\":\"ReadAction\",\"target\":[[\"https:\/\/shop.verlag.uni-potsdam.de\/en\/shop\/alexander-von-humboldt-im-netz-26-2025-50\/\"]]}]},{\"@type\":\"ImageObject\",\"inLanguage\":\"en-US\",\"@id\":\"https:\/\/shop.verlag.uni-potsdam.de\/en\/shop\/alexander-von-humboldt-im-netz-26-2025-50\/#primaryimage\",\"url\":\"https:\/\/shop.verlag.uni-potsdam.de\/wp-content\/uploads\/asolmerce\/image-u1_hin_50.jpg\",\"contentUrl\":\"https:\/\/shop.verlag.uni-potsdam.de\/wp-content\/uploads\/asolmerce\/image-u1_hin_50.jpg\",\"width\":1810,\"height\":2560},{\"@type\":\"BreadcrumbList\",\"@id\":\"https:\/\/shop.verlag.uni-potsdam.de\/en\/shop\/alexander-von-humboldt-im-netz-26-2025-50\/#breadcrumb\",\"itemListElement\":[{\"@type\":\"ListItem\",\"position\":1,\"name\":\"Startseite\",\"item\":\"https:\/\/shop.verlag.uni-potsdam.de\/en\/\"},{\"@type\":\"ListItem\",\"position\":2,\"name\":\"Shop\",\"item\":\"https:\/\/shop.verlag.uni-potsdam.de\/en\/shop\/\"},{\"@type\":\"ListItem\",\"position\":3,\"name\":\"Alexander von Humboldt im Netz ; 26 (2025) 50\"}]},{\"@type\":\"WebSite\",\"@id\":\"https:\/\/shop.verlag.uni-potsdam.de\/en\/#website\",\"url\":\"https:\/\/shop.verlag.uni-potsdam.de\/en\/\",\"name\":\"Universit\u00e4tsverlag Potsdam\",\"description\":\"\",\"publisher\":{\"@id\":\"https:\/\/shop.verlag.uni-potsdam.de\/en\/#organization\"},\"potentialAction\":[{\"@type\":\"SearchAction\",\"target\":{\"@type\":\"EntryPoint\",\"urlTemplate\":\"https:\/\/shop.verlag.uni-potsdam.de\/en\/?s={search_term_string}\"},\"query-input\":{\"@type\":\"PropertyValueSpecification\",\"valueRequired\":true,\"valueName\":\"search_term_string\"}}],\"inLanguage\":\"en-US\"},{\"@type\":\"Organization\",\"@id\":\"https:\/\/shop.verlag.uni-potsdam.de\/en\/#organization\",\"name\":\"Universit\u00e4tsverlag Potsdam\",\"url\":\"https:\/\/shop.verlag.uni-potsdam.de\/en\/\",\"logo\":{\"@type\":\"ImageObject\",\"inLanguage\":\"en-US\",\"@id\":\"https:\/\/shop.verlag.uni-potsdam.de\/en\/#\/schema\/logo\/image\/\",\"url\":\"https:\/\/shop.verlag.uni-potsdam.de\/wp-content\/uploads\/2017\/04\/up_logo_university_2.png\",\"contentUrl\":\"https:\/\/shop.verlag.uni-potsdam.de\/wp-content\/uploads\/2017\/04\/up_logo_university_2.png\",\"width\":160,\"height\":172,\"caption\":\"Universit\u00e4tsverlag Potsdam\"},\"image\":{\"@id\":\"https:\/\/shop.verlag.uni-potsdam.de\/en\/#\/schema\/logo\/image\/\"}}]}<\/script>\n<!-- \/ Yoast SEO plugin. -->","yoast_head_json":{"title":"Alexander von Humboldt im Netz ; 26 (2025) 50 - Universit\u00e4tsverlag Potsdam","robots":{"index":"index","follow":"follow","max-snippet":"max-snippet:-1","max-image-preview":"max-image-preview:large","max-video-preview":"max-video-preview:-1"},"canonical":"https:\/\/shop.verlag.uni-potsdam.de\/en\/shop\/alexander-von-humboldt-im-netz-26-2025-50\/","og_locale":"en_US","og_type":"article","og_title":"Alexander von Humboldt im Netz ; 26 (2025) 50 - Universit\u00e4tsverlag Potsdam","og_description":"Aus dem Inhalt:&nbsp;Carmen G\u00f6tz: Die Seilbr\u00fccke bei Penipe \u2013 ein neuer Quellenfund zur Geschichte&nbsp;eines BildesLeopoldo C. Baratto: Brazilian Native useful plants in Humboldt and Bonpland\u2019s travel records and works: biodiversity and traditional knowledge beyond bordersAndreas W. Daum: Ambiguity as Principle: Alexander von Humboldt in the Revolution of 1848Bertrand Guest, Anne-Ga\u00eblle Weber: Bridging the Divide between Science and Poetry: The Comparatist Legacy&nbsp;of Alexander von HumboldtDagmar H\u00fclsenberg, J\u00f3zef Tomasz Juros: Alexander von Humboldts Beurteilung der Solequellen in Slonsk (S\u0142o\u0144sk)&nbsp;an der Weichsel im Jahr 1794, seine Vorschl\u00e4ge und der lange Weg bis zur Errichtung einer SalineUlrike Leitner: \u201cMy dear, lovely Gabriele!\u02ba Alexander von Humboldt\u2019s correspondence&nbsp;with his niece Gabriele von B\u00fclow&nbsp;Markus Alexander Lenz: A pioneer of Literary Aesthetics? Humboldtian Writing in the Mirror of Modern EcopoeticsLONG Qiyu: Chinesische G\u00e4rten im Kosmos: Die \u00f6stliche Perspektive in Alexander von Humboldts Konzept des Ganzen der NaturMiguel \u00c1ngel Puig-Samper: Alexander von Humboldt, the Spanish crown and Hispanic scienceSandra Rebok: Quest for knowledge in a world of politics: Humboldtian Science Diplomacy&nbsp;and its pursuitsUlrich Stottmeister: Der Disput zwischen Gustav Rose und Jean-Baptiste Boussingault zum Silber im Uralgold. Ein Ergebnis der russisch-sibirischen Reise Alexander von Humboldts 1829&nbsp;Michael Zeuske: El \u201cafro\u201d de don Fernando Ortiz y los \u201cafricanos\u201d de Humboldt. \u201cAfro\u201d,&nbsp;\u201c\u00c1frica\u201d, Afro-Latinidad en la historia, memoria y herencia cultural de la Am\u00e9rica ib\u00e9rica y el CaribeOttmar Ette: \u201eDie zerbrochene Zunge\u201c \u2013 Auszug aus dem noch unver\u00f6ffentlichten RomanHans-Heinz Emons, Hans-Henning Walter: Alexander von Humboldt und die Gewinnung des Siedesalzes&nbsp;im sp\u00e4ten 18. Jahrhundert","og_url":"https:\/\/shop.verlag.uni-potsdam.de\/en\/shop\/alexander-von-humboldt-im-netz-26-2025-50\/","og_site_name":"Universit\u00e4tsverlag Potsdam","article_modified_time":"2026-03-31T12:02:11+00:00","og_image":[{"width":1810,"height":2560,"url":"https:\/\/shop.verlag.uni-potsdam.de\/wp-content\/uploads\/asolmerce\/image-u1_hin_50.jpg","type":"image\/jpeg"}],"twitter_card":"summary_large_image","twitter_misc":{"Est. reading time":"1 minute"},"schema":{"@context":"https:\/\/schema.org","@graph":[{"@type":"WebPage","@id":"https:\/\/shop.verlag.uni-potsdam.de\/en\/shop\/alexander-von-humboldt-im-netz-26-2025-50\/","url":"https:\/\/shop.verlag.uni-potsdam.de\/en\/shop\/alexander-von-humboldt-im-netz-26-2025-50\/","name":"Alexander von Humboldt im Netz ; 26 (2025) 50 - Universit\u00e4tsverlag Potsdam","isPartOf":{"@id":"https:\/\/shop.verlag.uni-potsdam.de\/en\/#website"},"primaryImageOfPage":{"@id":"https:\/\/shop.verlag.uni-potsdam.de\/en\/shop\/alexander-von-humboldt-im-netz-26-2025-50\/#primaryimage"},"image":{"@id":"https:\/\/shop.verlag.uni-potsdam.de\/shop\/alexander-von-humboldt-im-netz-26-2025-50\/#primaryimage"},"thumbnailUrl":"https:\/\/shop.verlag.uni-potsdam.de\/wp-content\/uploads\/asolmerce\/image-u1_hin_50.jpg","datePublished":"2026-03-31T10:01:11+00:00","dateModified":"2026-03-31T12:02:11+00:00","breadcrumb":{"@id":"https:\/\/shop.verlag.uni-potsdam.de\/en\/shop\/alexander-von-humboldt-im-netz-26-2025-50\/#breadcrumb"},"inLanguage":"en-US","potentialAction":[{"@type":"ReadAction","target":[["https:\/\/shop.verlag.uni-potsdam.de\/en\/shop\/alexander-von-humboldt-im-netz-26-2025-50\/"]]}]},{"@type":"ImageObject","inLanguage":"en-US","@id":"https:\/\/shop.verlag.uni-potsdam.de\/en\/shop\/alexander-von-humboldt-im-netz-26-2025-50\/#primaryimage","url":"https:\/\/shop.verlag.uni-potsdam.de\/wp-content\/uploads\/asolmerce\/image-u1_hin_50.jpg","contentUrl":"https:\/\/shop.verlag.uni-potsdam.de\/wp-content\/uploads\/asolmerce\/image-u1_hin_50.jpg","width":1810,"height":2560},{"@type":"BreadcrumbList","@id":"https:\/\/shop.verlag.uni-potsdam.de\/en\/shop\/alexander-von-humboldt-im-netz-26-2025-50\/#breadcrumb","itemListElement":[{"@type":"ListItem","position":1,"name":"Startseite","item":"https:\/\/shop.verlag.uni-potsdam.de\/en\/"},{"@type":"ListItem","position":2,"name":"Shop","item":"https:\/\/shop.verlag.uni-potsdam.de\/en\/shop\/"},{"@type":"ListItem","position":3,"name":"Alexander von Humboldt im Netz ; 26 (2025) 50"}]},{"@type":"WebSite","@id":"https:\/\/shop.verlag.uni-potsdam.de\/en\/#website","url":"https:\/\/shop.verlag.uni-potsdam.de\/en\/","name":"Universit\u00e4tsverlag Potsdam","description":"","publisher":{"@id":"https:\/\/shop.verlag.uni-potsdam.de\/en\/#organization"},"potentialAction":[{"@type":"SearchAction","target":{"@type":"EntryPoint","urlTemplate":"https:\/\/shop.verlag.uni-potsdam.de\/en\/?s={search_term_string}"},"query-input":{"@type":"PropertyValueSpecification","valueRequired":true,"valueName":"search_term_string"}}],"inLanguage":"en-US"},{"@type":"Organization","@id":"https:\/\/shop.verlag.uni-potsdam.de\/en\/#organization","name":"Universit\u00e4tsverlag Potsdam","url":"https:\/\/shop.verlag.uni-potsdam.de\/en\/","logo":{"@type":"ImageObject","inLanguage":"en-US","@id":"https:\/\/shop.verlag.uni-potsdam.de\/en\/#\/schema\/logo\/image\/","url":"https:\/\/shop.verlag.uni-potsdam.de\/wp-content\/uploads\/2017\/04\/up_logo_university_2.png","contentUrl":"https:\/\/shop.verlag.uni-potsdam.de\/wp-content\/uploads\/2017\/04\/up_logo_university_2.png","width":160,"height":172,"caption":"Universit\u00e4tsverlag Potsdam"},"image":{"@id":"https:\/\/shop.verlag.uni-potsdam.de\/en\/#\/schema\/logo\/image\/"}}]}},"_links":{"self":[{"href":"https:\/\/shop.verlag.uni-potsdam.de\/en\/wp-json\/wp\/v2\/product\/96426","targetHints":{"allow":["GET"]}}],"collection":[{"href":"https:\/\/shop.verlag.uni-potsdam.de\/en\/wp-json\/wp\/v2\/product"}],"about":[{"href":"https:\/\/shop.verlag.uni-potsdam.de\/en\/wp-json\/wp\/v2\/types\/product"}],"wp:featuredmedia":[{"embeddable":true,"href":"https:\/\/shop.verlag.uni-potsdam.de\/en\/wp-json\/wp\/v2\/media\/96449"}],"wp:attachment":[{"href":"https:\/\/shop.verlag.uni-potsdam.de\/en\/wp-json\/wp\/v2\/media?parent=96426"}],"wp:term":[{"taxonomy":"product_brand","embeddable":true,"href":"https:\/\/shop.verlag.uni-potsdam.de\/en\/wp-json\/wp\/v2\/product_brand?post=96426"},{"taxonomy":"product_cat","embeddable":true,"href":"https:\/\/shop.verlag.uni-potsdam.de\/en\/wp-json\/wp\/v2\/product_cat?post=96426"},{"taxonomy":"product_tag","embeddable":true,"href":"https:\/\/shop.verlag.uni-potsdam.de\/en\/wp-json\/wp\/v2\/product_tag?post=96426"}],"curies":[{"name":"wp","href":"https:\/\/api.w.org\/{rel}","templated":true}]}}