{"id":96432,"date":"2026-04-27T05:35:19","date_gmt":"2026-04-27T05:35:19","guid":{"rendered":"https:\/\/shop.verlag.uni-potsdam.de\/shop\/empty-product-container-21\/"},"modified":"2026-04-27T09:36:19","modified_gmt":"2026-04-27T07:36:19","slug":"der-schulweg-als-ausserschulischer-lernort-fuer-nachhaltige-mobilitaet","status":"publish","type":"product","link":"https:\/\/shop.verlag.uni-potsdam.de\/en\/shop\/der-schulweg-als-ausserschulischer-lernort-fuer-nachhaltige-mobilitaet\/","title":{"rendered":"Der Schulweg als au\u00dferschulischer Lernort f\u00fcr nachhaltige Mobilit\u00e4t"},"content":{"rendered":"<p class=\"qtranxs-available-languages-message qtranxs-available-languages-message-en\">Sorry, this entry is only available in <a href=\"https:\/\/shop.verlag.uni-potsdam.de\/de\/wp-json\/wp\/v2\/product\/96432\" class=\"qtranxs-available-language-link qtranxs-available-language-link-de\" title=\"Deutsch\">Deutsch<\/a>.<\/p><p><span id=\"abstractFull_152040\" class=\"abstractFull\" style=\"\">Schulische Mobilit\u00e4tsbildung verfolgt das Ziel, junge Menschen an ihre Rolle als zunehmend eigenst\u00e4ndige Verkehrsteilnehmerinnen und Verkehrsteilnehmer heranzuf\u00fchren und sie dazu zu bef\u00e4higen, sich sicher, gesundheits-, verantwortungs- und umweltbewusst im Stra\u00dfenverkehr zu bewegen sowie an der Entwicklung einer zukunftsf\u00e4higen Mobilit\u00e4t teilzuhaben. In der Grundschule bietet insbesondere der Sachunterricht vielseitige Gelegenheiten, Mobilit\u00e4tsbildung umzusetzen und sich im Kontext der Bildung f\u00fcr nachhaltige Entwicklung (BNE) mit den vielf\u00e4ltigen Fragen und Herausforderungen einer zukunftsf\u00e4higen Mobilit\u00e4t auseinanderzusetzen. Insbesondere die Einbindung des Schulwegs als au\u00dferschulischer Lernort kann in diesem Zusammenhang einen motivierenden, lebensweltnahen und zugleich bildungswirksamen Zugang darstellen.<\/p>\n<p>Der auf die schulische Praxis ausgerichtete Band 4 der Potsdamer Beitr\u00e4ge zur Innovation des Sachunterrichts pr\u00e4sentiert einen konzeptionellen Ansatz, wie Mobilit\u00e4tsbildung im Sinne einer ganzheitlichen Bildung f\u00fcr nachhaltige Entwicklung unter Einbeziehung des Schulwegs als au\u00dferschulischer Lernort in der Grundschule und insbesondere im Fach Sachunterricht umgesetzt werden kann. Der Band richtet sich an Lehrkr\u00e4fte des Sachunterrichts und dessen Bezugsf\u00e4cher sowie an alle Leserinnen und Leser, die sich f\u00fcr das Thema interessieren.<\/span><span id=\"abstractThreeDots_152040\" class=\"abstractThreeDots\" style=\"display: none;\"><\/span><\/p>","protected":false},"excerpt":{"rendered":"<p class=\"qtranxs-available-languages-message qtranxs-available-languages-message-en\">Sorry, this entry is only available in <a href=\"https:\/\/shop.verlag.uni-potsdam.de\/de\/wp-json\/wp\/v2\/product\/96432\" class=\"qtranxs-available-language-link qtranxs-available-language-link-de\" title=\"Deutsch\">Deutsch<\/a>.<\/p>\n<p><span id=\"abstractFull_152040\" class=\"abstractFull\" style=\"\">Schulische Mobilit\u00e4tsbildung verfolgt das Ziel, junge Menschen an ihre Rolle als zunehmend eigenst\u00e4ndige Verkehrsteilnehmerinnen und Verkehrsteilnehmer heranzuf\u00fchren und sie dazu zu bef\u00e4higen, sich sicher, gesundheits-, verantwortungs- und umweltbewusst im Stra\u00dfenverkehr zu bewegen sowie an der Entwicklung einer zukunftsf\u00e4higen Mobilit\u00e4t teilzuhaben. In der Grundschule bietet insbesondere der Sachunterricht vielseitige Gelegenheiten, Mobilit\u00e4tsbildung umzusetzen und sich im Kontext der Bildung f\u00fcr nachhaltige Entwicklung (BNE) mit den vielf\u00e4ltigen Fragen und Herausforderungen einer zukunftsf\u00e4higen Mobilit\u00e4t auseinanderzusetzen. Insbesondere die Einbindung des Schulwegs als au\u00dferschulischer Lernort kann in diesem Zusammenhang einen motivierenden, lebensweltnahen und zugleich bildungswirksamen Zugang darstellen.<\/p>\n<p>Der auf die schulische Praxis ausgerichtete Band 4 der Potsdamer Beitr\u00e4ge zur Innovation des Sachunterrichts pr\u00e4sentiert einen konzeptionellen Ansatz, wie Mobilit\u00e4tsbildung im Sinne einer ganzheitlichen Bildung f\u00fcr nachhaltige Entwicklung unter Einbeziehung des Schulwegs als au\u00dferschulischer Lernort in der Grundschule und insbesondere im Fach Sachunterricht umgesetzt werden kann. Der Band richtet sich an Lehrkr\u00e4fte des Sachunterrichts und dessen Bezugsf\u00e4cher sowie an alle Leserinnen und Leser, die sich f\u00fcr das Thema interessieren.<\/span><span id=\"abstractThreeDots_152040\" class=\"abstractThreeDots\" style=\"display: none;\"><\/span><\/p>\n","protected":false},"featured_media":96469,"template":"","meta":{"_acf_changed":false},"product_brand":[],"product_cat":[6220],"product_tag":[7268],"class_list":{"0":"post-96432","1":"product","2":"type-product","3":"status-publish","4":"has-post-thumbnail","6":"product_cat-paedagogik-web-kategorie","7":"product_tag-bildung-fuer-nachhaltige-entwicklung-bne-mobilitaet-sachunterricht-schulweg-ausserschulischer-lernort","8":"autor-franziska-schneider","9":"reihe-potsdamer-beitraege-zur-innovation-des-sachunterrichts","11":"first","12":"instock","13":"shipping-taxable","14":"purchasable","15":"product-type-simple"},"acf":[],"yoast_head":"<!-- This site is optimized with the Yoast SEO plugin v27.1.1 - https:\/\/yoast.com\/product\/yoast-seo-wordpress\/ -->\n<title>Der Schulweg als au\u00dferschulischer Lernort f\u00fcr nachhaltige Mobilit\u00e4t - Universit\u00e4tsverlag Potsdam<\/title>\n<meta name=\"robots\" content=\"index, follow, max-snippet:-1, max-image-preview:large, max-video-preview:-1\" \/>\n<link rel=\"canonical\" href=\"https:\/\/shop.verlag.uni-potsdam.de\/en\/shop\/der-schulweg-als-ausserschulischer-lernort-fuer-nachhaltige-mobilitaet\/\" \/>\n<meta property=\"og:locale\" content=\"en_US\" \/>\n<meta property=\"og:type\" content=\"article\" \/>\n<meta property=\"og:title\" content=\"Der Schulweg als au\u00dferschulischer Lernort f\u00fcr nachhaltige Mobilit\u00e4t - Universit\u00e4tsverlag Potsdam\" \/>\n<meta property=\"og:description\" content=\"Schulische Mobilit\u00e4tsbildung verfolgt das Ziel, junge Menschen an ihre Rolle als zunehmend eigenst\u00e4ndige Verkehrsteilnehmerinnen und Verkehrsteilnehmer heranzuf\u00fchren und sie dazu zu bef\u00e4higen, sich sicher, gesundheits-, verantwortungs- und umweltbewusst im Stra\u00dfenverkehr zu bewegen sowie an der Entwicklung einer zukunftsf\u00e4higen Mobilit\u00e4t teilzuhaben. In der Grundschule bietet insbesondere der Sachunterricht vielseitige Gelegenheiten, Mobilit\u00e4tsbildung umzusetzen und sich im Kontext der Bildung f\u00fcr nachhaltige Entwicklung (BNE) mit den vielf\u00e4ltigen Fragen und Herausforderungen einer zukunftsf\u00e4higen Mobilit\u00e4t auseinanderzusetzen. Insbesondere die Einbindung des Schulwegs als au\u00dferschulischer Lernort kann in diesem Zusammenhang einen motivierenden, lebensweltnahen und zugleich bildungswirksamen Zugang darstellen.Der auf die schulische Praxis ausgerichtete Band 4 der Potsdamer Beitr\u00e4ge zur Innovation des Sachunterrichts pr\u00e4sentiert einen konzeptionellen Ansatz, wie Mobilit\u00e4tsbildung im Sinne einer ganzheitlichen Bildung f\u00fcr nachhaltige Entwicklung unter Einbeziehung des Schulwegs als au\u00dferschulischer Lernort in der Grundschule und insbesondere im Fach Sachunterricht umgesetzt werden kann. Der Band richtet sich an Lehrkr\u00e4fte des Sachunterrichts und dessen Bezugsf\u00e4cher sowie an alle Leserinnen und Leser, die sich f\u00fcr das Thema interessieren.\" \/>\n<meta property=\"og:url\" content=\"https:\/\/shop.verlag.uni-potsdam.de\/en\/shop\/der-schulweg-als-ausserschulischer-lernort-fuer-nachhaltige-mobilitaet\/\" \/>\n<meta property=\"og:site_name\" content=\"Universit\u00e4tsverlag Potsdam\" \/>\n<meta property=\"article:modified_time\" content=\"2026-04-27T07:36:19+00:00\" \/>\n<meta property=\"og:image\" content=\"https:\/\/shop.verlag.uni-potsdam.de\/wp-content\/uploads\/asolmerce\/image-u1_978-3-86956-595-8.jpg\" \/>\n\t<meta property=\"og:image:width\" content=\"1813\" \/>\n\t<meta property=\"og:image:height\" content=\"2560\" \/>\n\t<meta property=\"og:image:type\" content=\"image\/jpeg\" \/>\n<meta name=\"twitter:card\" content=\"summary_large_image\" \/>\n<meta name=\"twitter:label1\" content=\"Est. reading time\" \/>\n\t<meta name=\"twitter:data1\" content=\"1 minute\" \/>\n<script type=\"application\/ld+json\" class=\"yoast-schema-graph\">{\"@context\":\"https:\/\/schema.org\",\"@graph\":[{\"@type\":\"WebPage\",\"@id\":\"https:\/\/shop.verlag.uni-potsdam.de\/en\/shop\/der-schulweg-als-ausserschulischer-lernort-fuer-nachhaltige-mobilitaet\/\",\"url\":\"https:\/\/shop.verlag.uni-potsdam.de\/en\/shop\/der-schulweg-als-ausserschulischer-lernort-fuer-nachhaltige-mobilitaet\/\",\"name\":\"Der Schulweg als au\u00dferschulischer Lernort f\u00fcr nachhaltige Mobilit\u00e4t - Universit\u00e4tsverlag Potsdam\",\"isPartOf\":{\"@id\":\"https:\/\/shop.verlag.uni-potsdam.de\/en\/#website\"},\"primaryImageOfPage\":{\"@id\":\"https:\/\/shop.verlag.uni-potsdam.de\/en\/shop\/der-schulweg-als-ausserschulischer-lernort-fuer-nachhaltige-mobilitaet\/#primaryimage\"},\"image\":{\"@id\":\"https:\/\/shop.verlag.uni-potsdam.de\/shop\/der-schulweg-als-ausserschulischer-lernort-fuer-nachhaltige-mobilitaet\/#primaryimage\"},\"thumbnailUrl\":\"https:\/\/shop.verlag.uni-potsdam.de\/wp-content\/uploads\/asolmerce\/image-u1_978-3-86956-595-8.jpg\",\"datePublished\":\"2026-04-27T05:35:19+00:00\",\"dateModified\":\"2026-04-27T07:36:19+00:00\",\"breadcrumb\":{\"@id\":\"https:\/\/shop.verlag.uni-potsdam.de\/en\/shop\/der-schulweg-als-ausserschulischer-lernort-fuer-nachhaltige-mobilitaet\/#breadcrumb\"},\"inLanguage\":\"en-US\",\"potentialAction\":[{\"@type\":\"ReadAction\",\"target\":[[\"https:\/\/shop.verlag.uni-potsdam.de\/en\/shop\/der-schulweg-als-ausserschulischer-lernort-fuer-nachhaltige-mobilitaet\/\"]]}]},{\"@type\":\"ImageObject\",\"inLanguage\":\"en-US\",\"@id\":\"https:\/\/shop.verlag.uni-potsdam.de\/en\/shop\/der-schulweg-als-ausserschulischer-lernort-fuer-nachhaltige-mobilitaet\/#primaryimage\",\"url\":\"https:\/\/shop.verlag.uni-potsdam.de\/wp-content\/uploads\/asolmerce\/image-u1_978-3-86956-595-8.jpg\",\"contentUrl\":\"https:\/\/shop.verlag.uni-potsdam.de\/wp-content\/uploads\/asolmerce\/image-u1_978-3-86956-595-8.jpg\",\"width\":1813,\"height\":2560},{\"@type\":\"BreadcrumbList\",\"@id\":\"https:\/\/shop.verlag.uni-potsdam.de\/en\/shop\/der-schulweg-als-ausserschulischer-lernort-fuer-nachhaltige-mobilitaet\/#breadcrumb\",\"itemListElement\":[{\"@type\":\"ListItem\",\"position\":1,\"name\":\"Startseite\",\"item\":\"https:\/\/shop.verlag.uni-potsdam.de\/en\/\"},{\"@type\":\"ListItem\",\"position\":2,\"name\":\"Shop\",\"item\":\"https:\/\/shop.verlag.uni-potsdam.de\/en\/shop\/\"},{\"@type\":\"ListItem\",\"position\":3,\"name\":\"Der Schulweg als au\u00dferschulischer Lernort f\u00fcr nachhaltige Mobilit\u00e4t\"}]},{\"@type\":\"WebSite\",\"@id\":\"https:\/\/shop.verlag.uni-potsdam.de\/en\/#website\",\"url\":\"https:\/\/shop.verlag.uni-potsdam.de\/en\/\",\"name\":\"Universit\u00e4tsverlag Potsdam\",\"description\":\"\",\"publisher\":{\"@id\":\"https:\/\/shop.verlag.uni-potsdam.de\/en\/#organization\"},\"potentialAction\":[{\"@type\":\"SearchAction\",\"target\":{\"@type\":\"EntryPoint\",\"urlTemplate\":\"https:\/\/shop.verlag.uni-potsdam.de\/en\/?s={search_term_string}\"},\"query-input\":{\"@type\":\"PropertyValueSpecification\",\"valueRequired\":true,\"valueName\":\"search_term_string\"}}],\"inLanguage\":\"en-US\"},{\"@type\":\"Organization\",\"@id\":\"https:\/\/shop.verlag.uni-potsdam.de\/en\/#organization\",\"name\":\"Universit\u00e4tsverlag Potsdam\",\"url\":\"https:\/\/shop.verlag.uni-potsdam.de\/en\/\",\"logo\":{\"@type\":\"ImageObject\",\"inLanguage\":\"en-US\",\"@id\":\"https:\/\/shop.verlag.uni-potsdam.de\/en\/#\/schema\/logo\/image\/\",\"url\":\"https:\/\/shop.verlag.uni-potsdam.de\/wp-content\/uploads\/2017\/04\/up_logo_university_2.png\",\"contentUrl\":\"https:\/\/shop.verlag.uni-potsdam.de\/wp-content\/uploads\/2017\/04\/up_logo_university_2.png\",\"width\":160,\"height\":172,\"caption\":\"Universit\u00e4tsverlag Potsdam\"},\"image\":{\"@id\":\"https:\/\/shop.verlag.uni-potsdam.de\/en\/#\/schema\/logo\/image\/\"}}]}<\/script>\n<!-- \/ Yoast SEO plugin. -->","yoast_head_json":{"title":"Der Schulweg als au\u00dferschulischer Lernort f\u00fcr nachhaltige Mobilit\u00e4t - Universit\u00e4tsverlag Potsdam","robots":{"index":"index","follow":"follow","max-snippet":"max-snippet:-1","max-image-preview":"max-image-preview:large","max-video-preview":"max-video-preview:-1"},"canonical":"https:\/\/shop.verlag.uni-potsdam.de\/en\/shop\/der-schulweg-als-ausserschulischer-lernort-fuer-nachhaltige-mobilitaet\/","og_locale":"en_US","og_type":"article","og_title":"Der Schulweg als au\u00dferschulischer Lernort f\u00fcr nachhaltige Mobilit\u00e4t - Universit\u00e4tsverlag Potsdam","og_description":"Schulische Mobilit\u00e4tsbildung verfolgt das Ziel, junge Menschen an ihre Rolle als zunehmend eigenst\u00e4ndige Verkehrsteilnehmerinnen und Verkehrsteilnehmer heranzuf\u00fchren und sie dazu zu bef\u00e4higen, sich sicher, gesundheits-, verantwortungs- und umweltbewusst im Stra\u00dfenverkehr zu bewegen sowie an der Entwicklung einer zukunftsf\u00e4higen Mobilit\u00e4t teilzuhaben. In der Grundschule bietet insbesondere der Sachunterricht vielseitige Gelegenheiten, Mobilit\u00e4tsbildung umzusetzen und sich im Kontext der Bildung f\u00fcr nachhaltige Entwicklung (BNE) mit den vielf\u00e4ltigen Fragen und Herausforderungen einer zukunftsf\u00e4higen Mobilit\u00e4t auseinanderzusetzen. Insbesondere die Einbindung des Schulwegs als au\u00dferschulischer Lernort kann in diesem Zusammenhang einen motivierenden, lebensweltnahen und zugleich bildungswirksamen Zugang darstellen.Der auf die schulische Praxis ausgerichtete Band 4 der Potsdamer Beitr\u00e4ge zur Innovation des Sachunterrichts pr\u00e4sentiert einen konzeptionellen Ansatz, wie Mobilit\u00e4tsbildung im Sinne einer ganzheitlichen Bildung f\u00fcr nachhaltige Entwicklung unter Einbeziehung des Schulwegs als au\u00dferschulischer Lernort in der Grundschule und insbesondere im Fach Sachunterricht umgesetzt werden kann. Der Band richtet sich an Lehrkr\u00e4fte des Sachunterrichts und dessen Bezugsf\u00e4cher sowie an alle Leserinnen und Leser, die sich f\u00fcr das Thema interessieren.","og_url":"https:\/\/shop.verlag.uni-potsdam.de\/en\/shop\/der-schulweg-als-ausserschulischer-lernort-fuer-nachhaltige-mobilitaet\/","og_site_name":"Universit\u00e4tsverlag Potsdam","article_modified_time":"2026-04-27T07:36:19+00:00","og_image":[{"width":1813,"height":2560,"url":"https:\/\/shop.verlag.uni-potsdam.de\/wp-content\/uploads\/asolmerce\/image-u1_978-3-86956-595-8.jpg","type":"image\/jpeg"}],"twitter_card":"summary_large_image","twitter_misc":{"Est. reading time":"1 minute"},"schema":{"@context":"https:\/\/schema.org","@graph":[{"@type":"WebPage","@id":"https:\/\/shop.verlag.uni-potsdam.de\/en\/shop\/der-schulweg-als-ausserschulischer-lernort-fuer-nachhaltige-mobilitaet\/","url":"https:\/\/shop.verlag.uni-potsdam.de\/en\/shop\/der-schulweg-als-ausserschulischer-lernort-fuer-nachhaltige-mobilitaet\/","name":"Der Schulweg als au\u00dferschulischer Lernort f\u00fcr nachhaltige Mobilit\u00e4t - Universit\u00e4tsverlag Potsdam","isPartOf":{"@id":"https:\/\/shop.verlag.uni-potsdam.de\/en\/#website"},"primaryImageOfPage":{"@id":"https:\/\/shop.verlag.uni-potsdam.de\/en\/shop\/der-schulweg-als-ausserschulischer-lernort-fuer-nachhaltige-mobilitaet\/#primaryimage"},"image":{"@id":"https:\/\/shop.verlag.uni-potsdam.de\/shop\/der-schulweg-als-ausserschulischer-lernort-fuer-nachhaltige-mobilitaet\/#primaryimage"},"thumbnailUrl":"https:\/\/shop.verlag.uni-potsdam.de\/wp-content\/uploads\/asolmerce\/image-u1_978-3-86956-595-8.jpg","datePublished":"2026-04-27T05:35:19+00:00","dateModified":"2026-04-27T07:36:19+00:00","breadcrumb":{"@id":"https:\/\/shop.verlag.uni-potsdam.de\/en\/shop\/der-schulweg-als-ausserschulischer-lernort-fuer-nachhaltige-mobilitaet\/#breadcrumb"},"inLanguage":"en-US","potentialAction":[{"@type":"ReadAction","target":[["https:\/\/shop.verlag.uni-potsdam.de\/en\/shop\/der-schulweg-als-ausserschulischer-lernort-fuer-nachhaltige-mobilitaet\/"]]}]},{"@type":"ImageObject","inLanguage":"en-US","@id":"https:\/\/shop.verlag.uni-potsdam.de\/en\/shop\/der-schulweg-als-ausserschulischer-lernort-fuer-nachhaltige-mobilitaet\/#primaryimage","url":"https:\/\/shop.verlag.uni-potsdam.de\/wp-content\/uploads\/asolmerce\/image-u1_978-3-86956-595-8.jpg","contentUrl":"https:\/\/shop.verlag.uni-potsdam.de\/wp-content\/uploads\/asolmerce\/image-u1_978-3-86956-595-8.jpg","width":1813,"height":2560},{"@type":"BreadcrumbList","@id":"https:\/\/shop.verlag.uni-potsdam.de\/en\/shop\/der-schulweg-als-ausserschulischer-lernort-fuer-nachhaltige-mobilitaet\/#breadcrumb","itemListElement":[{"@type":"ListItem","position":1,"name":"Startseite","item":"https:\/\/shop.verlag.uni-potsdam.de\/en\/"},{"@type":"ListItem","position":2,"name":"Shop","item":"https:\/\/shop.verlag.uni-potsdam.de\/en\/shop\/"},{"@type":"ListItem","position":3,"name":"Der Schulweg als au\u00dferschulischer Lernort f\u00fcr nachhaltige Mobilit\u00e4t"}]},{"@type":"WebSite","@id":"https:\/\/shop.verlag.uni-potsdam.de\/en\/#website","url":"https:\/\/shop.verlag.uni-potsdam.de\/en\/","name":"Universit\u00e4tsverlag Potsdam","description":"","publisher":{"@id":"https:\/\/shop.verlag.uni-potsdam.de\/en\/#organization"},"potentialAction":[{"@type":"SearchAction","target":{"@type":"EntryPoint","urlTemplate":"https:\/\/shop.verlag.uni-potsdam.de\/en\/?s={search_term_string}"},"query-input":{"@type":"PropertyValueSpecification","valueRequired":true,"valueName":"search_term_string"}}],"inLanguage":"en-US"},{"@type":"Organization","@id":"https:\/\/shop.verlag.uni-potsdam.de\/en\/#organization","name":"Universit\u00e4tsverlag Potsdam","url":"https:\/\/shop.verlag.uni-potsdam.de\/en\/","logo":{"@type":"ImageObject","inLanguage":"en-US","@id":"https:\/\/shop.verlag.uni-potsdam.de\/en\/#\/schema\/logo\/image\/","url":"https:\/\/shop.verlag.uni-potsdam.de\/wp-content\/uploads\/2017\/04\/up_logo_university_2.png","contentUrl":"https:\/\/shop.verlag.uni-potsdam.de\/wp-content\/uploads\/2017\/04\/up_logo_university_2.png","width":160,"height":172,"caption":"Universit\u00e4tsverlag Potsdam"},"image":{"@id":"https:\/\/shop.verlag.uni-potsdam.de\/en\/#\/schema\/logo\/image\/"}}]}},"_links":{"self":[{"href":"https:\/\/shop.verlag.uni-potsdam.de\/en\/wp-json\/wp\/v2\/product\/96432","targetHints":{"allow":["GET"]}}],"collection":[{"href":"https:\/\/shop.verlag.uni-potsdam.de\/en\/wp-json\/wp\/v2\/product"}],"about":[{"href":"https:\/\/shop.verlag.uni-potsdam.de\/en\/wp-json\/wp\/v2\/types\/product"}],"wp:featuredmedia":[{"embeddable":true,"href":"https:\/\/shop.verlag.uni-potsdam.de\/en\/wp-json\/wp\/v2\/media\/96469"}],"wp:attachment":[{"href":"https:\/\/shop.verlag.uni-potsdam.de\/en\/wp-json\/wp\/v2\/media?parent=96432"}],"wp:term":[{"taxonomy":"product_brand","embeddable":true,"href":"https:\/\/shop.verlag.uni-potsdam.de\/en\/wp-json\/wp\/v2\/product_brand?post=96432"},{"taxonomy":"product_cat","embeddable":true,"href":"https:\/\/shop.verlag.uni-potsdam.de\/en\/wp-json\/wp\/v2\/product_cat?post=96432"},{"taxonomy":"product_tag","embeddable":true,"href":"https:\/\/shop.verlag.uni-potsdam.de\/en\/wp-json\/wp\/v2\/product_tag?post=96432"}],"curies":[{"name":"wp","href":"https:\/\/api.w.org\/{rel}","templated":true}]}}