{"id":96433,"date":"2026-03-23T08:56:01","date_gmt":"2026-03-23T08:56:01","guid":{"rendered":"https:\/\/shop.verlag.uni-potsdam.de\/shop\/empty-product-container-21\/"},"modified":"2026-03-23T11:57:01","modified_gmt":"2026-03-23T10:57:01","slug":"modellkommune-digitales-migrationsmanagement-ebook","status":"publish","type":"product","link":"https:\/\/shop.verlag.uni-potsdam.de\/en\/shop\/modellkommune-digitales-migrationsmanagement-ebook\/","title":{"rendered":"Modellkommune Digitales Migrationsmanagement"},"content":{"rendered":"<p class=\"qtranxs-available-languages-message qtranxs-available-languages-message-en\">Sorry, this entry is only available in <a href=\"https:\/\/shop.verlag.uni-potsdam.de\/de\/wp-json\/wp\/v2\/product\/96433\" class=\"qtranxs-available-language-link qtranxs-available-language-link-de\" title=\"Deutsch\">Deutsch<\/a>.<\/p><p>Die zunehmende Bedeutung der Digitalisierung in der Migrationsverwaltung hat das Ausl\u00e4nderzentralregister (AZR) als zentrales Datensystem f\u00fcr ausl\u00e4nderrechtliche Verfahren in den Fokus ger\u00fcckt. Durch das Gesetz zur Weiterentwicklung des Ausl\u00e4nderzentralregisters (AZRWEG) wurde das AZR zu einem der gr\u00f6\u00dften automatisierten Register der \u00f6ffentlichen Verwaltung in Deutschland ausgebaut. Trotz dieser Modernisierung sind in der Praxis der kommunalen Migrationsverwaltung jedoch erhebliche Defizite und Herausforderungen sichtbar geworden. Dazu geh\u00f6ren ineffiziente, teilweise papierbasierte Kommunikationswege, eine heterogene Fachverfahrenslandschaft und fehlende Schnittstellen zwischen den IT-Systemen der beteiligten Beh\u00f6rden. Diese strukturellen M\u00e4ngel f\u00fchren zu einer schwankenden Datenqualit\u00e4t und erschweren den reibungslosen beh\u00f6rden\u00fcbergreifenden Datenaustausch. Anhand zweier Modellkommunen werden die bestehenden Prozesse, Strukturen und Kommunikationsbeziehungen in der Migrationsverwaltung n\u00e4her untersucht, um die zentralen Hindernisse im digitalen Datenaustausch zu identifizieren und konkrete Handlungsempfehlungen zur Optimierung der Verwaltungsprozesse zu erarbeiten.<\/p>","protected":false},"excerpt":{"rendered":"<p class=\"qtranxs-available-languages-message qtranxs-available-languages-message-en\">Sorry, this entry is only available in <a href=\"https:\/\/shop.verlag.uni-potsdam.de\/de\/wp-json\/wp\/v2\/product\/96433\" class=\"qtranxs-available-language-link qtranxs-available-language-link-de\" title=\"Deutsch\">Deutsch<\/a>.<\/p>\n<p>Die zunehmende Bedeutung der Digitalisierung in der Migrationsverwaltung hat das Ausl\u00e4nderzentralregister (AZR) als zentrales Datensystem f\u00fcr ausl\u00e4nderrechtliche Verfahren in den Fokus ger\u00fcckt. Durch das Gesetz zur Weiterentwicklung des Ausl\u00e4nderzentralregisters (AZRWEG) wurde das AZR zu einem der gr\u00f6\u00dften automatisierten Register der \u00f6ffentlichen Verwaltung in Deutschland ausgebaut. Trotz dieser Modernisierung sind in der Praxis der kommunalen Migrationsverwaltung jedoch erhebliche Defizite und Herausforderungen sichtbar geworden. Dazu geh\u00f6ren ineffiziente, teilweise papierbasierte Kommunikationswege, eine heterogene Fachverfahrenslandschaft und fehlende Schnittstellen zwischen den IT-Systemen der beteiligten Beh\u00f6rden. Diese strukturellen M\u00e4ngel f\u00fchren zu einer schwankenden Datenqualit\u00e4t und erschweren den reibungslosen beh\u00f6rden\u00fcbergreifenden Datenaustausch. Anhand zweier Modellkommunen werden die bestehenden Prozesse, Strukturen und Kommunikationsbeziehungen in der Migrationsverwaltung n\u00e4her untersucht, um die zentralen Hindernisse im digitalen Datenaustausch zu identifizieren und konkrete Handlungsempfehlungen zur Optimierung der Verwaltungsprozesse zu erarbeiten.<\/p>\n","protected":false},"featured_media":96474,"template":"","meta":{"_acf_changed":false},"product_brand":[],"product_cat":[6223],"product_tag":[7270],"class_list":{"0":"post-96433","1":"product","2":"type-product","3":"status-publish","4":"has-post-thumbnail","6":"product_cat-politikwissenschaft-web-kategorie","7":"product_tag-auslaenderzentralregister-migrationsmanagement-migrationsverwaltung","8":"autor-isabella-proeller","9":"autor-jan-paul-adam","10":"autor-liz-marla-wehmeier","11":"autor-sabine-kuhlmann","12":"edition-online-only","14":"first","15":"instock","16":"downloadable","17":"virtual","18":"product-type-simple"},"acf":[],"yoast_head":"<!-- This site is optimized with the Yoast SEO plugin v27.1.1 - https:\/\/yoast.com\/product\/yoast-seo-wordpress\/ -->\n<title>Modellkommune Digitales Migrationsmanagement - Universit\u00e4tsverlag Potsdam<\/title>\n<meta name=\"robots\" content=\"index, follow, max-snippet:-1, max-image-preview:large, max-video-preview:-1\" \/>\n<link rel=\"canonical\" href=\"https:\/\/shop.verlag.uni-potsdam.de\/en\/shop\/modellkommune-digitales-migrationsmanagement-ebook\/\" \/>\n<meta property=\"og:locale\" content=\"en_US\" \/>\n<meta property=\"og:type\" content=\"article\" \/>\n<meta property=\"og:title\" content=\"Modellkommune Digitales Migrationsmanagement - Universit\u00e4tsverlag Potsdam\" \/>\n<meta property=\"og:description\" content=\"Die zunehmende Bedeutung der Digitalisierung in der Migrationsverwaltung hat das Ausl\u00e4nderzentralregister (AZR) als zentrales Datensystem f\u00fcr ausl\u00e4nderrechtliche Verfahren in den Fokus ger\u00fcckt. Durch das Gesetz zur Weiterentwicklung des Ausl\u00e4nderzentralregisters (AZRWEG) wurde das AZR zu einem der gr\u00f6\u00dften automatisierten Register der \u00f6ffentlichen Verwaltung in Deutschland ausgebaut. Trotz dieser Modernisierung sind in der Praxis der kommunalen Migrationsverwaltung jedoch erhebliche Defizite und Herausforderungen sichtbar geworden. Dazu geh\u00f6ren ineffiziente, teilweise papierbasierte Kommunikationswege, eine heterogene Fachverfahrenslandschaft und fehlende Schnittstellen zwischen den IT-Systemen der beteiligten Beh\u00f6rden. Diese strukturellen M\u00e4ngel f\u00fchren zu einer schwankenden Datenqualit\u00e4t und erschweren den reibungslosen beh\u00f6rden\u00fcbergreifenden Datenaustausch. Anhand zweier Modellkommunen werden die bestehenden Prozesse, Strukturen und Kommunikationsbeziehungen in der Migrationsverwaltung n\u00e4her untersucht, um die zentralen Hindernisse im digitalen Datenaustausch zu identifizieren und konkrete Handlungsempfehlungen zur Optimierung der Verwaltungsprozesse zu erarbeiten.\" \/>\n<meta property=\"og:url\" content=\"https:\/\/shop.verlag.uni-potsdam.de\/en\/shop\/modellkommune-digitales-migrationsmanagement-ebook\/\" \/>\n<meta property=\"og:site_name\" content=\"Universit\u00e4tsverlag Potsdam\" \/>\n<meta property=\"article:modified_time\" content=\"2026-03-23T10:57:01+00:00\" \/>\n<meta property=\"og:image\" content=\"https:\/\/shop.verlag.uni-potsdam.de\/wp-content\/uploads\/asolmerce\/image-u1_kwi-diskurs_04.jpg\" \/>\n\t<meta property=\"og:image:width\" content=\"1339\" \/>\n\t<meta property=\"og:image:height\" content=\"1890\" \/>\n\t<meta property=\"og:image:type\" content=\"image\/jpeg\" \/>\n<meta name=\"twitter:card\" content=\"summary_large_image\" \/>\n<meta name=\"twitter:label1\" content=\"Est. reading time\" \/>\n\t<meta name=\"twitter:data1\" content=\"1 minute\" \/>\n<script type=\"application\/ld+json\" class=\"yoast-schema-graph\">{\"@context\":\"https:\/\/schema.org\",\"@graph\":[{\"@type\":\"WebPage\",\"@id\":\"https:\/\/shop.verlag.uni-potsdam.de\/en\/shop\/modellkommune-digitales-migrationsmanagement-ebook\/\",\"url\":\"https:\/\/shop.verlag.uni-potsdam.de\/en\/shop\/modellkommune-digitales-migrationsmanagement-ebook\/\",\"name\":\"Modellkommune Digitales Migrationsmanagement - Universit\u00e4tsverlag Potsdam\",\"isPartOf\":{\"@id\":\"https:\/\/shop.verlag.uni-potsdam.de\/en\/#website\"},\"primaryImageOfPage\":{\"@id\":\"https:\/\/shop.verlag.uni-potsdam.de\/en\/shop\/modellkommune-digitales-migrationsmanagement-ebook\/#primaryimage\"},\"image\":{\"@id\":\"https:\/\/shop.verlag.uni-potsdam.de\/shop\/modellkommune-digitales-migrationsmanagement-ebook\/#primaryimage\"},\"thumbnailUrl\":\"https:\/\/shop.verlag.uni-potsdam.de\/wp-content\/uploads\/asolmerce\/image-u1_kwi-diskurs_04.jpg\",\"datePublished\":\"2026-03-23T08:56:01+00:00\",\"dateModified\":\"2026-03-23T10:57:01+00:00\",\"breadcrumb\":{\"@id\":\"https:\/\/shop.verlag.uni-potsdam.de\/en\/shop\/modellkommune-digitales-migrationsmanagement-ebook\/#breadcrumb\"},\"inLanguage\":\"en-US\",\"potentialAction\":[{\"@type\":\"ReadAction\",\"target\":[[\"https:\/\/shop.verlag.uni-potsdam.de\/en\/shop\/modellkommune-digitales-migrationsmanagement-ebook\/\"]]}]},{\"@type\":\"ImageObject\",\"inLanguage\":\"en-US\",\"@id\":\"https:\/\/shop.verlag.uni-potsdam.de\/en\/shop\/modellkommune-digitales-migrationsmanagement-ebook\/#primaryimage\",\"url\":\"https:\/\/shop.verlag.uni-potsdam.de\/wp-content\/uploads\/asolmerce\/image-u1_kwi-diskurs_04.jpg\",\"contentUrl\":\"https:\/\/shop.verlag.uni-potsdam.de\/wp-content\/uploads\/asolmerce\/image-u1_kwi-diskurs_04.jpg\",\"width\":1339,\"height\":1890},{\"@type\":\"BreadcrumbList\",\"@id\":\"https:\/\/shop.verlag.uni-potsdam.de\/en\/shop\/modellkommune-digitales-migrationsmanagement-ebook\/#breadcrumb\",\"itemListElement\":[{\"@type\":\"ListItem\",\"position\":1,\"name\":\"Startseite\",\"item\":\"https:\/\/shop.verlag.uni-potsdam.de\/en\/\"},{\"@type\":\"ListItem\",\"position\":2,\"name\":\"Shop\",\"item\":\"https:\/\/shop.verlag.uni-potsdam.de\/en\/shop\/\"},{\"@type\":\"ListItem\",\"position\":3,\"name\":\"Modellkommune Digitales Migrationsmanagement\"}]},{\"@type\":\"WebSite\",\"@id\":\"https:\/\/shop.verlag.uni-potsdam.de\/en\/#website\",\"url\":\"https:\/\/shop.verlag.uni-potsdam.de\/en\/\",\"name\":\"Universit\u00e4tsverlag Potsdam\",\"description\":\"\",\"publisher\":{\"@id\":\"https:\/\/shop.verlag.uni-potsdam.de\/en\/#organization\"},\"potentialAction\":[{\"@type\":\"SearchAction\",\"target\":{\"@type\":\"EntryPoint\",\"urlTemplate\":\"https:\/\/shop.verlag.uni-potsdam.de\/en\/?s={search_term_string}\"},\"query-input\":{\"@type\":\"PropertyValueSpecification\",\"valueRequired\":true,\"valueName\":\"search_term_string\"}}],\"inLanguage\":\"en-US\"},{\"@type\":\"Organization\",\"@id\":\"https:\/\/shop.verlag.uni-potsdam.de\/en\/#organization\",\"name\":\"Universit\u00e4tsverlag Potsdam\",\"url\":\"https:\/\/shop.verlag.uni-potsdam.de\/en\/\",\"logo\":{\"@type\":\"ImageObject\",\"inLanguage\":\"en-US\",\"@id\":\"https:\/\/shop.verlag.uni-potsdam.de\/en\/#\/schema\/logo\/image\/\",\"url\":\"https:\/\/shop.verlag.uni-potsdam.de\/wp-content\/uploads\/2017\/04\/up_logo_university_2.png\",\"contentUrl\":\"https:\/\/shop.verlag.uni-potsdam.de\/wp-content\/uploads\/2017\/04\/up_logo_university_2.png\",\"width\":160,\"height\":172,\"caption\":\"Universit\u00e4tsverlag Potsdam\"},\"image\":{\"@id\":\"https:\/\/shop.verlag.uni-potsdam.de\/en\/#\/schema\/logo\/image\/\"}}]}<\/script>\n<!-- \/ Yoast SEO plugin. -->","yoast_head_json":{"title":"Modellkommune Digitales Migrationsmanagement - Universit\u00e4tsverlag Potsdam","robots":{"index":"index","follow":"follow","max-snippet":"max-snippet:-1","max-image-preview":"max-image-preview:large","max-video-preview":"max-video-preview:-1"},"canonical":"https:\/\/shop.verlag.uni-potsdam.de\/en\/shop\/modellkommune-digitales-migrationsmanagement-ebook\/","og_locale":"en_US","og_type":"article","og_title":"Modellkommune Digitales Migrationsmanagement - Universit\u00e4tsverlag Potsdam","og_description":"Die zunehmende Bedeutung der Digitalisierung in der Migrationsverwaltung hat das Ausl\u00e4nderzentralregister (AZR) als zentrales Datensystem f\u00fcr ausl\u00e4nderrechtliche Verfahren in den Fokus ger\u00fcckt. Durch das Gesetz zur Weiterentwicklung des Ausl\u00e4nderzentralregisters (AZRWEG) wurde das AZR zu einem der gr\u00f6\u00dften automatisierten Register der \u00f6ffentlichen Verwaltung in Deutschland ausgebaut. Trotz dieser Modernisierung sind in der Praxis der kommunalen Migrationsverwaltung jedoch erhebliche Defizite und Herausforderungen sichtbar geworden. Dazu geh\u00f6ren ineffiziente, teilweise papierbasierte Kommunikationswege, eine heterogene Fachverfahrenslandschaft und fehlende Schnittstellen zwischen den IT-Systemen der beteiligten Beh\u00f6rden. Diese strukturellen M\u00e4ngel f\u00fchren zu einer schwankenden Datenqualit\u00e4t und erschweren den reibungslosen beh\u00f6rden\u00fcbergreifenden Datenaustausch. Anhand zweier Modellkommunen werden die bestehenden Prozesse, Strukturen und Kommunikationsbeziehungen in der Migrationsverwaltung n\u00e4her untersucht, um die zentralen Hindernisse im digitalen Datenaustausch zu identifizieren und konkrete Handlungsempfehlungen zur Optimierung der Verwaltungsprozesse zu erarbeiten.","og_url":"https:\/\/shop.verlag.uni-potsdam.de\/en\/shop\/modellkommune-digitales-migrationsmanagement-ebook\/","og_site_name":"Universit\u00e4tsverlag Potsdam","article_modified_time":"2026-03-23T10:57:01+00:00","og_image":[{"width":1339,"height":1890,"url":"https:\/\/shop.verlag.uni-potsdam.de\/wp-content\/uploads\/asolmerce\/image-u1_kwi-diskurs_04.jpg","type":"image\/jpeg"}],"twitter_card":"summary_large_image","twitter_misc":{"Est. reading time":"1 minute"},"schema":{"@context":"https:\/\/schema.org","@graph":[{"@type":"WebPage","@id":"https:\/\/shop.verlag.uni-potsdam.de\/en\/shop\/modellkommune-digitales-migrationsmanagement-ebook\/","url":"https:\/\/shop.verlag.uni-potsdam.de\/en\/shop\/modellkommune-digitales-migrationsmanagement-ebook\/","name":"Modellkommune Digitales Migrationsmanagement - Universit\u00e4tsverlag Potsdam","isPartOf":{"@id":"https:\/\/shop.verlag.uni-potsdam.de\/en\/#website"},"primaryImageOfPage":{"@id":"https:\/\/shop.verlag.uni-potsdam.de\/en\/shop\/modellkommune-digitales-migrationsmanagement-ebook\/#primaryimage"},"image":{"@id":"https:\/\/shop.verlag.uni-potsdam.de\/shop\/modellkommune-digitales-migrationsmanagement-ebook\/#primaryimage"},"thumbnailUrl":"https:\/\/shop.verlag.uni-potsdam.de\/wp-content\/uploads\/asolmerce\/image-u1_kwi-diskurs_04.jpg","datePublished":"2026-03-23T08:56:01+00:00","dateModified":"2026-03-23T10:57:01+00:00","breadcrumb":{"@id":"https:\/\/shop.verlag.uni-potsdam.de\/en\/shop\/modellkommune-digitales-migrationsmanagement-ebook\/#breadcrumb"},"inLanguage":"en-US","potentialAction":[{"@type":"ReadAction","target":[["https:\/\/shop.verlag.uni-potsdam.de\/en\/shop\/modellkommune-digitales-migrationsmanagement-ebook\/"]]}]},{"@type":"ImageObject","inLanguage":"en-US","@id":"https:\/\/shop.verlag.uni-potsdam.de\/en\/shop\/modellkommune-digitales-migrationsmanagement-ebook\/#primaryimage","url":"https:\/\/shop.verlag.uni-potsdam.de\/wp-content\/uploads\/asolmerce\/image-u1_kwi-diskurs_04.jpg","contentUrl":"https:\/\/shop.verlag.uni-potsdam.de\/wp-content\/uploads\/asolmerce\/image-u1_kwi-diskurs_04.jpg","width":1339,"height":1890},{"@type":"BreadcrumbList","@id":"https:\/\/shop.verlag.uni-potsdam.de\/en\/shop\/modellkommune-digitales-migrationsmanagement-ebook\/#breadcrumb","itemListElement":[{"@type":"ListItem","position":1,"name":"Startseite","item":"https:\/\/shop.verlag.uni-potsdam.de\/en\/"},{"@type":"ListItem","position":2,"name":"Shop","item":"https:\/\/shop.verlag.uni-potsdam.de\/en\/shop\/"},{"@type":"ListItem","position":3,"name":"Modellkommune Digitales Migrationsmanagement"}]},{"@type":"WebSite","@id":"https:\/\/shop.verlag.uni-potsdam.de\/en\/#website","url":"https:\/\/shop.verlag.uni-potsdam.de\/en\/","name":"Universit\u00e4tsverlag Potsdam","description":"","publisher":{"@id":"https:\/\/shop.verlag.uni-potsdam.de\/en\/#organization"},"potentialAction":[{"@type":"SearchAction","target":{"@type":"EntryPoint","urlTemplate":"https:\/\/shop.verlag.uni-potsdam.de\/en\/?s={search_term_string}"},"query-input":{"@type":"PropertyValueSpecification","valueRequired":true,"valueName":"search_term_string"}}],"inLanguage":"en-US"},{"@type":"Organization","@id":"https:\/\/shop.verlag.uni-potsdam.de\/en\/#organization","name":"Universit\u00e4tsverlag Potsdam","url":"https:\/\/shop.verlag.uni-potsdam.de\/en\/","logo":{"@type":"ImageObject","inLanguage":"en-US","@id":"https:\/\/shop.verlag.uni-potsdam.de\/en\/#\/schema\/logo\/image\/","url":"https:\/\/shop.verlag.uni-potsdam.de\/wp-content\/uploads\/2017\/04\/up_logo_university_2.png","contentUrl":"https:\/\/shop.verlag.uni-potsdam.de\/wp-content\/uploads\/2017\/04\/up_logo_university_2.png","width":160,"height":172,"caption":"Universit\u00e4tsverlag Potsdam"},"image":{"@id":"https:\/\/shop.verlag.uni-potsdam.de\/en\/#\/schema\/logo\/image\/"}}]}},"_links":{"self":[{"href":"https:\/\/shop.verlag.uni-potsdam.de\/en\/wp-json\/wp\/v2\/product\/96433","targetHints":{"allow":["GET"]}}],"collection":[{"href":"https:\/\/shop.verlag.uni-potsdam.de\/en\/wp-json\/wp\/v2\/product"}],"about":[{"href":"https:\/\/shop.verlag.uni-potsdam.de\/en\/wp-json\/wp\/v2\/types\/product"}],"wp:featuredmedia":[{"embeddable":true,"href":"https:\/\/shop.verlag.uni-potsdam.de\/en\/wp-json\/wp\/v2\/media\/96474"}],"wp:attachment":[{"href":"https:\/\/shop.verlag.uni-potsdam.de\/en\/wp-json\/wp\/v2\/media?parent=96433"}],"wp:term":[{"taxonomy":"product_brand","embeddable":true,"href":"https:\/\/shop.verlag.uni-potsdam.de\/en\/wp-json\/wp\/v2\/product_brand?post=96433"},{"taxonomy":"product_cat","embeddable":true,"href":"https:\/\/shop.verlag.uni-potsdam.de\/en\/wp-json\/wp\/v2\/product_cat?post=96433"},{"taxonomy":"product_tag","embeddable":true,"href":"https:\/\/shop.verlag.uni-potsdam.de\/en\/wp-json\/wp\/v2\/product_tag?post=96433"}],"curies":[{"name":"wp","href":"https:\/\/api.w.org\/{rel}","templated":true}]}}