{"id":96441,"date":"2026-04-27T05:35:21","date_gmt":"2026-04-27T05:35:21","guid":{"rendered":"https:\/\/shop.verlag.uni-potsdam.de\/shop\/empty-product-container-21\/"},"modified":"2026-04-27T09:36:21","modified_gmt":"2026-04-27T07:36:21","slug":"die-energiewende-als-bildungsauftrag-im-sachunterricht-im-kontext-der-bildung-fuer-nachhaltige-entwicklung-windenergie","status":"publish","type":"product","link":"https:\/\/shop.verlag.uni-potsdam.de\/en\/shop\/die-energiewende-als-bildungsauftrag-im-sachunterricht-im-kontext-der-bildung-fuer-nachhaltige-entwicklung-windenergie\/","title":{"rendered":"Die Energiewende als Bildungsauftrag im Sachunterricht im Kontext der Bildung f\u00fcr nachhaltige Entwicklung \u2013 Windenergie"},"content":{"rendered":"<p class=\"qtranxs-available-languages-message qtranxs-available-languages-message-en\">Sorry, this entry is only available in <a href=\"https:\/\/shop.verlag.uni-potsdam.de\/de\/wp-json\/wp\/v2\/product\/96441\" class=\"qtranxs-available-language-link qtranxs-available-language-link-de\" title=\"Deutsch\">Deutsch<\/a>.<\/p><p><\/p>\n<div><span id=\"abstractFull_154555\" class=\"abstractFull\" style=\"\"><i>\u201eF\u00fcr das Thema Nachhaltige Entwicklung gibt es keine einfach L\u00f6sung. Wenn es eine g\u00e4be, dann w\u00e4re es die Bildung f\u00fcr Nachhaltige Entwicklung\u201c (Holzbaur 2020, S. 335)&nbsp;<\/i><\/span><\/div>\n<div><span id=\"abstractFull_154555\" class=\"abstractFull\" style=\"\"><br \/><\/span><\/div>\n<div><span id=\"abstractFull_154555\" class=\"abstractFull\" style=\"\">Mit der Bildung f\u00fcr nachhaltige Entwicklung sollen junge Menschen dazu bef\u00e4higt werden, gegenw\u00e4rtig und zuk\u00fcnftig nachhaltig zu handeln. Als perspektivenvernetzender Themenbereich im Sachunterricht nimmt die Vermittlung der Inhalte und Kompetenzen von Bildung f\u00fcr nachhaltige Entwicklung in der Grundschule eine besondere Stellung ein. Es stellt sich dabei vor allem die Frage, wie eine Bef\u00e4higung zum nachhaltigen Handeln im Unterricht konkret gestaltet werden kann, um die komplexen Inhalte und ben\u00f6tigten Kompetenzen, die es f\u00fcr eine Nachhaltige Entwicklung bedarf, kindgerecht, aber dennoch bildungswirksam zu vermitteln.&nbsp;<\/span><\/div>\n<div><span id=\"abstractFull_154555\" class=\"abstractFull\" style=\"\"><br \/><\/span><\/div>\n<div><span id=\"abstractFull_154555\" class=\"abstractFull\" style=\"\">Als wichtige Umsetzung einer Nachhaltigen Entwicklung kann das Thema Energiewende angemessen aufgearbeitet werden, um Bildung f\u00fcr nachhaltige Entwicklung im Sachunterricht zu vermitteln.<\/p>\n<p>Der auf die schulische Praxis ausgerichtete Band 5 der Potsdamer Beitr\u00e4ge zur Innovation des Sachunterrichts stellt eine didaktisch legitimierte Themenreihung zur Energiewende am Beispiel der Windenergie vor, die es erlaubt, unter Ber\u00fccksichtigung von Zielen, Inhalten und Kompetenzen der Bildung f\u00fcr nachhaltige Entwicklung das komplexe Thema der Energiewende bildungswirksam bereits in der Grundschule zu implementieren. Der Band richtet sich vorrangig an alle Lehrkr\u00e4fte des Sachunterrichts und dessen Bezugsf\u00e4cher, stellt durch eine umfassende fachwissenschaftliche Aufarbeitung des Themenbereichs jedoch auch f\u00fcr fachfremde Lehrkr\u00e4fte eine Planungsgrundlage dar.<\/span><span id=\"abstractThreeDots_154555\" class=\"abstractThreeDots\" style=\"display: none;\"><\/span><\/div>\n<p><\/p>","protected":false},"excerpt":{"rendered":"<p class=\"qtranxs-available-languages-message qtranxs-available-languages-message-en\">Sorry, this entry is only available in <a href=\"https:\/\/shop.verlag.uni-potsdam.de\/de\/wp-json\/wp\/v2\/product\/96441\" class=\"qtranxs-available-language-link qtranxs-available-language-link-de\" title=\"Deutsch\">Deutsch<\/a>.<\/p>\n<div><span id=\"abstractFull_154555\" class=\"abstractFull\" style=\"\"><i>\u201eF\u00fcr das Thema Nachhaltige Entwicklung gibt es keine einfach L\u00f6sung. Wenn es eine g\u00e4be, dann w\u00e4re es die Bildung f\u00fcr Nachhaltige Entwicklung\u201c (Holzbaur 2020, S. 335)&nbsp;<\/i><\/span><\/div>\n<div><span id=\"abstractFull_154555\" class=\"abstractFull\" style=\"\"><br \/><\/span><\/div>\n<div><span id=\"abstractFull_154555\" class=\"abstractFull\" style=\"\">Mit der Bildung f\u00fcr nachhaltige Entwicklung sollen junge Menschen dazu bef\u00e4higt werden, gegenw\u00e4rtig und zuk\u00fcnftig nachhaltig zu handeln. Als perspektivenvernetzender Themenbereich im Sachunterricht nimmt die Vermittlung der Inhalte und Kompetenzen von Bildung f\u00fcr nachhaltige Entwicklung in der Grundschule eine besondere Stellung ein. Es stellt sich dabei vor allem die Frage, wie eine Bef\u00e4higung zum nachhaltigen Handeln im Unterricht konkret gestaltet werden kann, um die komplexen Inhalte und ben\u00f6tigten Kompetenzen, die es f\u00fcr eine Nachhaltige Entwicklung bedarf, kindgerecht, aber dennoch bildungswirksam zu vermitteln.&nbsp;<\/span><\/div>\n<div><span id=\"abstractFull_154555\" class=\"abstractFull\" style=\"\"><br \/><\/span><\/div>\n<div><span id=\"abstractFull_154555\" class=\"abstractFull\" style=\"\">Als wichtige Umsetzung einer Nachhaltigen Entwicklung kann das Thema Energiewende angemessen aufgearbeitet werden, um Bildung f\u00fcr nachhaltige Entwicklung im Sachunterricht zu vermitteln.<\/p>\n<p>Der auf die schulische Praxis ausgerichtete Band 5 der Potsdamer Beitr\u00e4ge zur Innovation des Sachunterrichts stellt eine didaktisch legitimierte Themenreihung zur Energiewende am Beispiel der Windenergie vor, die es erlaubt, unter Ber\u00fccksichtigung von Zielen, Inhalten und Kompetenzen der Bildung f\u00fcr nachhaltige Entwicklung das komplexe Thema der Energiewende bildungswirksam bereits in der Grundschule zu implementieren. Der Band richtet sich vorrangig an alle Lehrkr\u00e4fte des Sachunterrichts und dessen Bezugsf\u00e4cher, stellt durch eine umfassende fachwissenschaftliche Aufarbeitung des Themenbereichs jedoch auch f\u00fcr fachfremde Lehrkr\u00e4fte eine Planungsgrundlage dar.<\/span><span id=\"abstractThreeDots_154555\" class=\"abstractThreeDots\" style=\"display: none;\"><\/span><\/div>\n","protected":false},"featured_media":96511,"template":"","meta":{"_acf_changed":false},"product_brand":[],"product_cat":[6220],"product_tag":[7379],"class_list":{"0":"post-96441","1":"product","2":"type-product","3":"status-publish","4":"has-post-thumbnail","6":"product_cat-paedagogik-web-kategorie","7":"product_tag-bne-bildung-fuer-nachhaltige-entwicklung-energiewende-sachunterricht-windenergie","8":"autor-victoria-huettner","9":"reihe-potsdamer-beitraege-zur-innovation-des-sachunterrichts","11":"first","12":"instock","13":"shipping-taxable","14":"purchasable","15":"product-type-simple"},"acf":[],"yoast_head":"<!-- This site is optimized with the Yoast SEO plugin v27.1.1 - https:\/\/yoast.com\/product\/yoast-seo-wordpress\/ -->\n<title>Die Energiewende als Bildungsauftrag im Sachunterricht im Kontext der Bildung f\u00fcr nachhaltige Entwicklung \u2013 Windenergie - Universit\u00e4tsverlag Potsdam<\/title>\n<meta name=\"robots\" content=\"index, follow, max-snippet:-1, max-image-preview:large, max-video-preview:-1\" \/>\n<link rel=\"canonical\" href=\"https:\/\/shop.verlag.uni-potsdam.de\/en\/shop\/die-energiewende-als-bildungsauftrag-im-sachunterricht-im-kontext-der-bildung-fuer-nachhaltige-entwicklung-windenergie\/\" \/>\n<meta property=\"og:locale\" content=\"en_US\" \/>\n<meta property=\"og:type\" content=\"article\" \/>\n<meta property=\"og:title\" content=\"Die Energiewende als Bildungsauftrag im Sachunterricht im Kontext der Bildung f\u00fcr nachhaltige Entwicklung \u2013 Windenergie - Universit\u00e4tsverlag Potsdam\" \/>\n<meta property=\"og:description\" content=\"\u201eF\u00fcr das Thema Nachhaltige Entwicklung gibt es keine einfach L\u00f6sung. Wenn es eine g\u00e4be, dann w\u00e4re es die Bildung f\u00fcr Nachhaltige Entwicklung\u201c (Holzbaur 2020, S. 335)&nbsp;Mit der Bildung f\u00fcr nachhaltige Entwicklung sollen junge Menschen dazu bef\u00e4higt werden, gegenw\u00e4rtig und zuk\u00fcnftig nachhaltig zu handeln. Als perspektivenvernetzender Themenbereich im Sachunterricht nimmt die Vermittlung der Inhalte und Kompetenzen von Bildung f\u00fcr nachhaltige Entwicklung in der Grundschule eine besondere Stellung ein. Es stellt sich dabei vor allem die Frage, wie eine Bef\u00e4higung zum nachhaltigen Handeln im Unterricht konkret gestaltet werden kann, um die komplexen Inhalte und ben\u00f6tigten Kompetenzen, die es f\u00fcr eine Nachhaltige Entwicklung bedarf, kindgerecht, aber dennoch bildungswirksam zu vermitteln.&nbsp;Als wichtige Umsetzung einer Nachhaltigen Entwicklung kann das Thema Energiewende angemessen aufgearbeitet werden, um Bildung f\u00fcr nachhaltige Entwicklung im Sachunterricht zu vermitteln. Der auf die schulische Praxis ausgerichtete Band 5 der Potsdamer Beitr\u00e4ge zur Innovation des Sachunterrichts stellt eine didaktisch legitimierte Themenreihung zur Energiewende am Beispiel der Windenergie vor, die es erlaubt, unter Ber\u00fccksichtigung von Zielen, Inhalten und Kompetenzen der Bildung f\u00fcr nachhaltige Entwicklung das komplexe Thema der Energiewende bildungswirksam bereits in der Grundschule zu implementieren. Der Band richtet sich vorrangig an alle Lehrkr\u00e4fte des Sachunterrichts und dessen Bezugsf\u00e4cher, stellt durch eine umfassende fachwissenschaftliche Aufarbeitung des Themenbereichs jedoch auch f\u00fcr fachfremde Lehrkr\u00e4fte eine Planungsgrundlage dar.\" \/>\n<meta property=\"og:url\" content=\"https:\/\/shop.verlag.uni-potsdam.de\/en\/shop\/die-energiewende-als-bildungsauftrag-im-sachunterricht-im-kontext-der-bildung-fuer-nachhaltige-entwicklung-windenergie\/\" \/>\n<meta property=\"og:site_name\" content=\"Universit\u00e4tsverlag Potsdam\" \/>\n<meta property=\"article:modified_time\" content=\"2026-04-27T07:36:21+00:00\" \/>\n<meta property=\"og:image\" content=\"https:\/\/shop.verlag.uni-potsdam.de\/wp-content\/uploads\/asolmerce\/image-978-3-86956-597-2-725x1024.png\" \/>\n\t<meta property=\"og:image:width\" content=\"725\" \/>\n\t<meta property=\"og:image:height\" content=\"1024\" \/>\n\t<meta property=\"og:image:type\" content=\"image\/png\" \/>\n<meta name=\"twitter:card\" content=\"summary_large_image\" \/>\n<meta name=\"twitter:label1\" content=\"Est. reading time\" \/>\n\t<meta name=\"twitter:data1\" content=\"1 minute\" \/>\n<script type=\"application\/ld+json\" class=\"yoast-schema-graph\">{\"@context\":\"https:\/\/schema.org\",\"@graph\":[{\"@type\":\"WebPage\",\"@id\":\"https:\/\/shop.verlag.uni-potsdam.de\/en\/shop\/die-energiewende-als-bildungsauftrag-im-sachunterricht-im-kontext-der-bildung-fuer-nachhaltige-entwicklung-windenergie\/\",\"url\":\"https:\/\/shop.verlag.uni-potsdam.de\/en\/shop\/die-energiewende-als-bildungsauftrag-im-sachunterricht-im-kontext-der-bildung-fuer-nachhaltige-entwicklung-windenergie\/\",\"name\":\"Die Energiewende als Bildungsauftrag im Sachunterricht im Kontext der Bildung f\u00fcr nachhaltige Entwicklung \u2013 Windenergie - Universit\u00e4tsverlag Potsdam\",\"isPartOf\":{\"@id\":\"https:\/\/shop.verlag.uni-potsdam.de\/en\/#website\"},\"primaryImageOfPage\":{\"@id\":\"https:\/\/shop.verlag.uni-potsdam.de\/en\/shop\/die-energiewende-als-bildungsauftrag-im-sachunterricht-im-kontext-der-bildung-fuer-nachhaltige-entwicklung-windenergie\/#primaryimage\"},\"image\":{\"@id\":\"https:\/\/shop.verlag.uni-potsdam.de\/shop\/die-energiewende-als-bildungsauftrag-im-sachunterricht-im-kontext-der-bildung-fuer-nachhaltige-entwicklung-windenergie\/#primaryimage\"},\"thumbnailUrl\":\"https:\/\/shop.verlag.uni-potsdam.de\/wp-content\/uploads\/asolmerce\/image-978-3-86956-597-2.png\",\"datePublished\":\"2026-04-27T05:35:21+00:00\",\"dateModified\":\"2026-04-27T07:36:21+00:00\",\"breadcrumb\":{\"@id\":\"https:\/\/shop.verlag.uni-potsdam.de\/en\/shop\/die-energiewende-als-bildungsauftrag-im-sachunterricht-im-kontext-der-bildung-fuer-nachhaltige-entwicklung-windenergie\/#breadcrumb\"},\"inLanguage\":\"en-US\",\"potentialAction\":[{\"@type\":\"ReadAction\",\"target\":[[\"https:\/\/shop.verlag.uni-potsdam.de\/en\/shop\/die-energiewende-als-bildungsauftrag-im-sachunterricht-im-kontext-der-bildung-fuer-nachhaltige-entwicklung-windenergie\/\"]]}]},{\"@type\":\"ImageObject\",\"inLanguage\":\"en-US\",\"@id\":\"https:\/\/shop.verlag.uni-potsdam.de\/en\/shop\/die-energiewende-als-bildungsauftrag-im-sachunterricht-im-kontext-der-bildung-fuer-nachhaltige-entwicklung-windenergie\/#primaryimage\",\"url\":\"https:\/\/shop.verlag.uni-potsdam.de\/wp-content\/uploads\/asolmerce\/image-978-3-86956-597-2.png\",\"contentUrl\":\"https:\/\/shop.verlag.uni-potsdam.de\/wp-content\/uploads\/asolmerce\/image-978-3-86956-597-2.png\",\"width\":1813,\"height\":2560},{\"@type\":\"BreadcrumbList\",\"@id\":\"https:\/\/shop.verlag.uni-potsdam.de\/en\/shop\/die-energiewende-als-bildungsauftrag-im-sachunterricht-im-kontext-der-bildung-fuer-nachhaltige-entwicklung-windenergie\/#breadcrumb\",\"itemListElement\":[{\"@type\":\"ListItem\",\"position\":1,\"name\":\"Startseite\",\"item\":\"https:\/\/shop.verlag.uni-potsdam.de\/en\/\"},{\"@type\":\"ListItem\",\"position\":2,\"name\":\"Shop\",\"item\":\"https:\/\/shop.verlag.uni-potsdam.de\/en\/shop\/\"},{\"@type\":\"ListItem\",\"position\":3,\"name\":\"Die Energiewende als Bildungsauftrag im Sachunterricht im Kontext der Bildung f\u00fcr nachhaltige Entwicklung \u2013 Windenergie\"}]},{\"@type\":\"WebSite\",\"@id\":\"https:\/\/shop.verlag.uni-potsdam.de\/en\/#website\",\"url\":\"https:\/\/shop.verlag.uni-potsdam.de\/en\/\",\"name\":\"Universit\u00e4tsverlag Potsdam\",\"description\":\"\",\"publisher\":{\"@id\":\"https:\/\/shop.verlag.uni-potsdam.de\/en\/#organization\"},\"potentialAction\":[{\"@type\":\"SearchAction\",\"target\":{\"@type\":\"EntryPoint\",\"urlTemplate\":\"https:\/\/shop.verlag.uni-potsdam.de\/en\/?s={search_term_string}\"},\"query-input\":{\"@type\":\"PropertyValueSpecification\",\"valueRequired\":true,\"valueName\":\"search_term_string\"}}],\"inLanguage\":\"en-US\"},{\"@type\":\"Organization\",\"@id\":\"https:\/\/shop.verlag.uni-potsdam.de\/en\/#organization\",\"name\":\"Universit\u00e4tsverlag Potsdam\",\"url\":\"https:\/\/shop.verlag.uni-potsdam.de\/en\/\",\"logo\":{\"@type\":\"ImageObject\",\"inLanguage\":\"en-US\",\"@id\":\"https:\/\/shop.verlag.uni-potsdam.de\/en\/#\/schema\/logo\/image\/\",\"url\":\"https:\/\/shop.verlag.uni-potsdam.de\/wp-content\/uploads\/2017\/04\/up_logo_university_2.png\",\"contentUrl\":\"https:\/\/shop.verlag.uni-potsdam.de\/wp-content\/uploads\/2017\/04\/up_logo_university_2.png\",\"width\":160,\"height\":172,\"caption\":\"Universit\u00e4tsverlag Potsdam\"},\"image\":{\"@id\":\"https:\/\/shop.verlag.uni-potsdam.de\/en\/#\/schema\/logo\/image\/\"}}]}<\/script>\n<!-- \/ Yoast SEO plugin. -->","yoast_head_json":{"title":"Die Energiewende als Bildungsauftrag im Sachunterricht im Kontext der Bildung f\u00fcr nachhaltige Entwicklung \u2013 Windenergie - Universit\u00e4tsverlag Potsdam","robots":{"index":"index","follow":"follow","max-snippet":"max-snippet:-1","max-image-preview":"max-image-preview:large","max-video-preview":"max-video-preview:-1"},"canonical":"https:\/\/shop.verlag.uni-potsdam.de\/en\/shop\/die-energiewende-als-bildungsauftrag-im-sachunterricht-im-kontext-der-bildung-fuer-nachhaltige-entwicklung-windenergie\/","og_locale":"en_US","og_type":"article","og_title":"Die Energiewende als Bildungsauftrag im Sachunterricht im Kontext der Bildung f\u00fcr nachhaltige Entwicklung \u2013 Windenergie - Universit\u00e4tsverlag Potsdam","og_description":"\u201eF\u00fcr das Thema Nachhaltige Entwicklung gibt es keine einfach L\u00f6sung. Wenn es eine g\u00e4be, dann w\u00e4re es die Bildung f\u00fcr Nachhaltige Entwicklung\u201c (Holzbaur 2020, S. 335)&nbsp;Mit der Bildung f\u00fcr nachhaltige Entwicklung sollen junge Menschen dazu bef\u00e4higt werden, gegenw\u00e4rtig und zuk\u00fcnftig nachhaltig zu handeln. Als perspektivenvernetzender Themenbereich im Sachunterricht nimmt die Vermittlung der Inhalte und Kompetenzen von Bildung f\u00fcr nachhaltige Entwicklung in der Grundschule eine besondere Stellung ein. Es stellt sich dabei vor allem die Frage, wie eine Bef\u00e4higung zum nachhaltigen Handeln im Unterricht konkret gestaltet werden kann, um die komplexen Inhalte und ben\u00f6tigten Kompetenzen, die es f\u00fcr eine Nachhaltige Entwicklung bedarf, kindgerecht, aber dennoch bildungswirksam zu vermitteln.&nbsp;Als wichtige Umsetzung einer Nachhaltigen Entwicklung kann das Thema Energiewende angemessen aufgearbeitet werden, um Bildung f\u00fcr nachhaltige Entwicklung im Sachunterricht zu vermitteln. Der auf die schulische Praxis ausgerichtete Band 5 der Potsdamer Beitr\u00e4ge zur Innovation des Sachunterrichts stellt eine didaktisch legitimierte Themenreihung zur Energiewende am Beispiel der Windenergie vor, die es erlaubt, unter Ber\u00fccksichtigung von Zielen, Inhalten und Kompetenzen der Bildung f\u00fcr nachhaltige Entwicklung das komplexe Thema der Energiewende bildungswirksam bereits in der Grundschule zu implementieren. Der Band richtet sich vorrangig an alle Lehrkr\u00e4fte des Sachunterrichts und dessen Bezugsf\u00e4cher, stellt durch eine umfassende fachwissenschaftliche Aufarbeitung des Themenbereichs jedoch auch f\u00fcr fachfremde Lehrkr\u00e4fte eine Planungsgrundlage dar.","og_url":"https:\/\/shop.verlag.uni-potsdam.de\/en\/shop\/die-energiewende-als-bildungsauftrag-im-sachunterricht-im-kontext-der-bildung-fuer-nachhaltige-entwicklung-windenergie\/","og_site_name":"Universit\u00e4tsverlag Potsdam","article_modified_time":"2026-04-27T07:36:21+00:00","og_image":[{"width":725,"height":1024,"url":"https:\/\/shop.verlag.uni-potsdam.de\/wp-content\/uploads\/asolmerce\/image-978-3-86956-597-2-725x1024.png","type":"image\/png"}],"twitter_card":"summary_large_image","twitter_misc":{"Est. reading time":"1 minute"},"schema":{"@context":"https:\/\/schema.org","@graph":[{"@type":"WebPage","@id":"https:\/\/shop.verlag.uni-potsdam.de\/en\/shop\/die-energiewende-als-bildungsauftrag-im-sachunterricht-im-kontext-der-bildung-fuer-nachhaltige-entwicklung-windenergie\/","url":"https:\/\/shop.verlag.uni-potsdam.de\/en\/shop\/die-energiewende-als-bildungsauftrag-im-sachunterricht-im-kontext-der-bildung-fuer-nachhaltige-entwicklung-windenergie\/","name":"Die Energiewende als Bildungsauftrag im Sachunterricht im Kontext der Bildung f\u00fcr nachhaltige Entwicklung \u2013 Windenergie - Universit\u00e4tsverlag Potsdam","isPartOf":{"@id":"https:\/\/shop.verlag.uni-potsdam.de\/en\/#website"},"primaryImageOfPage":{"@id":"https:\/\/shop.verlag.uni-potsdam.de\/en\/shop\/die-energiewende-als-bildungsauftrag-im-sachunterricht-im-kontext-der-bildung-fuer-nachhaltige-entwicklung-windenergie\/#primaryimage"},"image":{"@id":"https:\/\/shop.verlag.uni-potsdam.de\/shop\/die-energiewende-als-bildungsauftrag-im-sachunterricht-im-kontext-der-bildung-fuer-nachhaltige-entwicklung-windenergie\/#primaryimage"},"thumbnailUrl":"https:\/\/shop.verlag.uni-potsdam.de\/wp-content\/uploads\/asolmerce\/image-978-3-86956-597-2.png","datePublished":"2026-04-27T05:35:21+00:00","dateModified":"2026-04-27T07:36:21+00:00","breadcrumb":{"@id":"https:\/\/shop.verlag.uni-potsdam.de\/en\/shop\/die-energiewende-als-bildungsauftrag-im-sachunterricht-im-kontext-der-bildung-fuer-nachhaltige-entwicklung-windenergie\/#breadcrumb"},"inLanguage":"en-US","potentialAction":[{"@type":"ReadAction","target":[["https:\/\/shop.verlag.uni-potsdam.de\/en\/shop\/die-energiewende-als-bildungsauftrag-im-sachunterricht-im-kontext-der-bildung-fuer-nachhaltige-entwicklung-windenergie\/"]]}]},{"@type":"ImageObject","inLanguage":"en-US","@id":"https:\/\/shop.verlag.uni-potsdam.de\/en\/shop\/die-energiewende-als-bildungsauftrag-im-sachunterricht-im-kontext-der-bildung-fuer-nachhaltige-entwicklung-windenergie\/#primaryimage","url":"https:\/\/shop.verlag.uni-potsdam.de\/wp-content\/uploads\/asolmerce\/image-978-3-86956-597-2.png","contentUrl":"https:\/\/shop.verlag.uni-potsdam.de\/wp-content\/uploads\/asolmerce\/image-978-3-86956-597-2.png","width":1813,"height":2560},{"@type":"BreadcrumbList","@id":"https:\/\/shop.verlag.uni-potsdam.de\/en\/shop\/die-energiewende-als-bildungsauftrag-im-sachunterricht-im-kontext-der-bildung-fuer-nachhaltige-entwicklung-windenergie\/#breadcrumb","itemListElement":[{"@type":"ListItem","position":1,"name":"Startseite","item":"https:\/\/shop.verlag.uni-potsdam.de\/en\/"},{"@type":"ListItem","position":2,"name":"Shop","item":"https:\/\/shop.verlag.uni-potsdam.de\/en\/shop\/"},{"@type":"ListItem","position":3,"name":"Die Energiewende als Bildungsauftrag im Sachunterricht im Kontext der Bildung f\u00fcr nachhaltige Entwicklung \u2013 Windenergie"}]},{"@type":"WebSite","@id":"https:\/\/shop.verlag.uni-potsdam.de\/en\/#website","url":"https:\/\/shop.verlag.uni-potsdam.de\/en\/","name":"Universit\u00e4tsverlag Potsdam","description":"","publisher":{"@id":"https:\/\/shop.verlag.uni-potsdam.de\/en\/#organization"},"potentialAction":[{"@type":"SearchAction","target":{"@type":"EntryPoint","urlTemplate":"https:\/\/shop.verlag.uni-potsdam.de\/en\/?s={search_term_string}"},"query-input":{"@type":"PropertyValueSpecification","valueRequired":true,"valueName":"search_term_string"}}],"inLanguage":"en-US"},{"@type":"Organization","@id":"https:\/\/shop.verlag.uni-potsdam.de\/en\/#organization","name":"Universit\u00e4tsverlag Potsdam","url":"https:\/\/shop.verlag.uni-potsdam.de\/en\/","logo":{"@type":"ImageObject","inLanguage":"en-US","@id":"https:\/\/shop.verlag.uni-potsdam.de\/en\/#\/schema\/logo\/image\/","url":"https:\/\/shop.verlag.uni-potsdam.de\/wp-content\/uploads\/2017\/04\/up_logo_university_2.png","contentUrl":"https:\/\/shop.verlag.uni-potsdam.de\/wp-content\/uploads\/2017\/04\/up_logo_university_2.png","width":160,"height":172,"caption":"Universit\u00e4tsverlag Potsdam"},"image":{"@id":"https:\/\/shop.verlag.uni-potsdam.de\/en\/#\/schema\/logo\/image\/"}}]}},"_links":{"self":[{"href":"https:\/\/shop.verlag.uni-potsdam.de\/en\/wp-json\/wp\/v2\/product\/96441","targetHints":{"allow":["GET"]}}],"collection":[{"href":"https:\/\/shop.verlag.uni-potsdam.de\/en\/wp-json\/wp\/v2\/product"}],"about":[{"href":"https:\/\/shop.verlag.uni-potsdam.de\/en\/wp-json\/wp\/v2\/types\/product"}],"wp:featuredmedia":[{"embeddable":true,"href":"https:\/\/shop.verlag.uni-potsdam.de\/en\/wp-json\/wp\/v2\/media\/96511"}],"wp:attachment":[{"href":"https:\/\/shop.verlag.uni-potsdam.de\/en\/wp-json\/wp\/v2\/media?parent=96441"}],"wp:term":[{"taxonomy":"product_brand","embeddable":true,"href":"https:\/\/shop.verlag.uni-potsdam.de\/en\/wp-json\/wp\/v2\/product_brand?post=96441"},{"taxonomy":"product_cat","embeddable":true,"href":"https:\/\/shop.verlag.uni-potsdam.de\/en\/wp-json\/wp\/v2\/product_cat?post=96441"},{"taxonomy":"product_tag","embeddable":true,"href":"https:\/\/shop.verlag.uni-potsdam.de\/en\/wp-json\/wp\/v2\/product_tag?post=96441"}],"curies":[{"name":"wp","href":"https:\/\/api.w.org\/{rel}","templated":true}]}}