{"id":96443,"date":"2026-03-30T08:40:37","date_gmt":"2026-03-30T08:40:37","guid":{"rendered":"https:\/\/shop.verlag.uni-potsdam.de\/shop\/empty-product-container-21\/"},"modified":"2026-03-30T12:41:37","modified_gmt":"2026-03-30T10:41:37","slug":"hochschuldidaktik-informatik-hdi-2023","status":"publish","type":"product","link":"https:\/\/shop.verlag.uni-potsdam.de\/en\/shop\/hochschuldidaktik-informatik-hdi-2023\/","title":{"rendered":"Hochschuldidaktik Informatik HDI 2023"},"content":{"rendered":"<p class=\"qtranxs-available-languages-message qtranxs-available-languages-message-en\">Sorry, this entry is only available in <a href=\"https:\/\/shop.verlag.uni-potsdam.de\/de\/wp-json\/wp\/v2\/product\/96443\" class=\"qtranxs-available-language-link qtranxs-available-language-link-de\" title=\"Deutsch\">Deutsch<\/a>.<\/p><p>Auf den Fachtagungen <i>Hochschuldidaktik Informatik (HDI)<\/i> werden sehr unterschiedliche Aspekte der informatischen Bildung im Hochschulbereich behandelt, die sich auf Informatik- oder verwandte Studieng\u00e4nge an Universit\u00e4ten und Hochschulen oder der Informatiklehre in anderen Studieng\u00e4ngen beziehen. Dies sind beispielsweise die Planung und Umsetzung fachdidaktischer Konzepte, spezielle Lehr- und Lernformen, aber auch Lehrinnovationen oder die Erfolgsmessung.&nbsp;<br \/>Schwerpunktthema der <i>10. Fachtagung<\/i> im Jahr 2023 war die curriculare (Weiter-)Entwicklung von Informatikstudieng\u00e4ngen. Diskutiert wurden insbesondere Fragen der Betreuungsformen vor und im Studium, der Gewinnung geeigneter Studierender, aber auch Aspekte der Lehre und Pr\u00fcfung.<\/p>","protected":false},"excerpt":{"rendered":"<p class=\"qtranxs-available-languages-message qtranxs-available-languages-message-en\">Sorry, this entry is only available in <a href=\"https:\/\/shop.verlag.uni-potsdam.de\/de\/wp-json\/wp\/v2\/product\/96443\" class=\"qtranxs-available-language-link qtranxs-available-language-link-de\" title=\"Deutsch\">Deutsch<\/a>.<\/p>\n<p>Auf den Fachtagungen <i>Hochschuldidaktik Informatik (HDI)<\/i> werden sehr unterschiedliche Aspekte der informatischen Bildung im Hochschulbereich behandelt, die sich auf Informatik- oder verwandte Studieng\u00e4nge an Universit\u00e4ten und Hochschulen oder der Informatiklehre in anderen Studieng\u00e4ngen beziehen. Dies sind beispielsweise die Planung und Umsetzung fachdidaktischer Konzepte, spezielle Lehr- und Lernformen, aber auch Lehrinnovationen oder die Erfolgsmessung.&nbsp;<br \/>Schwerpunktthema der <i>10. Fachtagung<\/i> im Jahr 2023 war die curriculare (Weiter-)Entwicklung von Informatikstudieng\u00e4ngen. Diskutiert wurden insbesondere Fragen der Betreuungsformen vor und im Studium, der Gewinnung geeigneter Studierender, aber auch Aspekte der Lehre und Pr\u00fcfung.<\/p>\n","protected":false},"featured_media":96512,"template":"","meta":{"_acf_changed":false},"product_brand":[],"product_cat":[6211],"product_tag":[7377],"class_list":{"0":"post-96443","1":"product","2":"type-product","3":"status-publish","4":"has-post-thumbnail","6":"product_cat-informatik-edv-web-kategorie","7":"product_tag-hochschuldidaktik-informatik-informatikstudium-informatische-bildung-lehren-und-lernen","8":"autor-andrea-linxen","9":"autor-axel-wiepke","10":"autor-barbara-pampel","11":"autor-boris-jacob","12":"autor-christian-beecks","13":"autor-christian-lagod","14":"autor-christian-riedel","15":"autor-daniel-braun","16":"autor-dominic-lohr","17":"autor-florian-rabe","18":"autor-florian-reuss","19":"autor-joerg-desel","20":"autor-louis-kobras","21":"autor-marc-berges","22":"autor-marcus-soll","23":"autor-martin-weinert","24":"autor-melanie-seiss","25":"autor-michael-kohlhase","26":"autor-nadine-bergner","27":"autor-niklas-hartmann","28":"autor-nils-pancratz","29":"autor-ralf-romeike","30":"autor-simone-opel","31":"autor-thiemo-leonhardt","32":"autor-ulrike-lucke","33":"autor-uwe-lorenz","34":"autor-vanessa-grave","35":"autor-wolf-spalteholz","37":"first","38":"instock","39":"shipping-taxable","40":"purchasable","41":"product-type-simple"},"acf":[],"yoast_head":"<!-- This site is optimized with the Yoast SEO plugin v27.1.1 - https:\/\/yoast.com\/product\/yoast-seo-wordpress\/ -->\n<title>Hochschuldidaktik Informatik HDI 2023 - Universit\u00e4tsverlag Potsdam<\/title>\n<meta name=\"robots\" content=\"index, follow, max-snippet:-1, max-image-preview:large, max-video-preview:-1\" \/>\n<link rel=\"canonical\" href=\"https:\/\/shop.verlag.uni-potsdam.de\/en\/shop\/hochschuldidaktik-der-informatik-hdi-2023\/\" \/>\n<meta property=\"og:locale\" content=\"en_US\" \/>\n<meta property=\"og:type\" content=\"article\" \/>\n<meta property=\"og:title\" content=\"Hochschuldidaktik Informatik HDI 2023 - Universit\u00e4tsverlag Potsdam\" \/>\n<meta property=\"og:description\" content=\"Auf den Fachtagungen Hochschuldidaktik Informatik (HDI) werden sehr unterschiedliche Aspekte der informatischen Bildung im Hochschulbereich behandelt, die sich auf Informatik- oder verwandte Studieng\u00e4nge an Universit\u00e4ten und Hochschulen oder der Informatiklehre in anderen Studieng\u00e4ngen beziehen. Dies sind beispielsweise die Planung und Umsetzung fachdidaktischer Konzepte, spezielle Lehr- und Lernformen, aber auch Lehrinnovationen oder die Erfolgsmessung.&nbsp;Schwerpunktthema der 10. Fachtagung im Jahr 2023 war die curriculare (Weiter-)Entwicklung von Informatikstudieng\u00e4ngen. Diskutiert wurden insbesondere Fragen der Betreuungsformen vor und im Studium, der Gewinnung geeigneter Studierender, aber auch Aspekte der Lehre und Pr\u00fcfung.\" \/>\n<meta property=\"og:url\" content=\"https:\/\/shop.verlag.uni-potsdam.de\/en\/shop\/hochschuldidaktik-der-informatik-hdi-2023\/\" \/>\n<meta property=\"og:site_name\" content=\"Universit\u00e4tsverlag Potsdam\" \/>\n<meta property=\"article:modified_time\" content=\"2026-03-30T10:41:37+00:00\" \/>\n<meta property=\"og:image\" content=\"https:\/\/shop.verlag.uni-potsdam.de\/wp-content\/uploads\/asolmerce\/image-978-3-86956-596-5.png\" \/>\n\t<meta property=\"og:image:width\" content=\"1221\" \/>\n\t<meta property=\"og:image:height\" content=\"1733\" \/>\n\t<meta property=\"og:image:type\" content=\"image\/png\" \/>\n<meta name=\"twitter:card\" content=\"summary_large_image\" \/>\n<script type=\"application\/ld+json\" class=\"yoast-schema-graph\">{\"@context\":\"https:\/\/schema.org\",\"@graph\":[{\"@type\":\"WebPage\",\"@id\":\"https:\/\/shop.verlag.uni-potsdam.de\/en\/shop\/hochschuldidaktik-der-informatik-hdi-2023\/\",\"url\":\"https:\/\/shop.verlag.uni-potsdam.de\/en\/shop\/hochschuldidaktik-der-informatik-hdi-2023\/\",\"name\":\"Hochschuldidaktik Informatik HDI 2023 - Universit\u00e4tsverlag Potsdam\",\"isPartOf\":{\"@id\":\"https:\/\/shop.verlag.uni-potsdam.de\/en\/#website\"},\"primaryImageOfPage\":{\"@id\":\"https:\/\/shop.verlag.uni-potsdam.de\/en\/shop\/hochschuldidaktik-der-informatik-hdi-2023\/#primaryimage\"},\"image\":{\"@id\":\"https:\/\/shop.verlag.uni-potsdam.de\/shop\/hochschuldidaktik-der-informatik-hdi-2023\/#primaryimage\"},\"thumbnailUrl\":\"https:\/\/shop.verlag.uni-potsdam.de\/wp-content\/uploads\/asolmerce\/image-978-3-86956-596-5.png\",\"datePublished\":\"2026-03-30T08:40:37+00:00\",\"dateModified\":\"2026-03-30T10:41:37+00:00\",\"breadcrumb\":{\"@id\":\"https:\/\/shop.verlag.uni-potsdam.de\/en\/shop\/hochschuldidaktik-der-informatik-hdi-2023\/#breadcrumb\"},\"inLanguage\":\"en-US\",\"potentialAction\":[{\"@type\":\"ReadAction\",\"target\":[[\"https:\/\/shop.verlag.uni-potsdam.de\/en\/shop\/hochschuldidaktik-der-informatik-hdi-2023\/\"]]}]},{\"@type\":\"ImageObject\",\"inLanguage\":\"en-US\",\"@id\":\"https:\/\/shop.verlag.uni-potsdam.de\/en\/shop\/hochschuldidaktik-der-informatik-hdi-2023\/#primaryimage\",\"url\":\"https:\/\/shop.verlag.uni-potsdam.de\/wp-content\/uploads\/asolmerce\/image-978-3-86956-596-5.png\",\"contentUrl\":\"https:\/\/shop.verlag.uni-potsdam.de\/wp-content\/uploads\/asolmerce\/image-978-3-86956-596-5.png\",\"width\":1221,\"height\":1733},{\"@type\":\"BreadcrumbList\",\"@id\":\"https:\/\/shop.verlag.uni-potsdam.de\/en\/shop\/hochschuldidaktik-der-informatik-hdi-2023\/#breadcrumb\",\"itemListElement\":[{\"@type\":\"ListItem\",\"position\":1,\"name\":\"Startseite\",\"item\":\"https:\/\/shop.verlag.uni-potsdam.de\/en\/\"},{\"@type\":\"ListItem\",\"position\":2,\"name\":\"Shop\",\"item\":\"https:\/\/shop.verlag.uni-potsdam.de\/en\/shop\/\"},{\"@type\":\"ListItem\",\"position\":3,\"name\":\"Hochschuldidaktik der Informatik HDI 2023\"}]},{\"@type\":\"WebSite\",\"@id\":\"https:\/\/shop.verlag.uni-potsdam.de\/en\/#website\",\"url\":\"https:\/\/shop.verlag.uni-potsdam.de\/en\/\",\"name\":\"Universit\u00e4tsverlag Potsdam\",\"description\":\"\",\"publisher\":{\"@id\":\"https:\/\/shop.verlag.uni-potsdam.de\/en\/#organization\"},\"potentialAction\":[{\"@type\":\"SearchAction\",\"target\":{\"@type\":\"EntryPoint\",\"urlTemplate\":\"https:\/\/shop.verlag.uni-potsdam.de\/en\/?s={search_term_string}\"},\"query-input\":{\"@type\":\"PropertyValueSpecification\",\"valueRequired\":true,\"valueName\":\"search_term_string\"}}],\"inLanguage\":\"en-US\"},{\"@type\":\"Organization\",\"@id\":\"https:\/\/shop.verlag.uni-potsdam.de\/en\/#organization\",\"name\":\"Universit\u00e4tsverlag Potsdam\",\"url\":\"https:\/\/shop.verlag.uni-potsdam.de\/en\/\",\"logo\":{\"@type\":\"ImageObject\",\"inLanguage\":\"en-US\",\"@id\":\"https:\/\/shop.verlag.uni-potsdam.de\/en\/#\/schema\/logo\/image\/\",\"url\":\"https:\/\/shop.verlag.uni-potsdam.de\/wp-content\/uploads\/2017\/04\/up_logo_university_2.png\",\"contentUrl\":\"https:\/\/shop.verlag.uni-potsdam.de\/wp-content\/uploads\/2017\/04\/up_logo_university_2.png\",\"width\":160,\"height\":172,\"caption\":\"Universit\u00e4tsverlag Potsdam\"},\"image\":{\"@id\":\"https:\/\/shop.verlag.uni-potsdam.de\/en\/#\/schema\/logo\/image\/\"}}]}<\/script>\n<!-- \/ Yoast SEO plugin. -->","yoast_head_json":{"title":"Hochschuldidaktik Informatik HDI 2023 - Universit\u00e4tsverlag Potsdam","robots":{"index":"index","follow":"follow","max-snippet":"max-snippet:-1","max-image-preview":"max-image-preview:large","max-video-preview":"max-video-preview:-1"},"canonical":"https:\/\/shop.verlag.uni-potsdam.de\/en\/shop\/hochschuldidaktik-der-informatik-hdi-2023\/","og_locale":"en_US","og_type":"article","og_title":"Hochschuldidaktik Informatik HDI 2023 - Universit\u00e4tsverlag Potsdam","og_description":"Auf den Fachtagungen Hochschuldidaktik Informatik (HDI) werden sehr unterschiedliche Aspekte der informatischen Bildung im Hochschulbereich behandelt, die sich auf Informatik- oder verwandte Studieng\u00e4nge an Universit\u00e4ten und Hochschulen oder der Informatiklehre in anderen Studieng\u00e4ngen beziehen. Dies sind beispielsweise die Planung und Umsetzung fachdidaktischer Konzepte, spezielle Lehr- und Lernformen, aber auch Lehrinnovationen oder die Erfolgsmessung.&nbsp;Schwerpunktthema der 10. Fachtagung im Jahr 2023 war die curriculare (Weiter-)Entwicklung von Informatikstudieng\u00e4ngen. Diskutiert wurden insbesondere Fragen der Betreuungsformen vor und im Studium, der Gewinnung geeigneter Studierender, aber auch Aspekte der Lehre und Pr\u00fcfung.","og_url":"https:\/\/shop.verlag.uni-potsdam.de\/en\/shop\/hochschuldidaktik-der-informatik-hdi-2023\/","og_site_name":"Universit\u00e4tsverlag Potsdam","article_modified_time":"2026-03-30T10:41:37+00:00","og_image":[{"width":1221,"height":1733,"url":"https:\/\/shop.verlag.uni-potsdam.de\/wp-content\/uploads\/asolmerce\/image-978-3-86956-596-5.png","type":"image\/png"}],"twitter_card":"summary_large_image","schema":{"@context":"https:\/\/schema.org","@graph":[{"@type":"WebPage","@id":"https:\/\/shop.verlag.uni-potsdam.de\/en\/shop\/hochschuldidaktik-der-informatik-hdi-2023\/","url":"https:\/\/shop.verlag.uni-potsdam.de\/en\/shop\/hochschuldidaktik-der-informatik-hdi-2023\/","name":"Hochschuldidaktik Informatik HDI 2023 - Universit\u00e4tsverlag Potsdam","isPartOf":{"@id":"https:\/\/shop.verlag.uni-potsdam.de\/en\/#website"},"primaryImageOfPage":{"@id":"https:\/\/shop.verlag.uni-potsdam.de\/en\/shop\/hochschuldidaktik-der-informatik-hdi-2023\/#primaryimage"},"image":{"@id":"https:\/\/shop.verlag.uni-potsdam.de\/shop\/hochschuldidaktik-der-informatik-hdi-2023\/#primaryimage"},"thumbnailUrl":"https:\/\/shop.verlag.uni-potsdam.de\/wp-content\/uploads\/asolmerce\/image-978-3-86956-596-5.png","datePublished":"2026-03-30T08:40:37+00:00","dateModified":"2026-03-30T10:41:37+00:00","breadcrumb":{"@id":"https:\/\/shop.verlag.uni-potsdam.de\/en\/shop\/hochschuldidaktik-der-informatik-hdi-2023\/#breadcrumb"},"inLanguage":"en-US","potentialAction":[{"@type":"ReadAction","target":[["https:\/\/shop.verlag.uni-potsdam.de\/en\/shop\/hochschuldidaktik-der-informatik-hdi-2023\/"]]}]},{"@type":"ImageObject","inLanguage":"en-US","@id":"https:\/\/shop.verlag.uni-potsdam.de\/en\/shop\/hochschuldidaktik-der-informatik-hdi-2023\/#primaryimage","url":"https:\/\/shop.verlag.uni-potsdam.de\/wp-content\/uploads\/asolmerce\/image-978-3-86956-596-5.png","contentUrl":"https:\/\/shop.verlag.uni-potsdam.de\/wp-content\/uploads\/asolmerce\/image-978-3-86956-596-5.png","width":1221,"height":1733},{"@type":"BreadcrumbList","@id":"https:\/\/shop.verlag.uni-potsdam.de\/en\/shop\/hochschuldidaktik-der-informatik-hdi-2023\/#breadcrumb","itemListElement":[{"@type":"ListItem","position":1,"name":"Startseite","item":"https:\/\/shop.verlag.uni-potsdam.de\/en\/"},{"@type":"ListItem","position":2,"name":"Shop","item":"https:\/\/shop.verlag.uni-potsdam.de\/en\/shop\/"},{"@type":"ListItem","position":3,"name":"Hochschuldidaktik der Informatik HDI 2023"}]},{"@type":"WebSite","@id":"https:\/\/shop.verlag.uni-potsdam.de\/en\/#website","url":"https:\/\/shop.verlag.uni-potsdam.de\/en\/","name":"Universit\u00e4tsverlag Potsdam","description":"","publisher":{"@id":"https:\/\/shop.verlag.uni-potsdam.de\/en\/#organization"},"potentialAction":[{"@type":"SearchAction","target":{"@type":"EntryPoint","urlTemplate":"https:\/\/shop.verlag.uni-potsdam.de\/en\/?s={search_term_string}"},"query-input":{"@type":"PropertyValueSpecification","valueRequired":true,"valueName":"search_term_string"}}],"inLanguage":"en-US"},{"@type":"Organization","@id":"https:\/\/shop.verlag.uni-potsdam.de\/en\/#organization","name":"Universit\u00e4tsverlag Potsdam","url":"https:\/\/shop.verlag.uni-potsdam.de\/en\/","logo":{"@type":"ImageObject","inLanguage":"en-US","@id":"https:\/\/shop.verlag.uni-potsdam.de\/en\/#\/schema\/logo\/image\/","url":"https:\/\/shop.verlag.uni-potsdam.de\/wp-content\/uploads\/2017\/04\/up_logo_university_2.png","contentUrl":"https:\/\/shop.verlag.uni-potsdam.de\/wp-content\/uploads\/2017\/04\/up_logo_university_2.png","width":160,"height":172,"caption":"Universit\u00e4tsverlag Potsdam"},"image":{"@id":"https:\/\/shop.verlag.uni-potsdam.de\/en\/#\/schema\/logo\/image\/"}}]}},"_links":{"self":[{"href":"https:\/\/shop.verlag.uni-potsdam.de\/en\/wp-json\/wp\/v2\/product\/96443","targetHints":{"allow":["GET"]}}],"collection":[{"href":"https:\/\/shop.verlag.uni-potsdam.de\/en\/wp-json\/wp\/v2\/product"}],"about":[{"href":"https:\/\/shop.verlag.uni-potsdam.de\/en\/wp-json\/wp\/v2\/types\/product"}],"wp:featuredmedia":[{"embeddable":true,"href":"https:\/\/shop.verlag.uni-potsdam.de\/en\/wp-json\/wp\/v2\/media\/96512"}],"wp:attachment":[{"href":"https:\/\/shop.verlag.uni-potsdam.de\/en\/wp-json\/wp\/v2\/media?parent=96443"}],"wp:term":[{"taxonomy":"product_brand","embeddable":true,"href":"https:\/\/shop.verlag.uni-potsdam.de\/en\/wp-json\/wp\/v2\/product_brand?post=96443"},{"taxonomy":"product_cat","embeddable":true,"href":"https:\/\/shop.verlag.uni-potsdam.de\/en\/wp-json\/wp\/v2\/product_cat?post=96443"},{"taxonomy":"product_tag","embeddable":true,"href":"https:\/\/shop.verlag.uni-potsdam.de\/en\/wp-json\/wp\/v2\/product_tag?post=96443"}],"curies":[{"name":"wp","href":"https:\/\/api.w.org\/{rel}","templated":true}]}}