{"id":96452,"date":"2026-03-23T08:56:02","date_gmt":"2026-03-23T08:56:02","guid":{"rendered":"https:\/\/shop.verlag.uni-potsdam.de\/shop\/empty-product-container-24\/"},"modified":"2026-03-23T11:57:02","modified_gmt":"2026-03-23T10:57:02","slug":"gut-dolgenbrodt-1945-2015","status":"publish","type":"product","link":"https:\/\/shop.verlag.uni-potsdam.de\/en\/shop\/gut-dolgenbrodt-1945-2015\/","title":{"rendered":"Gut Dolgenbrodt 1945\u20132015"},"content":{"rendered":"<p class=\"qtranxs-available-languages-message qtranxs-available-languages-message-en\">Sorry, this entry is only available in <a href=\"https:\/\/shop.verlag.uni-potsdam.de\/de\/wp-json\/wp\/v2\/product\/96452\" class=\"qtranxs-available-language-link qtranxs-available-language-link-de\" title=\"Deutsch\">Deutsch<\/a>.<\/p><p>Als Eberhard Specht (1915\u20132015) im April 2015 den Urteilsspruch des Bundesverwaltungsgerichts (BVerwG) vernahm, dass er f\u00fcr das ihm widerfahrende Unrecht entsch\u00e4digt werden muss, endete ein 70 Jahre andauernder Eigentumsstreit. Im hohen Alter von 99 Jahren wurde der ehemalige Gutsbesitzer Specht erneut zum rechtm\u00e4\u00dfigen Eigent\u00fcmer des Gutes Dolgenbrodt, gelegen im gleichnamigen Ort im Landkreis Dahme-Spreewald. Drei historische Z\u00e4suren waren f\u00fcr Spechts Schicksal von Bedeutung: der Nationalsozialismus (1933\u20131945), die Bodenreform in der Sowjetischen Besatzungszone (SBZ) (1945\u20131946) sowie die deutsche Wiedervereinigung (1990).&nbsp;<br \/>Die Dissertation verfolgt das Ziel, den 70 Jahre andauernden Rechtsstreit Eberhard Spechts um das Gut Dolgenbrodt zu untersuchen. Von 1945 bis 1990 wurden seitens der Nationalsozialisten, der Sowjetunion sowie der DDR historische Fakten geschaffen, die Specht seinen Anspruch auf die L\u00e4nderei verwehrten. Erst die Herstellung der deutschen Einheit ver\u00e4nderte die juristische Ausgangssituation f\u00fcr Specht und eine Vielzahl weiterer Betroffener. Die Hoffnung auf Wiedergutmachung bekam rechtlich neuen Boden.&nbsp;<br \/>Den Schwerpunkt der Untersuchung bilden die nach der deutschen Wiedervereinigung durch Specht initiierten Gerichtsverfahren zwischen 1991 und 2015. Mehrere Verhandlungen \u00fcber einen Zeitraum von mehr als 20 Jahren f\u00fchrten u.\u2006a. am Verwaltungsgericht (VG) in Cottbus zun\u00e4chst zu dem Ergebnis, dass Eberhard Spechts R\u00fcck\u00fcbertragungsgesuche auf das Gut Dolgenbrodt abgewiesen wurden. Die historischen Fakten, welche zu dem Schicksal der Familie Specht f\u00fchrten, fanden keine Beachtung. Selbst die Authentizit\u00e4t von Archivalien wurde im Verfahrensverlauf seitens der rechtsprechenden Organe und beklagten Gemeinde angezweifelt.<br \/>Die Arbeit leistet einen Beitrag zur juristischen Aufarbeitung von NS-Unrecht in den beiden deutschen Staaten nach Kriegsende und in der Nachwendezeit.<\/p>","protected":false},"excerpt":{"rendered":"<p class=\"qtranxs-available-languages-message qtranxs-available-languages-message-en\">Sorry, this entry is only available in <a href=\"https:\/\/shop.verlag.uni-potsdam.de\/de\/wp-json\/wp\/v2\/product\/96452\" class=\"qtranxs-available-language-link qtranxs-available-language-link-de\" title=\"Deutsch\">Deutsch<\/a>.<\/p>\n<p>Als Eberhard Specht (1915\u20132015) im April 2015 den Urteilsspruch des Bundesverwaltungsgerichts (BVerwG) vernahm, dass er f\u00fcr das ihm widerfahrende Unrecht entsch\u00e4digt werden muss, endete ein 70 Jahre andauernder Eigentumsstreit. Im hohen Alter von 99 Jahren wurde der ehemalige Gutsbesitzer Specht erneut zum rechtm\u00e4\u00dfigen Eigent\u00fcmer des Gutes Dolgenbrodt, gelegen im gleichnamigen Ort im Landkreis Dahme-Spreewald. Drei historische Z\u00e4suren waren f\u00fcr Spechts Schicksal von Bedeutung: der Nationalsozialismus (1933\u20131945), die Bodenreform in der Sowjetischen Besatzungszone (SBZ) (1945\u20131946) sowie die deutsche Wiedervereinigung (1990).&nbsp;<br \/>Die Dissertation verfolgt das Ziel, den 70 Jahre andauernden Rechtsstreit Eberhard Spechts um das Gut Dolgenbrodt zu untersuchen. Von 1945 bis 1990 wurden seitens der Nationalsozialisten, der Sowjetunion sowie der DDR historische Fakten geschaffen, die Specht seinen Anspruch auf die L\u00e4nderei verwehrten. Erst die Herstellung der deutschen Einheit ver\u00e4nderte die juristische Ausgangssituation f\u00fcr Specht und eine Vielzahl weiterer Betroffener. Die Hoffnung auf Wiedergutmachung bekam rechtlich neuen Boden.&nbsp;<br \/>Den Schwerpunkt der Untersuchung bilden die nach der deutschen Wiedervereinigung durch Specht initiierten Gerichtsverfahren zwischen 1991 und 2015. Mehrere Verhandlungen \u00fcber einen Zeitraum von mehr als 20 Jahren f\u00fchrten u.\u2006a. am Verwaltungsgericht (VG) in Cottbus zun\u00e4chst zu dem Ergebnis, dass Eberhard Spechts R\u00fcck\u00fcbertragungsgesuche auf das Gut Dolgenbrodt abgewiesen wurden. Die historischen Fakten, welche zu dem Schicksal der Familie Specht f\u00fchrten, fanden keine Beachtung. Selbst die Authentizit\u00e4t von Archivalien wurde im Verfahrensverlauf seitens der rechtsprechenden Organe und beklagten Gemeinde angezweifelt.<br \/>Die Arbeit leistet einen Beitrag zur juristischen Aufarbeitung von NS-Unrecht in den beiden deutschen Staaten nach Kriegsende und in der Nachwendezeit.<\/p>\n","protected":false},"featured_media":96453,"template":"","meta":{"_acf_changed":false},"product_brand":[],"product_cat":[6207],"product_tag":[7276],"class_list":{"0":"post-96452","1":"product","2":"type-product","3":"status-publish","4":"has-post-thumbnail","6":"product_cat-geschichte-web-kategorie","7":"product_tag-bodenreform-entschaedigung-ns-unrecht-nationalsozialismus-restitution-wiedergutmachung-wiedervereinigung","8":"autor-stephan-kummer","10":"first","11":"instock","12":"shipping-taxable","13":"purchasable","14":"product-type-simple"},"acf":[],"yoast_head":"<!-- This site is optimized with the Yoast SEO plugin v27.1.1 - https:\/\/yoast.com\/product\/yoast-seo-wordpress\/ -->\n<title>Gut Dolgenbrodt 1945\u20132015 - Universit\u00e4tsverlag Potsdam<\/title>\n<meta name=\"robots\" content=\"index, follow, max-snippet:-1, max-image-preview:large, max-video-preview:-1\" \/>\n<link rel=\"canonical\" href=\"https:\/\/shop.verlag.uni-potsdam.de\/en\/shop\/gut-dolgenbrodt-1945-2015\/\" \/>\n<meta property=\"og:locale\" content=\"en_US\" \/>\n<meta property=\"og:type\" content=\"article\" \/>\n<meta property=\"og:title\" content=\"Gut Dolgenbrodt 1945\u20132015 - Universit\u00e4tsverlag Potsdam\" \/>\n<meta property=\"og:description\" content=\"Als Eberhard Specht (1915\u20132015) im April 2015 den Urteilsspruch des Bundesverwaltungsgerichts (BVerwG) vernahm, dass er f\u00fcr das ihm widerfahrende Unrecht entsch\u00e4digt werden muss, endete ein 70 Jahre andauernder Eigentumsstreit. Im hohen Alter von 99 Jahren wurde der ehemalige Gutsbesitzer Specht erneut zum rechtm\u00e4\u00dfigen Eigent\u00fcmer des Gutes Dolgenbrodt, gelegen im gleichnamigen Ort im Landkreis Dahme-Spreewald. Drei historische Z\u00e4suren waren f\u00fcr Spechts Schicksal von Bedeutung: der Nationalsozialismus (1933\u20131945), die Bodenreform in der Sowjetischen Besatzungszone (SBZ) (1945\u20131946) sowie die deutsche Wiedervereinigung (1990).&nbsp;Die Dissertation verfolgt das Ziel, den 70 Jahre andauernden Rechtsstreit Eberhard Spechts um das Gut Dolgenbrodt zu untersuchen. Von 1945 bis 1990 wurden seitens der Nationalsozialisten, der Sowjetunion sowie der DDR historische Fakten geschaffen, die Specht seinen Anspruch auf die L\u00e4nderei verwehrten. Erst die Herstellung der deutschen Einheit ver\u00e4nderte die juristische Ausgangssituation f\u00fcr Specht und eine Vielzahl weiterer Betroffener. Die Hoffnung auf Wiedergutmachung bekam rechtlich neuen Boden.&nbsp;Den Schwerpunkt der Untersuchung bilden die nach der deutschen Wiedervereinigung durch Specht initiierten Gerichtsverfahren zwischen 1991 und 2015. Mehrere Verhandlungen \u00fcber einen Zeitraum von mehr als 20 Jahren f\u00fchrten u.\u2006a. am Verwaltungsgericht (VG) in Cottbus zun\u00e4chst zu dem Ergebnis, dass Eberhard Spechts R\u00fcck\u00fcbertragungsgesuche auf das Gut Dolgenbrodt abgewiesen wurden. Die historischen Fakten, welche zu dem Schicksal der Familie Specht f\u00fchrten, fanden keine Beachtung. Selbst die Authentizit\u00e4t von Archivalien wurde im Verfahrensverlauf seitens der rechtsprechenden Organe und beklagten Gemeinde angezweifelt.Die Arbeit leistet einen Beitrag zur juristischen Aufarbeitung von NS-Unrecht in den beiden deutschen Staaten nach Kriegsende und in der Nachwendezeit.\" \/>\n<meta property=\"og:url\" content=\"https:\/\/shop.verlag.uni-potsdam.de\/en\/shop\/gut-dolgenbrodt-1945-2015\/\" \/>\n<meta property=\"og:site_name\" content=\"Universit\u00e4tsverlag Potsdam\" \/>\n<meta property=\"article:modified_time\" content=\"2026-03-23T10:57:02+00:00\" \/>\n<meta property=\"og:image\" content=\"https:\/\/shop.verlag.uni-potsdam.de\/wp-content\/uploads\/asolmerce\/image-978-3-86956-587-3.jpg\" \/>\n\t<meta property=\"og:image:width\" content=\"1813\" \/>\n\t<meta property=\"og:image:height\" content=\"2560\" \/>\n\t<meta property=\"og:image:type\" content=\"image\/jpeg\" \/>\n<meta name=\"twitter:card\" content=\"summary_large_image\" \/>\n<meta name=\"twitter:label1\" content=\"Est. reading time\" \/>\n\t<meta name=\"twitter:data1\" content=\"1 minute\" \/>\n<script type=\"application\/ld+json\" class=\"yoast-schema-graph\">{\"@context\":\"https:\/\/schema.org\",\"@graph\":[{\"@type\":\"WebPage\",\"@id\":\"https:\/\/shop.verlag.uni-potsdam.de\/en\/shop\/gut-dolgenbrodt-1945-2015\/\",\"url\":\"https:\/\/shop.verlag.uni-potsdam.de\/en\/shop\/gut-dolgenbrodt-1945-2015\/\",\"name\":\"Gut Dolgenbrodt 1945\u20132015 - Universit\u00e4tsverlag Potsdam\",\"isPartOf\":{\"@id\":\"https:\/\/shop.verlag.uni-potsdam.de\/en\/#website\"},\"primaryImageOfPage\":{\"@id\":\"https:\/\/shop.verlag.uni-potsdam.de\/en\/shop\/gut-dolgenbrodt-1945-2015\/#primaryimage\"},\"image\":{\"@id\":\"https:\/\/shop.verlag.uni-potsdam.de\/shop\/gut-dolgenbrodt-1945-2015\/#primaryimage\"},\"thumbnailUrl\":\"https:\/\/shop.verlag.uni-potsdam.de\/wp-content\/uploads\/asolmerce\/image-978-3-86956-587-3.jpg\",\"datePublished\":\"2026-03-23T08:56:02+00:00\",\"dateModified\":\"2026-03-23T10:57:02+00:00\",\"breadcrumb\":{\"@id\":\"https:\/\/shop.verlag.uni-potsdam.de\/en\/shop\/gut-dolgenbrodt-1945-2015\/#breadcrumb\"},\"inLanguage\":\"en-US\",\"potentialAction\":[{\"@type\":\"ReadAction\",\"target\":[[\"https:\/\/shop.verlag.uni-potsdam.de\/en\/shop\/gut-dolgenbrodt-1945-2015\/\"]]}]},{\"@type\":\"ImageObject\",\"inLanguage\":\"en-US\",\"@id\":\"https:\/\/shop.verlag.uni-potsdam.de\/en\/shop\/gut-dolgenbrodt-1945-2015\/#primaryimage\",\"url\":\"https:\/\/shop.verlag.uni-potsdam.de\/wp-content\/uploads\/asolmerce\/image-978-3-86956-587-3.jpg\",\"contentUrl\":\"https:\/\/shop.verlag.uni-potsdam.de\/wp-content\/uploads\/asolmerce\/image-978-3-86956-587-3.jpg\",\"width\":1813,\"height\":2560},{\"@type\":\"BreadcrumbList\",\"@id\":\"https:\/\/shop.verlag.uni-potsdam.de\/en\/shop\/gut-dolgenbrodt-1945-2015\/#breadcrumb\",\"itemListElement\":[{\"@type\":\"ListItem\",\"position\":1,\"name\":\"Startseite\",\"item\":\"https:\/\/shop.verlag.uni-potsdam.de\/en\/\"},{\"@type\":\"ListItem\",\"position\":2,\"name\":\"Shop\",\"item\":\"https:\/\/shop.verlag.uni-potsdam.de\/en\/shop\/\"},{\"@type\":\"ListItem\",\"position\":3,\"name\":\"Gut Dolgenbrodt 1945\u20132015\"}]},{\"@type\":\"WebSite\",\"@id\":\"https:\/\/shop.verlag.uni-potsdam.de\/en\/#website\",\"url\":\"https:\/\/shop.verlag.uni-potsdam.de\/en\/\",\"name\":\"Universit\u00e4tsverlag Potsdam\",\"description\":\"\",\"publisher\":{\"@id\":\"https:\/\/shop.verlag.uni-potsdam.de\/en\/#organization\"},\"potentialAction\":[{\"@type\":\"SearchAction\",\"target\":{\"@type\":\"EntryPoint\",\"urlTemplate\":\"https:\/\/shop.verlag.uni-potsdam.de\/en\/?s={search_term_string}\"},\"query-input\":{\"@type\":\"PropertyValueSpecification\",\"valueRequired\":true,\"valueName\":\"search_term_string\"}}],\"inLanguage\":\"en-US\"},{\"@type\":\"Organization\",\"@id\":\"https:\/\/shop.verlag.uni-potsdam.de\/en\/#organization\",\"name\":\"Universit\u00e4tsverlag Potsdam\",\"url\":\"https:\/\/shop.verlag.uni-potsdam.de\/en\/\",\"logo\":{\"@type\":\"ImageObject\",\"inLanguage\":\"en-US\",\"@id\":\"https:\/\/shop.verlag.uni-potsdam.de\/en\/#\/schema\/logo\/image\/\",\"url\":\"https:\/\/shop.verlag.uni-potsdam.de\/wp-content\/uploads\/2017\/04\/up_logo_university_2.png\",\"contentUrl\":\"https:\/\/shop.verlag.uni-potsdam.de\/wp-content\/uploads\/2017\/04\/up_logo_university_2.png\",\"width\":160,\"height\":172,\"caption\":\"Universit\u00e4tsverlag Potsdam\"},\"image\":{\"@id\":\"https:\/\/shop.verlag.uni-potsdam.de\/en\/#\/schema\/logo\/image\/\"}}]}<\/script>\n<!-- \/ Yoast SEO plugin. -->","yoast_head_json":{"title":"Gut Dolgenbrodt 1945\u20132015 - Universit\u00e4tsverlag Potsdam","robots":{"index":"index","follow":"follow","max-snippet":"max-snippet:-1","max-image-preview":"max-image-preview:large","max-video-preview":"max-video-preview:-1"},"canonical":"https:\/\/shop.verlag.uni-potsdam.de\/en\/shop\/gut-dolgenbrodt-1945-2015\/","og_locale":"en_US","og_type":"article","og_title":"Gut Dolgenbrodt 1945\u20132015 - Universit\u00e4tsverlag Potsdam","og_description":"Als Eberhard Specht (1915\u20132015) im April 2015 den Urteilsspruch des Bundesverwaltungsgerichts (BVerwG) vernahm, dass er f\u00fcr das ihm widerfahrende Unrecht entsch\u00e4digt werden muss, endete ein 70 Jahre andauernder Eigentumsstreit. Im hohen Alter von 99 Jahren wurde der ehemalige Gutsbesitzer Specht erneut zum rechtm\u00e4\u00dfigen Eigent\u00fcmer des Gutes Dolgenbrodt, gelegen im gleichnamigen Ort im Landkreis Dahme-Spreewald. Drei historische Z\u00e4suren waren f\u00fcr Spechts Schicksal von Bedeutung: der Nationalsozialismus (1933\u20131945), die Bodenreform in der Sowjetischen Besatzungszone (SBZ) (1945\u20131946) sowie die deutsche Wiedervereinigung (1990).&nbsp;Die Dissertation verfolgt das Ziel, den 70 Jahre andauernden Rechtsstreit Eberhard Spechts um das Gut Dolgenbrodt zu untersuchen. Von 1945 bis 1990 wurden seitens der Nationalsozialisten, der Sowjetunion sowie der DDR historische Fakten geschaffen, die Specht seinen Anspruch auf die L\u00e4nderei verwehrten. Erst die Herstellung der deutschen Einheit ver\u00e4nderte die juristische Ausgangssituation f\u00fcr Specht und eine Vielzahl weiterer Betroffener. Die Hoffnung auf Wiedergutmachung bekam rechtlich neuen Boden.&nbsp;Den Schwerpunkt der Untersuchung bilden die nach der deutschen Wiedervereinigung durch Specht initiierten Gerichtsverfahren zwischen 1991 und 2015. Mehrere Verhandlungen \u00fcber einen Zeitraum von mehr als 20 Jahren f\u00fchrten u.\u2006a. am Verwaltungsgericht (VG) in Cottbus zun\u00e4chst zu dem Ergebnis, dass Eberhard Spechts R\u00fcck\u00fcbertragungsgesuche auf das Gut Dolgenbrodt abgewiesen wurden. Die historischen Fakten, welche zu dem Schicksal der Familie Specht f\u00fchrten, fanden keine Beachtung. Selbst die Authentizit\u00e4t von Archivalien wurde im Verfahrensverlauf seitens der rechtsprechenden Organe und beklagten Gemeinde angezweifelt.Die Arbeit leistet einen Beitrag zur juristischen Aufarbeitung von NS-Unrecht in den beiden deutschen Staaten nach Kriegsende und in der Nachwendezeit.","og_url":"https:\/\/shop.verlag.uni-potsdam.de\/en\/shop\/gut-dolgenbrodt-1945-2015\/","og_site_name":"Universit\u00e4tsverlag Potsdam","article_modified_time":"2026-03-23T10:57:02+00:00","og_image":[{"width":1813,"height":2560,"url":"https:\/\/shop.verlag.uni-potsdam.de\/wp-content\/uploads\/asolmerce\/image-978-3-86956-587-3.jpg","type":"image\/jpeg"}],"twitter_card":"summary_large_image","twitter_misc":{"Est. reading time":"1 minute"},"schema":{"@context":"https:\/\/schema.org","@graph":[{"@type":"WebPage","@id":"https:\/\/shop.verlag.uni-potsdam.de\/en\/shop\/gut-dolgenbrodt-1945-2015\/","url":"https:\/\/shop.verlag.uni-potsdam.de\/en\/shop\/gut-dolgenbrodt-1945-2015\/","name":"Gut Dolgenbrodt 1945\u20132015 - Universit\u00e4tsverlag Potsdam","isPartOf":{"@id":"https:\/\/shop.verlag.uni-potsdam.de\/en\/#website"},"primaryImageOfPage":{"@id":"https:\/\/shop.verlag.uni-potsdam.de\/en\/shop\/gut-dolgenbrodt-1945-2015\/#primaryimage"},"image":{"@id":"https:\/\/shop.verlag.uni-potsdam.de\/shop\/gut-dolgenbrodt-1945-2015\/#primaryimage"},"thumbnailUrl":"https:\/\/shop.verlag.uni-potsdam.de\/wp-content\/uploads\/asolmerce\/image-978-3-86956-587-3.jpg","datePublished":"2026-03-23T08:56:02+00:00","dateModified":"2026-03-23T10:57:02+00:00","breadcrumb":{"@id":"https:\/\/shop.verlag.uni-potsdam.de\/en\/shop\/gut-dolgenbrodt-1945-2015\/#breadcrumb"},"inLanguage":"en-US","potentialAction":[{"@type":"ReadAction","target":[["https:\/\/shop.verlag.uni-potsdam.de\/en\/shop\/gut-dolgenbrodt-1945-2015\/"]]}]},{"@type":"ImageObject","inLanguage":"en-US","@id":"https:\/\/shop.verlag.uni-potsdam.de\/en\/shop\/gut-dolgenbrodt-1945-2015\/#primaryimage","url":"https:\/\/shop.verlag.uni-potsdam.de\/wp-content\/uploads\/asolmerce\/image-978-3-86956-587-3.jpg","contentUrl":"https:\/\/shop.verlag.uni-potsdam.de\/wp-content\/uploads\/asolmerce\/image-978-3-86956-587-3.jpg","width":1813,"height":2560},{"@type":"BreadcrumbList","@id":"https:\/\/shop.verlag.uni-potsdam.de\/en\/shop\/gut-dolgenbrodt-1945-2015\/#breadcrumb","itemListElement":[{"@type":"ListItem","position":1,"name":"Startseite","item":"https:\/\/shop.verlag.uni-potsdam.de\/en\/"},{"@type":"ListItem","position":2,"name":"Shop","item":"https:\/\/shop.verlag.uni-potsdam.de\/en\/shop\/"},{"@type":"ListItem","position":3,"name":"Gut Dolgenbrodt 1945\u20132015"}]},{"@type":"WebSite","@id":"https:\/\/shop.verlag.uni-potsdam.de\/en\/#website","url":"https:\/\/shop.verlag.uni-potsdam.de\/en\/","name":"Universit\u00e4tsverlag Potsdam","description":"","publisher":{"@id":"https:\/\/shop.verlag.uni-potsdam.de\/en\/#organization"},"potentialAction":[{"@type":"SearchAction","target":{"@type":"EntryPoint","urlTemplate":"https:\/\/shop.verlag.uni-potsdam.de\/en\/?s={search_term_string}"},"query-input":{"@type":"PropertyValueSpecification","valueRequired":true,"valueName":"search_term_string"}}],"inLanguage":"en-US"},{"@type":"Organization","@id":"https:\/\/shop.verlag.uni-potsdam.de\/en\/#organization","name":"Universit\u00e4tsverlag Potsdam","url":"https:\/\/shop.verlag.uni-potsdam.de\/en\/","logo":{"@type":"ImageObject","inLanguage":"en-US","@id":"https:\/\/shop.verlag.uni-potsdam.de\/en\/#\/schema\/logo\/image\/","url":"https:\/\/shop.verlag.uni-potsdam.de\/wp-content\/uploads\/2017\/04\/up_logo_university_2.png","contentUrl":"https:\/\/shop.verlag.uni-potsdam.de\/wp-content\/uploads\/2017\/04\/up_logo_university_2.png","width":160,"height":172,"caption":"Universit\u00e4tsverlag Potsdam"},"image":{"@id":"https:\/\/shop.verlag.uni-potsdam.de\/en\/#\/schema\/logo\/image\/"}}]}},"_links":{"self":[{"href":"https:\/\/shop.verlag.uni-potsdam.de\/en\/wp-json\/wp\/v2\/product\/96452","targetHints":{"allow":["GET"]}}],"collection":[{"href":"https:\/\/shop.verlag.uni-potsdam.de\/en\/wp-json\/wp\/v2\/product"}],"about":[{"href":"https:\/\/shop.verlag.uni-potsdam.de\/en\/wp-json\/wp\/v2\/types\/product"}],"wp:featuredmedia":[{"embeddable":true,"href":"https:\/\/shop.verlag.uni-potsdam.de\/en\/wp-json\/wp\/v2\/media\/96453"}],"wp:attachment":[{"href":"https:\/\/shop.verlag.uni-potsdam.de\/en\/wp-json\/wp\/v2\/media?parent=96452"}],"wp:term":[{"taxonomy":"product_brand","embeddable":true,"href":"https:\/\/shop.verlag.uni-potsdam.de\/en\/wp-json\/wp\/v2\/product_brand?post=96452"},{"taxonomy":"product_cat","embeddable":true,"href":"https:\/\/shop.verlag.uni-potsdam.de\/en\/wp-json\/wp\/v2\/product_cat?post=96452"},{"taxonomy":"product_tag","embeddable":true,"href":"https:\/\/shop.verlag.uni-potsdam.de\/en\/wp-json\/wp\/v2\/product_tag?post=96452"}],"curies":[{"name":"wp","href":"https:\/\/api.w.org\/{rel}","templated":true}]}}