{"id":96466,"date":"2026-03-23T08:56:02","date_gmt":"2026-03-23T08:56:02","guid":{"rendered":"https:\/\/shop.verlag.uni-potsdam.de\/shop\/empty-product-container-25\/"},"modified":"2026-03-23T11:57:02","modified_gmt":"2026-03-23T10:57:02","slug":"aqua-vita-est-ebook","status":"publish","type":"product","link":"https:\/\/shop.verlag.uni-potsdam.de\/en\/shop\/aqua-vita-est-ebook\/","title":{"rendered":"Aqua vita est"},"content":{"rendered":"<p class=\"qtranxs-available-languages-message qtranxs-available-languages-message-en\">Sorry, this entry is only available in <a href=\"https:\/\/shop.verlag.uni-potsdam.de\/de\/wp-json\/wp\/v2\/product\/96466\" class=\"qtranxs-available-language-link qtranxs-available-language-link-de\" title=\"Deutsch\">Deutsch<\/a>.<\/p><p>Wasser ist eine der essenziellen Ressourcen der Menschheit. F\u00fcr die R\u00f6mer war es aber auch ein Symbol f\u00fcr Wohlstand, Macht und Zivilisation. Mit ihren Aqu\u00e4dukten, Kanalsystemen und Thermen schufen sie eine beeindruckende Wasserinfrastruktur. Die damit einhergehenden Umweltprobleme k\u00f6nnen in mehrfacher Hinsicht mit der heutigen Nutzung von Wasser verglichen werden. Das Arbeitsheft stellt daher den Umgang mit Wasser in der Antike in den Kontext aktueller Umweltfragen. Es erm\u00f6glicht den Lernenden, Parallelen zwischen den damaligen und heutigen Herausforderungen der Wasserversorgung zu erkennen, die technischen L\u00f6sungen der R\u00f6mer zu analysieren und deren Nachhaltigkeitsaspekte zu bewerten.<\/p>","protected":false},"excerpt":{"rendered":"<p class=\"qtranxs-available-languages-message qtranxs-available-languages-message-en\">Sorry, this entry is only available in <a href=\"https:\/\/shop.verlag.uni-potsdam.de\/de\/wp-json\/wp\/v2\/product\/96466\" class=\"qtranxs-available-language-link qtranxs-available-language-link-de\" title=\"Deutsch\">Deutsch<\/a>.<\/p>\n<p>Wasser ist eine der essenziellen Ressourcen der Menschheit. F\u00fcr die R\u00f6mer war es aber auch ein Symbol f\u00fcr Wohlstand, Macht und Zivilisation. Mit ihren Aqu\u00e4dukten, Kanalsystemen und Thermen schufen sie eine beeindruckende Wasserinfrastruktur. Die damit einhergehenden Umweltprobleme k\u00f6nnen in mehrfacher Hinsicht mit der heutigen Nutzung von Wasser verglichen werden. Das Arbeitsheft stellt daher den Umgang mit Wasser in der Antike in den Kontext aktueller Umweltfragen. Es erm\u00f6glicht den Lernenden, Parallelen zwischen den damaligen und heutigen Herausforderungen der Wasserversorgung zu erkennen, die technischen L\u00f6sungen der R\u00f6mer zu analysieren und deren Nachhaltigkeitsaspekte zu bewerten.<\/p>\n","protected":false},"featured_media":96532,"template":"","meta":{"_acf_changed":false},"product_brand":[],"product_cat":[6212],"product_tag":[7421],"class_list":{"0":"post-96466","1":"product","2":"type-product","3":"status-publish","4":"has-post-thumbnail","6":"product_cat-klassische-sprachwissenschaft-literaturwissenschaft-web-kategorie","7":"product_tag-lateinunterricht-nachhaltigkeit-ressource-schuelermaterial-wasser","8":"autor-annemarie-fuchs","9":"edition-online-only","11":"first","12":"instock","13":"downloadable","14":"virtual","15":"product-type-simple"},"acf":[],"yoast_head":"<!-- This site is optimized with the Yoast SEO plugin v27.1.1 - https:\/\/yoast.com\/product\/yoast-seo-wordpress\/ -->\n<title>Aqua vita est - Universit\u00e4tsverlag Potsdam<\/title>\n<meta name=\"robots\" content=\"index, follow, max-snippet:-1, max-image-preview:large, max-video-preview:-1\" \/>\n<link rel=\"canonical\" href=\"https:\/\/shop.verlag.uni-potsdam.de\/en\/shop\/aqua-vita-est-ebook\/\" \/>\n<meta property=\"og:locale\" content=\"en_US\" \/>\n<meta property=\"og:type\" content=\"article\" \/>\n<meta property=\"og:title\" content=\"Aqua vita est - Universit\u00e4tsverlag Potsdam\" \/>\n<meta property=\"og:description\" content=\"Wasser ist eine der essenziellen Ressourcen der Menschheit. F\u00fcr die R\u00f6mer war es aber auch ein Symbol f\u00fcr Wohlstand, Macht und Zivilisation. Mit ihren Aqu\u00e4dukten, Kanalsystemen und Thermen schufen sie eine beeindruckende Wasserinfrastruktur. Die damit einhergehenden Umweltprobleme k\u00f6nnen in mehrfacher Hinsicht mit der heutigen Nutzung von Wasser verglichen werden. Das Arbeitsheft stellt daher den Umgang mit Wasser in der Antike in den Kontext aktueller Umweltfragen. Es erm\u00f6glicht den Lernenden, Parallelen zwischen den damaligen und heutigen Herausforderungen der Wasserversorgung zu erkennen, die technischen L\u00f6sungen der R\u00f6mer zu analysieren und deren Nachhaltigkeitsaspekte zu bewerten.\" \/>\n<meta property=\"og:url\" content=\"https:\/\/shop.verlag.uni-potsdam.de\/en\/shop\/aqua-vita-est-ebook\/\" \/>\n<meta property=\"og:site_name\" content=\"Universit\u00e4tsverlag Potsdam\" \/>\n<meta property=\"article:modified_time\" content=\"2026-03-23T10:57:02+00:00\" \/>\n<meta property=\"og:image\" content=\"https:\/\/shop.verlag.uni-potsdam.de\/wp-content\/uploads\/asolmerce\/image-u1_copia10.jpg\" \/>\n\t<meta property=\"og:image:width\" content=\"1810\" \/>\n\t<meta property=\"og:image:height\" content=\"2560\" \/>\n\t<meta property=\"og:image:type\" content=\"image\/jpeg\" \/>\n<meta name=\"twitter:card\" content=\"summary_large_image\" \/>\n<meta name=\"twitter:label1\" content=\"Est. reading time\" \/>\n\t<meta name=\"twitter:data1\" content=\"1 minute\" \/>\n<script type=\"application\/ld+json\" class=\"yoast-schema-graph\">{\"@context\":\"https:\/\/schema.org\",\"@graph\":[{\"@type\":\"WebPage\",\"@id\":\"https:\/\/shop.verlag.uni-potsdam.de\/en\/shop\/aqua-vita-est-ebook\/\",\"url\":\"https:\/\/shop.verlag.uni-potsdam.de\/en\/shop\/aqua-vita-est-ebook\/\",\"name\":\"Aqua vita est - Universit\u00e4tsverlag Potsdam\",\"isPartOf\":{\"@id\":\"https:\/\/shop.verlag.uni-potsdam.de\/en\/#website\"},\"primaryImageOfPage\":{\"@id\":\"https:\/\/shop.verlag.uni-potsdam.de\/en\/shop\/aqua-vita-est-ebook\/#primaryimage\"},\"image\":{\"@id\":\"https:\/\/shop.verlag.uni-potsdam.de\/shop\/aqua-vita-est-ebook\/#primaryimage\"},\"thumbnailUrl\":\"https:\/\/shop.verlag.uni-potsdam.de\/wp-content\/uploads\/asolmerce\/image-u1_copia10.jpg\",\"datePublished\":\"2026-03-23T08:56:02+00:00\",\"dateModified\":\"2026-03-23T10:57:02+00:00\",\"breadcrumb\":{\"@id\":\"https:\/\/shop.verlag.uni-potsdam.de\/en\/shop\/aqua-vita-est-ebook\/#breadcrumb\"},\"inLanguage\":\"en-US\",\"potentialAction\":[{\"@type\":\"ReadAction\",\"target\":[[\"https:\/\/shop.verlag.uni-potsdam.de\/en\/shop\/aqua-vita-est-ebook\/\"]]}]},{\"@type\":\"ImageObject\",\"inLanguage\":\"en-US\",\"@id\":\"https:\/\/shop.verlag.uni-potsdam.de\/en\/shop\/aqua-vita-est-ebook\/#primaryimage\",\"url\":\"https:\/\/shop.verlag.uni-potsdam.de\/wp-content\/uploads\/asolmerce\/image-u1_copia10.jpg\",\"contentUrl\":\"https:\/\/shop.verlag.uni-potsdam.de\/wp-content\/uploads\/asolmerce\/image-u1_copia10.jpg\",\"width\":1810,\"height\":2560},{\"@type\":\"BreadcrumbList\",\"@id\":\"https:\/\/shop.verlag.uni-potsdam.de\/en\/shop\/aqua-vita-est-ebook\/#breadcrumb\",\"itemListElement\":[{\"@type\":\"ListItem\",\"position\":1,\"name\":\"Startseite\",\"item\":\"https:\/\/shop.verlag.uni-potsdam.de\/en\/\"},{\"@type\":\"ListItem\",\"position\":2,\"name\":\"Shop\",\"item\":\"https:\/\/shop.verlag.uni-potsdam.de\/en\/shop\/\"},{\"@type\":\"ListItem\",\"position\":3,\"name\":\"Aqua vita est\"}]},{\"@type\":\"WebSite\",\"@id\":\"https:\/\/shop.verlag.uni-potsdam.de\/en\/#website\",\"url\":\"https:\/\/shop.verlag.uni-potsdam.de\/en\/\",\"name\":\"Universit\u00e4tsverlag Potsdam\",\"description\":\"\",\"publisher\":{\"@id\":\"https:\/\/shop.verlag.uni-potsdam.de\/en\/#organization\"},\"potentialAction\":[{\"@type\":\"SearchAction\",\"target\":{\"@type\":\"EntryPoint\",\"urlTemplate\":\"https:\/\/shop.verlag.uni-potsdam.de\/en\/?s={search_term_string}\"},\"query-input\":{\"@type\":\"PropertyValueSpecification\",\"valueRequired\":true,\"valueName\":\"search_term_string\"}}],\"inLanguage\":\"en-US\"},{\"@type\":\"Organization\",\"@id\":\"https:\/\/shop.verlag.uni-potsdam.de\/en\/#organization\",\"name\":\"Universit\u00e4tsverlag Potsdam\",\"url\":\"https:\/\/shop.verlag.uni-potsdam.de\/en\/\",\"logo\":{\"@type\":\"ImageObject\",\"inLanguage\":\"en-US\",\"@id\":\"https:\/\/shop.verlag.uni-potsdam.de\/en\/#\/schema\/logo\/image\/\",\"url\":\"https:\/\/shop.verlag.uni-potsdam.de\/wp-content\/uploads\/2017\/04\/up_logo_university_2.png\",\"contentUrl\":\"https:\/\/shop.verlag.uni-potsdam.de\/wp-content\/uploads\/2017\/04\/up_logo_university_2.png\",\"width\":160,\"height\":172,\"caption\":\"Universit\u00e4tsverlag Potsdam\"},\"image\":{\"@id\":\"https:\/\/shop.verlag.uni-potsdam.de\/en\/#\/schema\/logo\/image\/\"}}]}<\/script>\n<!-- \/ Yoast SEO plugin. -->","yoast_head_json":{"title":"Aqua vita est - Universit\u00e4tsverlag Potsdam","robots":{"index":"index","follow":"follow","max-snippet":"max-snippet:-1","max-image-preview":"max-image-preview:large","max-video-preview":"max-video-preview:-1"},"canonical":"https:\/\/shop.verlag.uni-potsdam.de\/en\/shop\/aqua-vita-est-ebook\/","og_locale":"en_US","og_type":"article","og_title":"Aqua vita est - Universit\u00e4tsverlag Potsdam","og_description":"Wasser ist eine der essenziellen Ressourcen der Menschheit. F\u00fcr die R\u00f6mer war es aber auch ein Symbol f\u00fcr Wohlstand, Macht und Zivilisation. Mit ihren Aqu\u00e4dukten, Kanalsystemen und Thermen schufen sie eine beeindruckende Wasserinfrastruktur. Die damit einhergehenden Umweltprobleme k\u00f6nnen in mehrfacher Hinsicht mit der heutigen Nutzung von Wasser verglichen werden. Das Arbeitsheft stellt daher den Umgang mit Wasser in der Antike in den Kontext aktueller Umweltfragen. Es erm\u00f6glicht den Lernenden, Parallelen zwischen den damaligen und heutigen Herausforderungen der Wasserversorgung zu erkennen, die technischen L\u00f6sungen der R\u00f6mer zu analysieren und deren Nachhaltigkeitsaspekte zu bewerten.","og_url":"https:\/\/shop.verlag.uni-potsdam.de\/en\/shop\/aqua-vita-est-ebook\/","og_site_name":"Universit\u00e4tsverlag Potsdam","article_modified_time":"2026-03-23T10:57:02+00:00","og_image":[{"width":1810,"height":2560,"url":"https:\/\/shop.verlag.uni-potsdam.de\/wp-content\/uploads\/asolmerce\/image-u1_copia10.jpg","type":"image\/jpeg"}],"twitter_card":"summary_large_image","twitter_misc":{"Est. reading time":"1 minute"},"schema":{"@context":"https:\/\/schema.org","@graph":[{"@type":"WebPage","@id":"https:\/\/shop.verlag.uni-potsdam.de\/en\/shop\/aqua-vita-est-ebook\/","url":"https:\/\/shop.verlag.uni-potsdam.de\/en\/shop\/aqua-vita-est-ebook\/","name":"Aqua vita est - Universit\u00e4tsverlag Potsdam","isPartOf":{"@id":"https:\/\/shop.verlag.uni-potsdam.de\/en\/#website"},"primaryImageOfPage":{"@id":"https:\/\/shop.verlag.uni-potsdam.de\/en\/shop\/aqua-vita-est-ebook\/#primaryimage"},"image":{"@id":"https:\/\/shop.verlag.uni-potsdam.de\/shop\/aqua-vita-est-ebook\/#primaryimage"},"thumbnailUrl":"https:\/\/shop.verlag.uni-potsdam.de\/wp-content\/uploads\/asolmerce\/image-u1_copia10.jpg","datePublished":"2026-03-23T08:56:02+00:00","dateModified":"2026-03-23T10:57:02+00:00","breadcrumb":{"@id":"https:\/\/shop.verlag.uni-potsdam.de\/en\/shop\/aqua-vita-est-ebook\/#breadcrumb"},"inLanguage":"en-US","potentialAction":[{"@type":"ReadAction","target":[["https:\/\/shop.verlag.uni-potsdam.de\/en\/shop\/aqua-vita-est-ebook\/"]]}]},{"@type":"ImageObject","inLanguage":"en-US","@id":"https:\/\/shop.verlag.uni-potsdam.de\/en\/shop\/aqua-vita-est-ebook\/#primaryimage","url":"https:\/\/shop.verlag.uni-potsdam.de\/wp-content\/uploads\/asolmerce\/image-u1_copia10.jpg","contentUrl":"https:\/\/shop.verlag.uni-potsdam.de\/wp-content\/uploads\/asolmerce\/image-u1_copia10.jpg","width":1810,"height":2560},{"@type":"BreadcrumbList","@id":"https:\/\/shop.verlag.uni-potsdam.de\/en\/shop\/aqua-vita-est-ebook\/#breadcrumb","itemListElement":[{"@type":"ListItem","position":1,"name":"Startseite","item":"https:\/\/shop.verlag.uni-potsdam.de\/en\/"},{"@type":"ListItem","position":2,"name":"Shop","item":"https:\/\/shop.verlag.uni-potsdam.de\/en\/shop\/"},{"@type":"ListItem","position":3,"name":"Aqua vita est"}]},{"@type":"WebSite","@id":"https:\/\/shop.verlag.uni-potsdam.de\/en\/#website","url":"https:\/\/shop.verlag.uni-potsdam.de\/en\/","name":"Universit\u00e4tsverlag Potsdam","description":"","publisher":{"@id":"https:\/\/shop.verlag.uni-potsdam.de\/en\/#organization"},"potentialAction":[{"@type":"SearchAction","target":{"@type":"EntryPoint","urlTemplate":"https:\/\/shop.verlag.uni-potsdam.de\/en\/?s={search_term_string}"},"query-input":{"@type":"PropertyValueSpecification","valueRequired":true,"valueName":"search_term_string"}}],"inLanguage":"en-US"},{"@type":"Organization","@id":"https:\/\/shop.verlag.uni-potsdam.de\/en\/#organization","name":"Universit\u00e4tsverlag Potsdam","url":"https:\/\/shop.verlag.uni-potsdam.de\/en\/","logo":{"@type":"ImageObject","inLanguage":"en-US","@id":"https:\/\/shop.verlag.uni-potsdam.de\/en\/#\/schema\/logo\/image\/","url":"https:\/\/shop.verlag.uni-potsdam.de\/wp-content\/uploads\/2017\/04\/up_logo_university_2.png","contentUrl":"https:\/\/shop.verlag.uni-potsdam.de\/wp-content\/uploads\/2017\/04\/up_logo_university_2.png","width":160,"height":172,"caption":"Universit\u00e4tsverlag Potsdam"},"image":{"@id":"https:\/\/shop.verlag.uni-potsdam.de\/en\/#\/schema\/logo\/image\/"}}]}},"_links":{"self":[{"href":"https:\/\/shop.verlag.uni-potsdam.de\/en\/wp-json\/wp\/v2\/product\/96466","targetHints":{"allow":["GET"]}}],"collection":[{"href":"https:\/\/shop.verlag.uni-potsdam.de\/en\/wp-json\/wp\/v2\/product"}],"about":[{"href":"https:\/\/shop.verlag.uni-potsdam.de\/en\/wp-json\/wp\/v2\/types\/product"}],"wp:featuredmedia":[{"embeddable":true,"href":"https:\/\/shop.verlag.uni-potsdam.de\/en\/wp-json\/wp\/v2\/media\/96532"}],"wp:attachment":[{"href":"https:\/\/shop.verlag.uni-potsdam.de\/en\/wp-json\/wp\/v2\/media?parent=96466"}],"wp:term":[{"taxonomy":"product_brand","embeddable":true,"href":"https:\/\/shop.verlag.uni-potsdam.de\/en\/wp-json\/wp\/v2\/product_brand?post=96466"},{"taxonomy":"product_cat","embeddable":true,"href":"https:\/\/shop.verlag.uni-potsdam.de\/en\/wp-json\/wp\/v2\/product_cat?post=96466"},{"taxonomy":"product_tag","embeddable":true,"href":"https:\/\/shop.verlag.uni-potsdam.de\/en\/wp-json\/wp\/v2\/product_tag?post=96466"}],"curies":[{"name":"wp","href":"https:\/\/api.w.org\/{rel}","templated":true}]}}