{"id":96470,"date":"2026-03-23T08:56:02","date_gmt":"2026-03-23T08:56:02","guid":{"rendered":"https:\/\/shop.verlag.uni-potsdam.de\/shop\/empty-product-container-25\/"},"modified":"2026-03-23T11:57:02","modified_gmt":"2026-03-23T10:57:02","slug":"zukuenfte-technischer-bildung","status":"publish","type":"product","link":"https:\/\/shop.verlag.uni-potsdam.de\/en\/shop\/zukuenfte-technischer-bildung\/","title":{"rendered":"Zuk\u00fcnfte Technischer Bildung"},"content":{"rendered":"<p class=\"qtranxs-available-languages-message qtranxs-available-languages-message-en\">Sorry, this entry is only available in <a href=\"https:\/\/shop.verlag.uni-potsdam.de\/de\/wp-json\/wp\/v2\/product\/96470\" class=\"qtranxs-available-language-link qtranxs-available-language-link-de\" title=\"Deutsch\">Deutsch<\/a>.<\/p><p>Allgemeine Technische Bildung steht im Spannungsfeld gesellschaftlicher Transformationen und digitaler Entwicklungen. Der Tagungsband zur Jahrestagung der Deutschen Gesellschaft f\u00fcr Technische Bildung (DGTB) unter dem Titel \u201eZuk\u00fcnfte technischer Bildung\u201c versammelt eine Vielzahl an Beitr\u00e4gen, die aktuelle Diskurse und Forschungsperspektiven der Technikdidaktik aufgreifen.<\/p>\n<p>Ein erster thematischer Schwerpunkt liegt auf der Rolle der Digitalisierung. Aus internationaler Perspektive wird die Entwicklung Allgemeiner Technischer Bildung in Schweden von traditionellen Werkformen hin zu curricular verankerten digitalen Inhalten beleuchtet. In zahlreichen Beitr\u00e4gen werden Herausforderungen, Chancen und didaktische Modelle digitaler Technikvermittlung diskutiert \u2013 etwa durch den Einsatz generativer KI, durch strukturierende didaktische Ans\u00e4tze zur Digitalisierung oder \u00dcberlegungen nach curricularer Integration von Data Literacy und maschinellem Lernen. Dar\u00fcber hinaus werden institutionelle Kooperationsformate zur F\u00f6rderung digitaler Kompetenzen angehender Lehrkr\u00e4fte sowie Fortbildungskonzepte f\u00fcr den \u00dcbergang von der Grundschule in die Sekundarstufe I vorgestellt.<\/p>\n<p>Ein zweiter Fokus liegt auf der Integration von Making und Kreativit\u00e4t in die technische Bildung. Der Band diskutiert theoretische Konzepte der Maker Education ebenso wie Aufgabenformaten und Kompetenzentwicklungen. Dabei werden sowohl Potenziale wie Motivation und Selbstreflexion als auch Herausforderungen, etwa im Bereich der Technikfolgenabsch\u00e4tzung, thematisiert. Auch die au\u00dferschulische Perspektive auf Makerspaces als Lernorte findet Ber\u00fccksichtigung, insbesondere hinsichtlich struktureller Kooperationsh\u00fcrden mit Schulen.<\/p>\n<p>Ein drittes Themenfeld widmet sich der Unterrichtspraxis, der Interdisziplinarit\u00e4t und der Inklusion. Der Band enth\u00e4lt Beitr\u00e4ge zur technischen Bildung im sonderp\u00e4dagogischen Kontext, zur Rekonstruktion historischer Unterrichtskonzepte sowie zur Verbindung analoger und digitaler Lernformen im Sachunterricht. Exemplarische Unterrichtsbeispiele, etwa zu methodischen Reihen oder zur technischen Analyse zweifelhafter Produkte, verdeutlichen, wie mehrperspektivisches Technikverstehen und probleml\u00f6sendes Lernen gef\u00f6rdert werden k\u00f6nnen. Auch Fragen der Professionalisierung von Lehrpersonen die der Allgemeinen Technischen Bildung, insbesondere auch im Spannungsfeld von Theorie und Praxis, werden behandelt.<\/p>\n<p>Weitere Beitr\u00e4ge richten den Blick auf zuk\u00fcnftige Lehrkr\u00e4ftebedarfe, neue Zielgruppen f\u00fcr die Lehrkr\u00e4ftebildung sowie auf \u00fcbergeordnete Fragen wie internationale Vergleichsperspektiven und die kritische Reflexion von k\u00fcnstlicher Intelligenz im Bildungsbereich.<\/p>\n<p>Der Tagungsband zeigt: Die Zukunft technischer Bildung ist vielf\u00e4ltig, dynamisch und von zahlreichen Forschungsfragen gepr\u00e4gt. Die interdisziplin\u00e4re Anlage der Beitr\u00e4ge unterstreicht die Bedeutung Allgemeiner Technischer Bildung im Kontext tiefgreifender gesellschaftlicher Umbr\u00fcche.<\/p>","protected":false},"excerpt":{"rendered":"<p class=\"qtranxs-available-languages-message qtranxs-available-languages-message-en\">Sorry, this entry is only available in <a href=\"https:\/\/shop.verlag.uni-potsdam.de\/de\/wp-json\/wp\/v2\/product\/96470\" class=\"qtranxs-available-language-link qtranxs-available-language-link-de\" title=\"Deutsch\">Deutsch<\/a>.<\/p>\n<p>Allgemeine Technische Bildung steht im Spannungsfeld gesellschaftlicher Transformationen und digitaler Entwicklungen. Der Tagungsband zur Jahrestagung der Deutschen Gesellschaft f\u00fcr Technische Bildung (DGTB) unter dem Titel \u201eZuk\u00fcnfte technischer Bildung\u201c versammelt eine Vielzahl an Beitr\u00e4gen, die aktuelle Diskurse und Forschungsperspektiven der Technikdidaktik aufgreifen.<\/p>\n<p>Ein erster thematischer Schwerpunkt liegt auf der Rolle der Digitalisierung. Aus internationaler Perspektive wird die Entwicklung Allgemeiner Technischer Bildung in Schweden von traditionellen Werkformen hin zu curricular verankerten digitalen Inhalten beleuchtet. In zahlreichen Beitr\u00e4gen werden Herausforderungen, Chancen und didaktische Modelle digitaler Technikvermittlung diskutiert \u2013 etwa durch den Einsatz generativer KI, durch strukturierende didaktische Ans\u00e4tze zur Digitalisierung oder \u00dcberlegungen nach curricularer Integration von Data Literacy und maschinellem Lernen. Dar\u00fcber hinaus werden institutionelle Kooperationsformate zur F\u00f6rderung digitaler Kompetenzen angehender Lehrkr\u00e4fte sowie Fortbildungskonzepte f\u00fcr den \u00dcbergang von der Grundschule in die Sekundarstufe I vorgestellt.<\/p>\n<p>Ein zweiter Fokus liegt auf der Integration von Making und Kreativit\u00e4t in die technische Bildung. Der Band diskutiert theoretische Konzepte der Maker Education ebenso wie Aufgabenformaten und Kompetenzentwicklungen. Dabei werden sowohl Potenziale wie Motivation und Selbstreflexion als auch Herausforderungen, etwa im Bereich der Technikfolgenabsch\u00e4tzung, thematisiert. Auch die au\u00dferschulische Perspektive auf Makerspaces als Lernorte findet Ber\u00fccksichtigung, insbesondere hinsichtlich struktureller Kooperationsh\u00fcrden mit Schulen.<\/p>\n<p>Ein drittes Themenfeld widmet sich der Unterrichtspraxis, der Interdisziplinarit\u00e4t und der Inklusion. Der Band enth\u00e4lt Beitr\u00e4ge zur technischen Bildung im sonderp\u00e4dagogischen Kontext, zur Rekonstruktion historischer Unterrichtskonzepte sowie zur Verbindung analoger und digitaler Lernformen im Sachunterricht. Exemplarische Unterrichtsbeispiele, etwa zu methodischen Reihen oder zur technischen Analyse zweifelhafter Produkte, verdeutlichen, wie mehrperspektivisches Technikverstehen und probleml\u00f6sendes Lernen gef\u00f6rdert werden k\u00f6nnen. Auch Fragen der Professionalisierung von Lehrpersonen die der Allgemeinen Technischen Bildung, insbesondere auch im Spannungsfeld von Theorie und Praxis, werden behandelt.<\/p>\n<p>Weitere Beitr\u00e4ge richten den Blick auf zuk\u00fcnftige Lehrkr\u00e4ftebedarfe, neue Zielgruppen f\u00fcr die Lehrkr\u00e4ftebildung sowie auf \u00fcbergeordnete Fragen wie internationale Vergleichsperspektiven und die kritische Reflexion von k\u00fcnstlicher Intelligenz im Bildungsbereich.<\/p>\n<p>Der Tagungsband zeigt: Die Zukunft technischer Bildung ist vielf\u00e4ltig, dynamisch und von zahlreichen Forschungsfragen gepr\u00e4gt. Die interdisziplin\u00e4re Anlage der Beitr\u00e4ge unterstreicht die Bedeutung Allgemeiner Technischer Bildung im Kontext tiefgreifender gesellschaftlicher Umbr\u00fcche.<\/p>\n","protected":false},"featured_media":96496,"template":"","meta":{"_acf_changed":false},"product_brand":[],"product_cat":[6220,6231],"product_tag":[],"class_list":{"0":"post-96470","1":"product","2":"type-product","3":"status-publish","4":"has-post-thumbnail","6":"product_cat-paedagogik-web-kategorie","7":"product_cat-technik","8":"autor-carolin-hammer","9":"autor-cecilia-axell","10":"autor-christian-hulsch","11":"autor-claudia-tenberge","12":"autor-dirk-schade","13":"autor-franz-schroeer","14":"autor-gabriela-jonas-ahrend","15":"autor-gergoe-degen","16":"autor-gert-hasenhuetl","17":"autor-isabelle-penning","18":"autor-jan-landherr","19":"autor-katrin-bock","20":"autor-katrin-temmen","21":"autor-lea-schneider","22":"autor-malin-osnabruegge","23":"autor-marco-albrecht","24":"autor-marco-wedel","25":"autor-marcus-braendle","26":"autor-mareen-derda","27":"autor-marie-schuessler","28":"autor-marius-rothe","29":"autor-markus-reiser","30":"autor-martin-binder","31":"autor-martin-fislake","32":"autor-mats-vernholz","33":"autor-matthias-schoenbeck","34":"autor-miriam-clincy","35":"autor-monika-hennig","36":"autor-nele-schemel","37":"autor-nikita-solodilow","38":"autor-stefan-braemer","39":"autor-tobias-bahr","40":"autor-tobias-wiemer","41":"autor-volker-torgau","42":"edition-online-only","43":"reihe-jahrestagungen-der-deutschen-gesellschaft-fuer-technische-bildung-e-v","45":"first","46":"instock","47":"shipping-taxable","48":"product-type-simple"},"acf":[],"yoast_head":"<!-- This site is optimized with the Yoast SEO plugin v27.1.1 - https:\/\/yoast.com\/product\/yoast-seo-wordpress\/ -->\n<title>Zuk\u00fcnfte Technischer Bildung - Universit\u00e4tsverlag Potsdam<\/title>\n<meta name=\"robots\" content=\"index, follow, max-snippet:-1, max-image-preview:large, max-video-preview:-1\" \/>\n<link rel=\"canonical\" href=\"https:\/\/shop.verlag.uni-potsdam.de\/en\/shop\/zukuenfte-technischer-bildung\/\" \/>\n<meta property=\"og:locale\" content=\"en_US\" \/>\n<meta property=\"og:type\" content=\"article\" \/>\n<meta property=\"og:title\" content=\"Zuk\u00fcnfte Technischer Bildung - Universit\u00e4tsverlag Potsdam\" \/>\n<meta property=\"og:description\" content=\"Allgemeine Technische Bildung steht im Spannungsfeld gesellschaftlicher Transformationen und digitaler Entwicklungen. Der Tagungsband zur Jahrestagung der Deutschen Gesellschaft f\u00fcr Technische Bildung (DGTB) unter dem Titel \u201eZuk\u00fcnfte technischer Bildung\u201c versammelt eine Vielzahl an Beitr\u00e4gen, die aktuelle Diskurse und Forschungsperspektiven der Technikdidaktik aufgreifen.Ein erster thematischer Schwerpunkt liegt auf der Rolle der Digitalisierung. Aus internationaler Perspektive wird die Entwicklung Allgemeiner Technischer Bildung in Schweden von traditionellen Werkformen hin zu curricular verankerten digitalen Inhalten beleuchtet. In zahlreichen Beitr\u00e4gen werden Herausforderungen, Chancen und didaktische Modelle digitaler Technikvermittlung diskutiert \u2013 etwa durch den Einsatz generativer KI, durch strukturierende didaktische Ans\u00e4tze zur Digitalisierung oder \u00dcberlegungen nach curricularer Integration von Data Literacy und maschinellem Lernen. Dar\u00fcber hinaus werden institutionelle Kooperationsformate zur F\u00f6rderung digitaler Kompetenzen angehender Lehrkr\u00e4fte sowie Fortbildungskonzepte f\u00fcr den \u00dcbergang von der Grundschule in die Sekundarstufe I vorgestellt.Ein zweiter Fokus liegt auf der Integration von Making und Kreativit\u00e4t in die technische Bildung. Der Band diskutiert theoretische Konzepte der Maker Education ebenso wie Aufgabenformaten und Kompetenzentwicklungen. Dabei werden sowohl Potenziale wie Motivation und Selbstreflexion als auch Herausforderungen, etwa im Bereich der Technikfolgenabsch\u00e4tzung, thematisiert. Auch die au\u00dferschulische Perspektive auf Makerspaces als Lernorte findet Ber\u00fccksichtigung, insbesondere hinsichtlich struktureller Kooperationsh\u00fcrden mit Schulen.Ein drittes Themenfeld widmet sich der Unterrichtspraxis, der Interdisziplinarit\u00e4t und der Inklusion. Der Band enth\u00e4lt Beitr\u00e4ge zur technischen Bildung im sonderp\u00e4dagogischen Kontext, zur Rekonstruktion historischer Unterrichtskonzepte sowie zur Verbindung analoger und digitaler Lernformen im Sachunterricht. Exemplarische Unterrichtsbeispiele, etwa zu methodischen Reihen oder zur technischen Analyse zweifelhafter Produkte, verdeutlichen, wie mehrperspektivisches Technikverstehen und probleml\u00f6sendes Lernen gef\u00f6rdert werden k\u00f6nnen. Auch Fragen der Professionalisierung von Lehrpersonen die der Allgemeinen Technischen Bildung, insbesondere auch im Spannungsfeld von Theorie und Praxis, werden behandelt.Weitere Beitr\u00e4ge richten den Blick auf zuk\u00fcnftige Lehrkr\u00e4ftebedarfe, neue Zielgruppen f\u00fcr die Lehrkr\u00e4ftebildung sowie auf \u00fcbergeordnete Fragen wie internationale Vergleichsperspektiven und die kritische Reflexion von k\u00fcnstlicher Intelligenz im Bildungsbereich.Der Tagungsband zeigt: Die Zukunft technischer Bildung ist vielf\u00e4ltig, dynamisch und von zahlreichen Forschungsfragen gepr\u00e4gt. Die interdisziplin\u00e4re Anlage der Beitr\u00e4ge unterstreicht die Bedeutung Allgemeiner Technischer Bildung im Kontext tiefgreifender gesellschaftlicher Umbr\u00fcche.\" \/>\n<meta property=\"og:url\" content=\"https:\/\/shop.verlag.uni-potsdam.de\/en\/shop\/zukuenfte-technischer-bildung\/\" \/>\n<meta property=\"og:site_name\" content=\"Universit\u00e4tsverlag Potsdam\" \/>\n<meta property=\"article:modified_time\" content=\"2026-03-23T10:57:02+00:00\" \/>\n<meta property=\"og:image\" content=\"https:\/\/shop.verlag.uni-potsdam.de\/wp-content\/uploads\/asolmerce\/image-u1_dgtb_26.jpg\" \/>\n\t<meta property=\"og:image:width\" content=\"1166\" \/>\n\t<meta property=\"og:image:height\" content=\"1654\" \/>\n\t<meta property=\"og:image:type\" content=\"image\/jpeg\" \/>\n<meta name=\"twitter:card\" content=\"summary_large_image\" \/>\n<meta name=\"twitter:label1\" content=\"Est. reading time\" \/>\n\t<meta name=\"twitter:data1\" content=\"2 minutes\" \/>\n<script type=\"application\/ld+json\" class=\"yoast-schema-graph\">{\"@context\":\"https:\/\/schema.org\",\"@graph\":[{\"@type\":\"WebPage\",\"@id\":\"https:\/\/shop.verlag.uni-potsdam.de\/en\/shop\/zukuenfte-technischer-bildung\/\",\"url\":\"https:\/\/shop.verlag.uni-potsdam.de\/en\/shop\/zukuenfte-technischer-bildung\/\",\"name\":\"Zuk\u00fcnfte Technischer Bildung - Universit\u00e4tsverlag Potsdam\",\"isPartOf\":{\"@id\":\"https:\/\/shop.verlag.uni-potsdam.de\/en\/#website\"},\"primaryImageOfPage\":{\"@id\":\"https:\/\/shop.verlag.uni-potsdam.de\/en\/shop\/zukuenfte-technischer-bildung\/#primaryimage\"},\"image\":{\"@id\":\"https:\/\/shop.verlag.uni-potsdam.de\/shop\/zukuenfte-technischer-bildung\/#primaryimage\"},\"thumbnailUrl\":\"https:\/\/shop.verlag.uni-potsdam.de\/wp-content\/uploads\/asolmerce\/image-u1_dgtb_26.jpg\",\"datePublished\":\"2026-03-23T08:56:02+00:00\",\"dateModified\":\"2026-03-23T10:57:02+00:00\",\"breadcrumb\":{\"@id\":\"https:\/\/shop.verlag.uni-potsdam.de\/en\/shop\/zukuenfte-technischer-bildung\/#breadcrumb\"},\"inLanguage\":\"en-US\",\"potentialAction\":[{\"@type\":\"ReadAction\",\"target\":[[\"https:\/\/shop.verlag.uni-potsdam.de\/en\/shop\/zukuenfte-technischer-bildung\/\"]]}]},{\"@type\":\"ImageObject\",\"inLanguage\":\"en-US\",\"@id\":\"https:\/\/shop.verlag.uni-potsdam.de\/en\/shop\/zukuenfte-technischer-bildung\/#primaryimage\",\"url\":\"https:\/\/shop.verlag.uni-potsdam.de\/wp-content\/uploads\/asolmerce\/image-u1_dgtb_26.jpg\",\"contentUrl\":\"https:\/\/shop.verlag.uni-potsdam.de\/wp-content\/uploads\/asolmerce\/image-u1_dgtb_26.jpg\",\"width\":1166,\"height\":1654},{\"@type\":\"BreadcrumbList\",\"@id\":\"https:\/\/shop.verlag.uni-potsdam.de\/en\/shop\/zukuenfte-technischer-bildung\/#breadcrumb\",\"itemListElement\":[{\"@type\":\"ListItem\",\"position\":1,\"name\":\"Startseite\",\"item\":\"https:\/\/shop.verlag.uni-potsdam.de\/en\/\"},{\"@type\":\"ListItem\",\"position\":2,\"name\":\"Shop\",\"item\":\"https:\/\/shop.verlag.uni-potsdam.de\/en\/shop\/\"},{\"@type\":\"ListItem\",\"position\":3,\"name\":\"Zuk\u00fcnfte Technischer Bildung\"}]},{\"@type\":\"WebSite\",\"@id\":\"https:\/\/shop.verlag.uni-potsdam.de\/en\/#website\",\"url\":\"https:\/\/shop.verlag.uni-potsdam.de\/en\/\",\"name\":\"Universit\u00e4tsverlag Potsdam\",\"description\":\"\",\"publisher\":{\"@id\":\"https:\/\/shop.verlag.uni-potsdam.de\/en\/#organization\"},\"potentialAction\":[{\"@type\":\"SearchAction\",\"target\":{\"@type\":\"EntryPoint\",\"urlTemplate\":\"https:\/\/shop.verlag.uni-potsdam.de\/en\/?s={search_term_string}\"},\"query-input\":{\"@type\":\"PropertyValueSpecification\",\"valueRequired\":true,\"valueName\":\"search_term_string\"}}],\"inLanguage\":\"en-US\"},{\"@type\":\"Organization\",\"@id\":\"https:\/\/shop.verlag.uni-potsdam.de\/en\/#organization\",\"name\":\"Universit\u00e4tsverlag Potsdam\",\"url\":\"https:\/\/shop.verlag.uni-potsdam.de\/en\/\",\"logo\":{\"@type\":\"ImageObject\",\"inLanguage\":\"en-US\",\"@id\":\"https:\/\/shop.verlag.uni-potsdam.de\/en\/#\/schema\/logo\/image\/\",\"url\":\"https:\/\/shop.verlag.uni-potsdam.de\/wp-content\/uploads\/2017\/04\/up_logo_university_2.png\",\"contentUrl\":\"https:\/\/shop.verlag.uni-potsdam.de\/wp-content\/uploads\/2017\/04\/up_logo_university_2.png\",\"width\":160,\"height\":172,\"caption\":\"Universit\u00e4tsverlag Potsdam\"},\"image\":{\"@id\":\"https:\/\/shop.verlag.uni-potsdam.de\/en\/#\/schema\/logo\/image\/\"}}]}<\/script>\n<!-- \/ Yoast SEO plugin. -->","yoast_head_json":{"title":"Zuk\u00fcnfte Technischer Bildung - Universit\u00e4tsverlag Potsdam","robots":{"index":"index","follow":"follow","max-snippet":"max-snippet:-1","max-image-preview":"max-image-preview:large","max-video-preview":"max-video-preview:-1"},"canonical":"https:\/\/shop.verlag.uni-potsdam.de\/en\/shop\/zukuenfte-technischer-bildung\/","og_locale":"en_US","og_type":"article","og_title":"Zuk\u00fcnfte Technischer Bildung - Universit\u00e4tsverlag Potsdam","og_description":"Allgemeine Technische Bildung steht im Spannungsfeld gesellschaftlicher Transformationen und digitaler Entwicklungen. Der Tagungsband zur Jahrestagung der Deutschen Gesellschaft f\u00fcr Technische Bildung (DGTB) unter dem Titel \u201eZuk\u00fcnfte technischer Bildung\u201c versammelt eine Vielzahl an Beitr\u00e4gen, die aktuelle Diskurse und Forschungsperspektiven der Technikdidaktik aufgreifen.Ein erster thematischer Schwerpunkt liegt auf der Rolle der Digitalisierung. Aus internationaler Perspektive wird die Entwicklung Allgemeiner Technischer Bildung in Schweden von traditionellen Werkformen hin zu curricular verankerten digitalen Inhalten beleuchtet. In zahlreichen Beitr\u00e4gen werden Herausforderungen, Chancen und didaktische Modelle digitaler Technikvermittlung diskutiert \u2013 etwa durch den Einsatz generativer KI, durch strukturierende didaktische Ans\u00e4tze zur Digitalisierung oder \u00dcberlegungen nach curricularer Integration von Data Literacy und maschinellem Lernen. Dar\u00fcber hinaus werden institutionelle Kooperationsformate zur F\u00f6rderung digitaler Kompetenzen angehender Lehrkr\u00e4fte sowie Fortbildungskonzepte f\u00fcr den \u00dcbergang von der Grundschule in die Sekundarstufe I vorgestellt.Ein zweiter Fokus liegt auf der Integration von Making und Kreativit\u00e4t in die technische Bildung. Der Band diskutiert theoretische Konzepte der Maker Education ebenso wie Aufgabenformaten und Kompetenzentwicklungen. Dabei werden sowohl Potenziale wie Motivation und Selbstreflexion als auch Herausforderungen, etwa im Bereich der Technikfolgenabsch\u00e4tzung, thematisiert. Auch die au\u00dferschulische Perspektive auf Makerspaces als Lernorte findet Ber\u00fccksichtigung, insbesondere hinsichtlich struktureller Kooperationsh\u00fcrden mit Schulen.Ein drittes Themenfeld widmet sich der Unterrichtspraxis, der Interdisziplinarit\u00e4t und der Inklusion. Der Band enth\u00e4lt Beitr\u00e4ge zur technischen Bildung im sonderp\u00e4dagogischen Kontext, zur Rekonstruktion historischer Unterrichtskonzepte sowie zur Verbindung analoger und digitaler Lernformen im Sachunterricht. Exemplarische Unterrichtsbeispiele, etwa zu methodischen Reihen oder zur technischen Analyse zweifelhafter Produkte, verdeutlichen, wie mehrperspektivisches Technikverstehen und probleml\u00f6sendes Lernen gef\u00f6rdert werden k\u00f6nnen. Auch Fragen der Professionalisierung von Lehrpersonen die der Allgemeinen Technischen Bildung, insbesondere auch im Spannungsfeld von Theorie und Praxis, werden behandelt.Weitere Beitr\u00e4ge richten den Blick auf zuk\u00fcnftige Lehrkr\u00e4ftebedarfe, neue Zielgruppen f\u00fcr die Lehrkr\u00e4ftebildung sowie auf \u00fcbergeordnete Fragen wie internationale Vergleichsperspektiven und die kritische Reflexion von k\u00fcnstlicher Intelligenz im Bildungsbereich.Der Tagungsband zeigt: Die Zukunft technischer Bildung ist vielf\u00e4ltig, dynamisch und von zahlreichen Forschungsfragen gepr\u00e4gt. Die interdisziplin\u00e4re Anlage der Beitr\u00e4ge unterstreicht die Bedeutung Allgemeiner Technischer Bildung im Kontext tiefgreifender gesellschaftlicher Umbr\u00fcche.","og_url":"https:\/\/shop.verlag.uni-potsdam.de\/en\/shop\/zukuenfte-technischer-bildung\/","og_site_name":"Universit\u00e4tsverlag Potsdam","article_modified_time":"2026-03-23T10:57:02+00:00","og_image":[{"width":1166,"height":1654,"url":"https:\/\/shop.verlag.uni-potsdam.de\/wp-content\/uploads\/asolmerce\/image-u1_dgtb_26.jpg","type":"image\/jpeg"}],"twitter_card":"summary_large_image","twitter_misc":{"Est. reading time":"2 minutes"},"schema":{"@context":"https:\/\/schema.org","@graph":[{"@type":"WebPage","@id":"https:\/\/shop.verlag.uni-potsdam.de\/en\/shop\/zukuenfte-technischer-bildung\/","url":"https:\/\/shop.verlag.uni-potsdam.de\/en\/shop\/zukuenfte-technischer-bildung\/","name":"Zuk\u00fcnfte Technischer Bildung - Universit\u00e4tsverlag Potsdam","isPartOf":{"@id":"https:\/\/shop.verlag.uni-potsdam.de\/en\/#website"},"primaryImageOfPage":{"@id":"https:\/\/shop.verlag.uni-potsdam.de\/en\/shop\/zukuenfte-technischer-bildung\/#primaryimage"},"image":{"@id":"https:\/\/shop.verlag.uni-potsdam.de\/shop\/zukuenfte-technischer-bildung\/#primaryimage"},"thumbnailUrl":"https:\/\/shop.verlag.uni-potsdam.de\/wp-content\/uploads\/asolmerce\/image-u1_dgtb_26.jpg","datePublished":"2026-03-23T08:56:02+00:00","dateModified":"2026-03-23T10:57:02+00:00","breadcrumb":{"@id":"https:\/\/shop.verlag.uni-potsdam.de\/en\/shop\/zukuenfte-technischer-bildung\/#breadcrumb"},"inLanguage":"en-US","potentialAction":[{"@type":"ReadAction","target":[["https:\/\/shop.verlag.uni-potsdam.de\/en\/shop\/zukuenfte-technischer-bildung\/"]]}]},{"@type":"ImageObject","inLanguage":"en-US","@id":"https:\/\/shop.verlag.uni-potsdam.de\/en\/shop\/zukuenfte-technischer-bildung\/#primaryimage","url":"https:\/\/shop.verlag.uni-potsdam.de\/wp-content\/uploads\/asolmerce\/image-u1_dgtb_26.jpg","contentUrl":"https:\/\/shop.verlag.uni-potsdam.de\/wp-content\/uploads\/asolmerce\/image-u1_dgtb_26.jpg","width":1166,"height":1654},{"@type":"BreadcrumbList","@id":"https:\/\/shop.verlag.uni-potsdam.de\/en\/shop\/zukuenfte-technischer-bildung\/#breadcrumb","itemListElement":[{"@type":"ListItem","position":1,"name":"Startseite","item":"https:\/\/shop.verlag.uni-potsdam.de\/en\/"},{"@type":"ListItem","position":2,"name":"Shop","item":"https:\/\/shop.verlag.uni-potsdam.de\/en\/shop\/"},{"@type":"ListItem","position":3,"name":"Zuk\u00fcnfte Technischer Bildung"}]},{"@type":"WebSite","@id":"https:\/\/shop.verlag.uni-potsdam.de\/en\/#website","url":"https:\/\/shop.verlag.uni-potsdam.de\/en\/","name":"Universit\u00e4tsverlag Potsdam","description":"","publisher":{"@id":"https:\/\/shop.verlag.uni-potsdam.de\/en\/#organization"},"potentialAction":[{"@type":"SearchAction","target":{"@type":"EntryPoint","urlTemplate":"https:\/\/shop.verlag.uni-potsdam.de\/en\/?s={search_term_string}"},"query-input":{"@type":"PropertyValueSpecification","valueRequired":true,"valueName":"search_term_string"}}],"inLanguage":"en-US"},{"@type":"Organization","@id":"https:\/\/shop.verlag.uni-potsdam.de\/en\/#organization","name":"Universit\u00e4tsverlag Potsdam","url":"https:\/\/shop.verlag.uni-potsdam.de\/en\/","logo":{"@type":"ImageObject","inLanguage":"en-US","@id":"https:\/\/shop.verlag.uni-potsdam.de\/en\/#\/schema\/logo\/image\/","url":"https:\/\/shop.verlag.uni-potsdam.de\/wp-content\/uploads\/2017\/04\/up_logo_university_2.png","contentUrl":"https:\/\/shop.verlag.uni-potsdam.de\/wp-content\/uploads\/2017\/04\/up_logo_university_2.png","width":160,"height":172,"caption":"Universit\u00e4tsverlag Potsdam"},"image":{"@id":"https:\/\/shop.verlag.uni-potsdam.de\/en\/#\/schema\/logo\/image\/"}}]}},"_links":{"self":[{"href":"https:\/\/shop.verlag.uni-potsdam.de\/en\/wp-json\/wp\/v2\/product\/96470","targetHints":{"allow":["GET"]}}],"collection":[{"href":"https:\/\/shop.verlag.uni-potsdam.de\/en\/wp-json\/wp\/v2\/product"}],"about":[{"href":"https:\/\/shop.verlag.uni-potsdam.de\/en\/wp-json\/wp\/v2\/types\/product"}],"wp:featuredmedia":[{"embeddable":true,"href":"https:\/\/shop.verlag.uni-potsdam.de\/en\/wp-json\/wp\/v2\/media\/96496"}],"wp:attachment":[{"href":"https:\/\/shop.verlag.uni-potsdam.de\/en\/wp-json\/wp\/v2\/media?parent=96470"}],"wp:term":[{"taxonomy":"product_brand","embeddable":true,"href":"https:\/\/shop.verlag.uni-potsdam.de\/en\/wp-json\/wp\/v2\/product_brand?post=96470"},{"taxonomy":"product_cat","embeddable":true,"href":"https:\/\/shop.verlag.uni-potsdam.de\/en\/wp-json\/wp\/v2\/product_cat?post=96470"},{"taxonomy":"product_tag","embeddable":true,"href":"https:\/\/shop.verlag.uni-potsdam.de\/en\/wp-json\/wp\/v2\/product_tag?post=96470"}],"curies":[{"name":"wp","href":"https:\/\/api.w.org\/{rel}","templated":true}]}}