{"id":96488,"date":"2026-04-27T05:36:22","date_gmt":"2026-04-27T05:36:22","guid":{"rendered":"https:\/\/shop.verlag.uni-potsdam.de\/shop\/empty-product-container-25\/"},"modified":"2026-04-27T09:37:22","modified_gmt":"2026-04-27T07:37:22","slug":"regionale-und-kommunale-zusammenarbeit-im-deutsch-polnischen-grenzraum","status":"publish","type":"product","link":"https:\/\/shop.verlag.uni-potsdam.de\/en\/shop\/regionale-und-kommunale-zusammenarbeit-im-deutsch-polnischen-grenzraum\/","title":{"rendered":"Regionale und kommunale Zusammenarbeit im deutsch-polnischen Grenzraum"},"content":{"rendered":"<p class=\"qtranxs-available-languages-message qtranxs-available-languages-message-en\">Sorry, this entry is only available in <a href=\"https:\/\/shop.verlag.uni-potsdam.de\/de\/wp-json\/wp\/v2\/product\/96488\" class=\"qtranxs-available-language-link qtranxs-available-language-link-de\" title=\"Deutsch\">Deutsch<\/a>.<\/p><p>Die deutsch-polnische grenz\u00fcberschreitende Kooperation von Regionen und Kommunen hat in den letzten Jahrzehnten viele Ver\u00e4nderungen und Umbr\u00fcche erfahren. Neben zunehmenden Verflechtungen und grenz\u00fcberschreitend-europ\u00e4ischen Kooperationsbem\u00fchungen von territorialen Gebietsk\u00f6rperschaften sind gleichzeitig verst\u00e4rkte nationale Grenzziehungsprozesse entlang der Oder-Nei\u00dfe-Grenze zu beobachten. Der Projektband versammelt Beitr\u00e4ge aus dem Forschungsverbund \u201eLinking Borderlands\u201c. Aus der Perspektive der Politik- und Verwaltungswissenschaft auf der einen Seite und der Raumplanung und -entwicklung auf der anderen Seite werden aktuelle Dynamiken und Herausforderungen der subnationalen Kooperation zwischen Deutschland und Polen am Beispiel der grenz\u00fcberschreitenden Region Brandenburg-Lubuskie beleuchtet.<\/p>","protected":false},"excerpt":{"rendered":"<p class=\"qtranxs-available-languages-message qtranxs-available-languages-message-en\">Sorry, this entry is only available in <a href=\"https:\/\/shop.verlag.uni-potsdam.de\/de\/wp-json\/wp\/v2\/product\/96488\" class=\"qtranxs-available-language-link qtranxs-available-language-link-de\" title=\"Deutsch\">Deutsch<\/a>.<\/p>\n<p>Die deutsch-polnische grenz\u00fcberschreitende Kooperation von Regionen und Kommunen hat in den letzten Jahrzehnten viele Ver\u00e4nderungen und Umbr\u00fcche erfahren. Neben zunehmenden Verflechtungen und grenz\u00fcberschreitend-europ\u00e4ischen Kooperationsbem\u00fchungen von territorialen Gebietsk\u00f6rperschaften sind gleichzeitig verst\u00e4rkte nationale Grenzziehungsprozesse entlang der Oder-Nei\u00dfe-Grenze zu beobachten. Der Projektband versammelt Beitr\u00e4ge aus dem Forschungsverbund \u201eLinking Borderlands\u201c. Aus der Perspektive der Politik- und Verwaltungswissenschaft auf der einen Seite und der Raumplanung und -entwicklung auf der anderen Seite werden aktuelle Dynamiken und Herausforderungen der subnationalen Kooperation zwischen Deutschland und Polen am Beispiel der grenz\u00fcberschreitenden Region Brandenburg-Lubuskie beleuchtet.<\/p>\n","protected":false},"featured_media":96503,"template":"","meta":{"_acf_changed":false},"product_brand":[],"product_cat":[6223],"product_tag":[7303],"class_list":{"0":"post-96488","1":"product","2":"type-product","3":"status-publish","4":"has-post-thumbnail","6":"product_cat-politikwissenschaft-web-kategorie","7":"product_tag-grenzregion-polen-grenzueberschreitende-kooperation-kommunale-zusammenarbeit-regionale-zusammenarbeit","8":"autor-annja-hennig","9":"autor-dagna-zinkhahn-rhobodes","10":"autor-joachim-beck","11":"autor-jochen-franzke","12":"autor-kirsten-mangels","13":"autor-martin-reents","14":"autor-moritz-filter","15":"autor-nino-pfundstein","16":"autor-peter-ulrich","17":"autor-sara-bonin","19":"first","20":"instock","21":"shipping-taxable","22":"purchasable","23":"product-type-simple"},"acf":[],"yoast_head":"<!-- This site is optimized with the Yoast SEO plugin v27.1.1 - https:\/\/yoast.com\/product\/yoast-seo-wordpress\/ -->\n<title>Regionale und kommunale Zusammenarbeit im deutsch-polnischen Grenzraum - Universit\u00e4tsverlag Potsdam<\/title>\n<meta name=\"robots\" content=\"index, follow, max-snippet:-1, max-image-preview:large, max-video-preview:-1\" \/>\n<link rel=\"canonical\" href=\"https:\/\/shop.verlag.uni-potsdam.de\/en\/shop\/regionale-und-kommunale-zusammenarbeit-im-deutsch-polnischen-grenzraum\/\" \/>\n<meta property=\"og:locale\" content=\"en_US\" \/>\n<meta property=\"og:type\" content=\"article\" \/>\n<meta property=\"og:title\" content=\"Regionale und kommunale Zusammenarbeit im deutsch-polnischen Grenzraum - Universit\u00e4tsverlag Potsdam\" \/>\n<meta property=\"og:description\" content=\"Die deutsch-polnische grenz\u00fcberschreitende Kooperation von Regionen und Kommunen hat in den letzten Jahrzehnten viele Ver\u00e4nderungen und Umbr\u00fcche erfahren. Neben zunehmenden Verflechtungen und grenz\u00fcberschreitend-europ\u00e4ischen Kooperationsbem\u00fchungen von territorialen Gebietsk\u00f6rperschaften sind gleichzeitig verst\u00e4rkte nationale Grenzziehungsprozesse entlang der Oder-Nei\u00dfe-Grenze zu beobachten. Der Projektband versammelt Beitr\u00e4ge aus dem Forschungsverbund \u201eLinking Borderlands\u201c. Aus der Perspektive der Politik- und Verwaltungswissenschaft auf der einen Seite und der Raumplanung und -entwicklung auf der anderen Seite werden aktuelle Dynamiken und Herausforderungen der subnationalen Kooperation zwischen Deutschland und Polen am Beispiel der grenz\u00fcberschreitenden Region Brandenburg-Lubuskie beleuchtet.\" \/>\n<meta property=\"og:url\" content=\"https:\/\/shop.verlag.uni-potsdam.de\/en\/shop\/regionale-und-kommunale-zusammenarbeit-im-deutsch-polnischen-grenzraum\/\" \/>\n<meta property=\"og:site_name\" content=\"Universit\u00e4tsverlag Potsdam\" \/>\n<meta property=\"article:modified_time\" content=\"2026-04-27T07:37:22+00:00\" \/>\n<meta property=\"og:image\" content=\"https:\/\/shop.verlag.uni-potsdam.de\/wp-content\/uploads\/asolmerce\/image-978-3-86956-599-6.png\" \/>\n\t<meta property=\"og:image:width\" content=\"1339\" \/>\n\t<meta property=\"og:image:height\" content=\"1890\" \/>\n\t<meta property=\"og:image:type\" content=\"image\/png\" \/>\n<meta name=\"twitter:card\" content=\"summary_large_image\" \/>\n<script type=\"application\/ld+json\" class=\"yoast-schema-graph\">{\"@context\":\"https:\/\/schema.org\",\"@graph\":[{\"@type\":\"WebPage\",\"@id\":\"https:\/\/shop.verlag.uni-potsdam.de\/en\/shop\/regionale-und-kommunale-zusammenarbeit-im-deutsch-polnischen-grenzraum\/\",\"url\":\"https:\/\/shop.verlag.uni-potsdam.de\/en\/shop\/regionale-und-kommunale-zusammenarbeit-im-deutsch-polnischen-grenzraum\/\",\"name\":\"Regionale und kommunale Zusammenarbeit im deutsch-polnischen Grenzraum - Universit\u00e4tsverlag Potsdam\",\"isPartOf\":{\"@id\":\"https:\/\/shop.verlag.uni-potsdam.de\/en\/#website\"},\"primaryImageOfPage\":{\"@id\":\"https:\/\/shop.verlag.uni-potsdam.de\/en\/shop\/regionale-und-kommunale-zusammenarbeit-im-deutsch-polnischen-grenzraum\/#primaryimage\"},\"image\":{\"@id\":\"https:\/\/shop.verlag.uni-potsdam.de\/shop\/regionale-und-kommunale-zusammenarbeit-im-deutsch-polnischen-grenzraum\/#primaryimage\"},\"thumbnailUrl\":\"https:\/\/shop.verlag.uni-potsdam.de\/wp-content\/uploads\/asolmerce\/image-978-3-86956-599-6.png\",\"datePublished\":\"2026-04-27T05:36:22+00:00\",\"dateModified\":\"2026-04-27T07:37:22+00:00\",\"breadcrumb\":{\"@id\":\"https:\/\/shop.verlag.uni-potsdam.de\/en\/shop\/regionale-und-kommunale-zusammenarbeit-im-deutsch-polnischen-grenzraum\/#breadcrumb\"},\"inLanguage\":\"en-US\",\"potentialAction\":[{\"@type\":\"ReadAction\",\"target\":[[\"https:\/\/shop.verlag.uni-potsdam.de\/en\/shop\/regionale-und-kommunale-zusammenarbeit-im-deutsch-polnischen-grenzraum\/\"]]}]},{\"@type\":\"ImageObject\",\"inLanguage\":\"en-US\",\"@id\":\"https:\/\/shop.verlag.uni-potsdam.de\/en\/shop\/regionale-und-kommunale-zusammenarbeit-im-deutsch-polnischen-grenzraum\/#primaryimage\",\"url\":\"https:\/\/shop.verlag.uni-potsdam.de\/wp-content\/uploads\/asolmerce\/image-978-3-86956-599-6.png\",\"contentUrl\":\"https:\/\/shop.verlag.uni-potsdam.de\/wp-content\/uploads\/asolmerce\/image-978-3-86956-599-6.png\",\"width\":1339,\"height\":1890},{\"@type\":\"BreadcrumbList\",\"@id\":\"https:\/\/shop.verlag.uni-potsdam.de\/en\/shop\/regionale-und-kommunale-zusammenarbeit-im-deutsch-polnischen-grenzraum\/#breadcrumb\",\"itemListElement\":[{\"@type\":\"ListItem\",\"position\":1,\"name\":\"Startseite\",\"item\":\"https:\/\/shop.verlag.uni-potsdam.de\/en\/\"},{\"@type\":\"ListItem\",\"position\":2,\"name\":\"Shop\",\"item\":\"https:\/\/shop.verlag.uni-potsdam.de\/en\/shop\/\"},{\"@type\":\"ListItem\",\"position\":3,\"name\":\"Regionale und kommunale Zusammenarbeit im deutsch-polnischen Grenzraum\"}]},{\"@type\":\"WebSite\",\"@id\":\"https:\/\/shop.verlag.uni-potsdam.de\/en\/#website\",\"url\":\"https:\/\/shop.verlag.uni-potsdam.de\/en\/\",\"name\":\"Universit\u00e4tsverlag Potsdam\",\"description\":\"\",\"publisher\":{\"@id\":\"https:\/\/shop.verlag.uni-potsdam.de\/en\/#organization\"},\"potentialAction\":[{\"@type\":\"SearchAction\",\"target\":{\"@type\":\"EntryPoint\",\"urlTemplate\":\"https:\/\/shop.verlag.uni-potsdam.de\/en\/?s={search_term_string}\"},\"query-input\":{\"@type\":\"PropertyValueSpecification\",\"valueRequired\":true,\"valueName\":\"search_term_string\"}}],\"inLanguage\":\"en-US\"},{\"@type\":\"Organization\",\"@id\":\"https:\/\/shop.verlag.uni-potsdam.de\/en\/#organization\",\"name\":\"Universit\u00e4tsverlag Potsdam\",\"url\":\"https:\/\/shop.verlag.uni-potsdam.de\/en\/\",\"logo\":{\"@type\":\"ImageObject\",\"inLanguage\":\"en-US\",\"@id\":\"https:\/\/shop.verlag.uni-potsdam.de\/en\/#\/schema\/logo\/image\/\",\"url\":\"https:\/\/shop.verlag.uni-potsdam.de\/wp-content\/uploads\/2017\/04\/up_logo_university_2.png\",\"contentUrl\":\"https:\/\/shop.verlag.uni-potsdam.de\/wp-content\/uploads\/2017\/04\/up_logo_university_2.png\",\"width\":160,\"height\":172,\"caption\":\"Universit\u00e4tsverlag Potsdam\"},\"image\":{\"@id\":\"https:\/\/shop.verlag.uni-potsdam.de\/en\/#\/schema\/logo\/image\/\"}}]}<\/script>\n<!-- \/ Yoast SEO plugin. -->","yoast_head_json":{"title":"Regionale und kommunale Zusammenarbeit im deutsch-polnischen Grenzraum - Universit\u00e4tsverlag Potsdam","robots":{"index":"index","follow":"follow","max-snippet":"max-snippet:-1","max-image-preview":"max-image-preview:large","max-video-preview":"max-video-preview:-1"},"canonical":"https:\/\/shop.verlag.uni-potsdam.de\/en\/shop\/regionale-und-kommunale-zusammenarbeit-im-deutsch-polnischen-grenzraum\/","og_locale":"en_US","og_type":"article","og_title":"Regionale und kommunale Zusammenarbeit im deutsch-polnischen Grenzraum - Universit\u00e4tsverlag Potsdam","og_description":"Die deutsch-polnische grenz\u00fcberschreitende Kooperation von Regionen und Kommunen hat in den letzten Jahrzehnten viele Ver\u00e4nderungen und Umbr\u00fcche erfahren. Neben zunehmenden Verflechtungen und grenz\u00fcberschreitend-europ\u00e4ischen Kooperationsbem\u00fchungen von territorialen Gebietsk\u00f6rperschaften sind gleichzeitig verst\u00e4rkte nationale Grenzziehungsprozesse entlang der Oder-Nei\u00dfe-Grenze zu beobachten. Der Projektband versammelt Beitr\u00e4ge aus dem Forschungsverbund \u201eLinking Borderlands\u201c. Aus der Perspektive der Politik- und Verwaltungswissenschaft auf der einen Seite und der Raumplanung und -entwicklung auf der anderen Seite werden aktuelle Dynamiken und Herausforderungen der subnationalen Kooperation zwischen Deutschland und Polen am Beispiel der grenz\u00fcberschreitenden Region Brandenburg-Lubuskie beleuchtet.","og_url":"https:\/\/shop.verlag.uni-potsdam.de\/en\/shop\/regionale-und-kommunale-zusammenarbeit-im-deutsch-polnischen-grenzraum\/","og_site_name":"Universit\u00e4tsverlag Potsdam","article_modified_time":"2026-04-27T07:37:22+00:00","og_image":[{"width":1339,"height":1890,"url":"https:\/\/shop.verlag.uni-potsdam.de\/wp-content\/uploads\/asolmerce\/image-978-3-86956-599-6.png","type":"image\/png"}],"twitter_card":"summary_large_image","schema":{"@context":"https:\/\/schema.org","@graph":[{"@type":"WebPage","@id":"https:\/\/shop.verlag.uni-potsdam.de\/en\/shop\/regionale-und-kommunale-zusammenarbeit-im-deutsch-polnischen-grenzraum\/","url":"https:\/\/shop.verlag.uni-potsdam.de\/en\/shop\/regionale-und-kommunale-zusammenarbeit-im-deutsch-polnischen-grenzraum\/","name":"Regionale und kommunale Zusammenarbeit im deutsch-polnischen Grenzraum - Universit\u00e4tsverlag Potsdam","isPartOf":{"@id":"https:\/\/shop.verlag.uni-potsdam.de\/en\/#website"},"primaryImageOfPage":{"@id":"https:\/\/shop.verlag.uni-potsdam.de\/en\/shop\/regionale-und-kommunale-zusammenarbeit-im-deutsch-polnischen-grenzraum\/#primaryimage"},"image":{"@id":"https:\/\/shop.verlag.uni-potsdam.de\/shop\/regionale-und-kommunale-zusammenarbeit-im-deutsch-polnischen-grenzraum\/#primaryimage"},"thumbnailUrl":"https:\/\/shop.verlag.uni-potsdam.de\/wp-content\/uploads\/asolmerce\/image-978-3-86956-599-6.png","datePublished":"2026-04-27T05:36:22+00:00","dateModified":"2026-04-27T07:37:22+00:00","breadcrumb":{"@id":"https:\/\/shop.verlag.uni-potsdam.de\/en\/shop\/regionale-und-kommunale-zusammenarbeit-im-deutsch-polnischen-grenzraum\/#breadcrumb"},"inLanguage":"en-US","potentialAction":[{"@type":"ReadAction","target":[["https:\/\/shop.verlag.uni-potsdam.de\/en\/shop\/regionale-und-kommunale-zusammenarbeit-im-deutsch-polnischen-grenzraum\/"]]}]},{"@type":"ImageObject","inLanguage":"en-US","@id":"https:\/\/shop.verlag.uni-potsdam.de\/en\/shop\/regionale-und-kommunale-zusammenarbeit-im-deutsch-polnischen-grenzraum\/#primaryimage","url":"https:\/\/shop.verlag.uni-potsdam.de\/wp-content\/uploads\/asolmerce\/image-978-3-86956-599-6.png","contentUrl":"https:\/\/shop.verlag.uni-potsdam.de\/wp-content\/uploads\/asolmerce\/image-978-3-86956-599-6.png","width":1339,"height":1890},{"@type":"BreadcrumbList","@id":"https:\/\/shop.verlag.uni-potsdam.de\/en\/shop\/regionale-und-kommunale-zusammenarbeit-im-deutsch-polnischen-grenzraum\/#breadcrumb","itemListElement":[{"@type":"ListItem","position":1,"name":"Startseite","item":"https:\/\/shop.verlag.uni-potsdam.de\/en\/"},{"@type":"ListItem","position":2,"name":"Shop","item":"https:\/\/shop.verlag.uni-potsdam.de\/en\/shop\/"},{"@type":"ListItem","position":3,"name":"Regionale und kommunale Zusammenarbeit im deutsch-polnischen Grenzraum"}]},{"@type":"WebSite","@id":"https:\/\/shop.verlag.uni-potsdam.de\/en\/#website","url":"https:\/\/shop.verlag.uni-potsdam.de\/en\/","name":"Universit\u00e4tsverlag Potsdam","description":"","publisher":{"@id":"https:\/\/shop.verlag.uni-potsdam.de\/en\/#organization"},"potentialAction":[{"@type":"SearchAction","target":{"@type":"EntryPoint","urlTemplate":"https:\/\/shop.verlag.uni-potsdam.de\/en\/?s={search_term_string}"},"query-input":{"@type":"PropertyValueSpecification","valueRequired":true,"valueName":"search_term_string"}}],"inLanguage":"en-US"},{"@type":"Organization","@id":"https:\/\/shop.verlag.uni-potsdam.de\/en\/#organization","name":"Universit\u00e4tsverlag Potsdam","url":"https:\/\/shop.verlag.uni-potsdam.de\/en\/","logo":{"@type":"ImageObject","inLanguage":"en-US","@id":"https:\/\/shop.verlag.uni-potsdam.de\/en\/#\/schema\/logo\/image\/","url":"https:\/\/shop.verlag.uni-potsdam.de\/wp-content\/uploads\/2017\/04\/up_logo_university_2.png","contentUrl":"https:\/\/shop.verlag.uni-potsdam.de\/wp-content\/uploads\/2017\/04\/up_logo_university_2.png","width":160,"height":172,"caption":"Universit\u00e4tsverlag Potsdam"},"image":{"@id":"https:\/\/shop.verlag.uni-potsdam.de\/en\/#\/schema\/logo\/image\/"}}]}},"_links":{"self":[{"href":"https:\/\/shop.verlag.uni-potsdam.de\/en\/wp-json\/wp\/v2\/product\/96488","targetHints":{"allow":["GET"]}}],"collection":[{"href":"https:\/\/shop.verlag.uni-potsdam.de\/en\/wp-json\/wp\/v2\/product"}],"about":[{"href":"https:\/\/shop.verlag.uni-potsdam.de\/en\/wp-json\/wp\/v2\/types\/product"}],"wp:featuredmedia":[{"embeddable":true,"href":"https:\/\/shop.verlag.uni-potsdam.de\/en\/wp-json\/wp\/v2\/media\/96503"}],"wp:attachment":[{"href":"https:\/\/shop.verlag.uni-potsdam.de\/en\/wp-json\/wp\/v2\/media?parent=96488"}],"wp:term":[{"taxonomy":"product_brand","embeddable":true,"href":"https:\/\/shop.verlag.uni-potsdam.de\/en\/wp-json\/wp\/v2\/product_brand?post=96488"},{"taxonomy":"product_cat","embeddable":true,"href":"https:\/\/shop.verlag.uni-potsdam.de\/en\/wp-json\/wp\/v2\/product_cat?post=96488"},{"taxonomy":"product_tag","embeddable":true,"href":"https:\/\/shop.verlag.uni-potsdam.de\/en\/wp-json\/wp\/v2\/product_tag?post=96488"}],"curies":[{"name":"wp","href":"https:\/\/api.w.org\/{rel}","templated":true}]}}